{"id":8641,"date":"2023-04-28T18:22:01","date_gmt":"2023-04-28T18:22:01","guid":{"rendered":"https:\/\/yourcampusad.com\/?page_id=8641"},"modified":"2024-02-25T14:31:23","modified_gmt":"2024-02-25T14:31:23","slug":"information-for-student-organizations","status":"publish","type":"page","link":"https:\/\/yourcampusad.com\/sv\/information-for-student-organizations\/","title":{"rendered":"Information till studentorganisationer"},"content":{"rendered":"<h1 class=\"wp-block-heading\">&#8212; <strong>Varf\u00f6r anv\u00e4nda Yourcampusad?<\/strong> <\/h1>\n\n\n<h4><strong><span style=\"color: #0000ff;\">1.<\/span> Du kan skapa en marknad f\u00f6r ditt campus p\u00e5 n\u00e5gra sekunder. Du kan till exempel skapa en Bostadsmarknad. Och studenter kan s\u00e4tta upp larm s\u00e5 att de aviseras via e-post n\u00e4r n\u00e5got listas p\u00e5 Bostadsmarknaden inom ett valt avst\u00e5nd fr\u00e5n ditt campus.<\/strong><\/h4>\n<h4><strong><span style=\"color: #0000ff;\">2.<\/span> Du kan till exempel skapa en &#034;bokmarknad&#034; f\u00f6r hela ditt campus och eller efter \u00e4mne som motsvarar en specifik skola\/fakultet, till exempel Business. Varje underavdelning av din studentorganisation kan p\u00e5 s\u00e5 s\u00e4tt skapa marknader som \u00e4r skr\u00e4ddarsydda f\u00f6r sina studenter. <span style=\"color: #000000;\">F\u00f6r att skapa s\u00e5dana underavdelningar, se &#034;Hur man skapar underavdelningsmarknader fr\u00e5n underkategorier&#034; l\u00e4ngst ner nedan.<\/span><\/strong><\/h4>\n<h4><strong><span style=\"color: #0000ff;\">3.<\/span> Samma b\u00f6cker anv\u00e4nds vanligtvis \u00e5r efter \u00e5r p\u00e5 ditt lokala campus. Ist\u00e4llet f\u00f6r att sl\u00e4ngas kan de f\u00f6ras vidare till nya studenter.\u00a0<\/strong><\/h4>\n<h4><strong><span style=\"color: #0000ff;\">4.<\/span> Yourcampusad \u00e4r internationell \u2013 utbytesstudenter och utl\u00e4ndska studenter vet direkt var de ska leta efter till exempel bost\u00e4der och annat som de beh\u00f6ver.\u00a0<\/strong><\/h4>\n<h4><strong><span style=\"color: #0000ff;\">5.<\/span> Det g\u00f6r det m\u00f6jligt f\u00f6r lokalsamh\u00e4llet att hyra ut bost\u00e4der till studenter, vilket \u00f6kar utbudet och d\u00e4rmed s\u00e4nker priserna (hyran).\u00a0<\/strong><\/h4>\n<h4><strong><span style=\"color: #0000ff;\">6.<\/span> M\u00f6bler \u00e4r till exempel besv\u00e4rliga att flytta \u00f6ver avst\u00e5nd, men med en lokal marknad (p\u00e5 ett campus) kan k\u00f6pare hitta s\u00e4ljare.\u00a0<\/strong><\/h4>\n<h4><strong><span style=\"color: #0000ff;\">7.<\/span> Det \u00e4r gratis.<\/strong><\/h4>\n<hr \/>\n<h4><span style=\"color: #0000ff;\"><em><strong>8. Framg\u00e5ngsrik implementering inneb\u00e4r att du har gjort n\u00e5got bra f\u00f6r studenterna \u2013 s\u00e4tt in p\u00e5 ditt CV. Ett imponerande CV best\u00e5r inte av utbildning eller befattningar du har haft \u2013 utan av saker du gjort eller \u00e5stadkommit.<\/strong><\/em><\/span><\/h4>\n\n\n<h1 class=\"wp-block-heading\"><em>Exempel:<\/em><\/h1>\n\n\n<p><strong>H\u00e4r finns den lokala marknaden f\u00f6r Uppsala universitet, Sverige, med alla kategorier och med en radie p\u00e5 10 km \u2013 som l\u00e4nk, som klickbar exempeltext och som klickbar exempelbild.&nbsp;<\/strong><\/p>\n\n\n<div class=\"wp-block-columns is-layout-flex wp-container-core-columns-is-layout-9d6595d7 wp-block-columns-is-layout-flex\">\n<div class=\"wp-block-column is-layout-flow wp-block-column-is-layout-flow\" style=\"flex-basis:33.33%\">\n<p style=\"text-align: right;\"><strong>Som l\u00e4nk:<\/strong>&nbsp;<\/p>\n<\/div>\n\n\n\n<div class=\"wp-block-column is-layout-flow wp-block-column-is-layout-flow\" style=\"flex-basis:66.66%\">\n<p style=\"text-align: left;\"><a href=\"https:\/\/yourcampusad.com\/sv\/search-results\/?ad_title=&amp;cat_id=&amp;location=Uppsala universitet, Uppsala, Sweden&amp;rd=10\">https:\/\/yourcampusad.com\/search-results\/?ad_title=&amp;cat_id=&amp;location=Uppsala+universitet%2C+Uppsala%2C+Sweden&amp;rd=10<\/a><\/p>\n\n\n\n<p><\/p>\n<\/div>\n<\/div>\n\n\n\n<div class=\"wp-block-columns is-layout-flex wp-container-core-columns-is-layout-9d6595d7 wp-block-columns-is-layout-flex\">\n<div class=\"wp-block-column is-layout-flow wp-block-column-is-layout-flow\" style=\"flex-basis:33.33%\">\n<p style=\"text-align: right;\"><strong>Denna l\u00e4nk kan kopplas till klickbar text:<\/strong><\/p>\n<\/div>\n\n\n\n<div class=\"wp-block-column is-layout-flow wp-block-column-is-layout-flow\" style=\"flex-basis:66.66%\">\n<p style=\"text-align: left;\"><a href=\"https:\/\/yourcampusad.com\/sv\/search-results\/?ad_title=&amp;cat_id=&amp;location=Uppsala universitet, Uppsala, Sweden&amp;rd=10\"><strong>V\u00e5r lokala marknad<\/strong><\/a><\/p>\n\n\n\n<p><\/p>\n<\/div>\n<\/div>\n\n\n\n<div class=\"wp-block-columns is-layout-flex wp-container-core-columns-is-layout-9d6595d7 wp-block-columns-is-layout-flex\">\n<div class=\"wp-block-column is-layout-flow wp-block-column-is-layout-flow\" style=\"flex-basis:33.33%\">\n<p style=\"text-align: right;\"><strong>Eller till valfri bild:<\/strong><\/p>\n<\/div>\n\n\n\n<div class=\"wp-block-column is-layout-flow wp-block-column-is-layout-flow\" style=\"flex-basis:66.66%\"><div class=\"wp-block-image\">\n<figure class=\"alignleft size-large is-resized\"><a href=\"https:\/\/yourcampusad.com\/sv\/search-results\/?ad_title=&amp;cat_id=&amp;location=Uppsala universitet, Uppsala, Sweden&amp;rd=10\" target=\"_blank\" rel=\"noopener noreferrer\"><img loading=\"lazy\" decoding=\"async\" width=\"294\" height=\"174\" src=\"https:\/\/yourcampusad.com\/wp-content\/uploads\/2023\/05\/market-sample-logo.png\" alt=\"\" class=\"wp-image-8900\" style=\"width:221px;height:131px\"\/><\/a><\/figure>\n<\/div><\/div>\n<\/div>\n\n\n\n<h1 class=\"wp-block-heading\">&#8212; <strong>S\u00e5 h\u00e4r skapar du en lokal marknad f\u00f6r ditt campus i tre steg:<\/strong><\/h1>\n\n\n<h4><strong><span style=\"color: #0000ff;\">Steg 1.<\/span> P\u00e5 startsidan yourcampusad.com, hitta ditt campus i platsf\u00e4ltet, v\u00e4lj kategorin av intresse (eller l\u00e4mna tomt f\u00f6r att inkludera alla kategorier) i f\u00e4ltet V\u00e4lj kategori. Och klicka p\u00e5 &#034;S\u00f6k&#034;. Se de r\u00f6da pilarna nedan.<\/strong><\/h4>\n\n<div class=\"wp-block-image\">\n<figure class=\"aligncenter size-large is-resized\"><img loading=\"lazy\" decoding=\"async\" width=\"787\" height=\"778\" src=\"https:\/\/yourcampusad.com\/wp-content\/uploads\/2023\/05\/search2.png\" alt=\"\" class=\"wp-image-8919\" style=\"width:397px;height:392px\" srcset=\"https:\/\/yourcampusad.com\/wp-content\/uploads\/2023\/05\/search2.png 787w, https:\/\/yourcampusad.com\/wp-content\/uploads\/2023\/05\/search2-300x297.png 300w, https:\/\/yourcampusad.com\/wp-content\/uploads\/2023\/05\/search2-768x759.png 768w, https:\/\/yourcampusad.com\/wp-content\/uploads\/2023\/05\/search2-80x80.png 80w, https:\/\/yourcampusad.com\/wp-content\/uploads\/2023\/05\/search2-50x50.png 50w, https:\/\/yourcampusad.com\/wp-content\/uploads\/2023\/05\/search2-600x593.png 600w, https:\/\/yourcampusad.com\/wp-content\/uploads\/2023\/05\/search2-100x100.png 100w\" sizes=\"auto, (max-width: 787px) 100vw, 787px\" \/><\/figure>\n<\/div>\n\n<h4><strong><span style=\"color: #0000ff;\">Steg 2.<\/span> P\u00e5 resultatsidan. Kopiera hela l\u00e4nken i webbl\u00e4sarf\u00f6nstret. Se de r\u00f6da pilarna nedan.<\/strong><\/h4>\n\n<div class=\"wp-block-image\">\n<figure class=\"aligncenter size-large\"><img loading=\"lazy\" decoding=\"async\" width=\"1024\" height=\"186\" src=\"https:\/\/yourcampusad.com\/wp-content\/uploads\/2023\/04\/Screenshot_2-1024x186.png\" alt=\"\" class=\"wp-image-8651\" srcset=\"https:\/\/yourcampusad.com\/wp-content\/uploads\/2023\/04\/Screenshot_2-1024x186.png 1024w, https:\/\/yourcampusad.com\/wp-content\/uploads\/2023\/04\/Screenshot_2-300x55.png 300w, https:\/\/yourcampusad.com\/wp-content\/uploads\/2023\/04\/Screenshot_2-768x140.png 768w, https:\/\/yourcampusad.com\/wp-content\/uploads\/2023\/04\/Screenshot_2-1536x280.png 1536w, https:\/\/yourcampusad.com\/wp-content\/uploads\/2023\/04\/Screenshot_2-600x109.png 600w, https:\/\/yourcampusad.com\/wp-content\/uploads\/2023\/04\/Screenshot_2.png 1730w\" sizes=\"auto, (max-width: 1024px) 100vw, 1024px\" \/><\/figure>\n<\/div>\n\n<h4><strong><span style=\"color: #0000ff;\">Steg 3.<\/span> Nu kan du anv\u00e4nda den l\u00e4nken p\u00e5 din studentorganisations webbsida.<\/strong><\/h4>\n<h4><strong><span style=\"color: #000000;\"><span style=\"color: #0000ff;\">&#8212;<\/span> Alla som har administrativ \u00e5tkomst till din webbsida kan enkelt l\u00e4gga till l\u00e4nken p\u00e5 din eller dina webbsidor, koppla den till knappar eller ikoner.<\/span><\/strong><\/h4>\n<h4><span style=\"color: #000000;\"><strong><span style=\"color: #0000ff;\">&#8212;<\/span> E-posta l\u00e4nken till studenter och till nya studenter varje \u00e5r f\u00f6r att bygga en levande marknad.\u00a0<\/strong><\/span><\/h4>\n<h4><span style=\"color: #000000;\"><strong><span style=\"color: #0000ff;\">&#8212;<\/span> Upprepa steg 1-3 med olika (marknads)kategorier efter behov.\u00a0<\/strong><\/span><\/h4>\n\n\n<hr class=\"wp-block-separator has-css-opacity is-style-wide\"\/>\n\n\n\n<h1 class=\"wp-block-heading\">&#8212; <strong>Framg\u00e5ngsrik eller typisk implementering<\/strong>.<\/h1>\n\n\n<h4><strong>F\u00f6r att skapa en levande marknad m\u00e5ste dess existens kommuniceras.\u00a0<\/strong><\/h4>\n<h4><span style=\"color: #0000ff;\"><strong>1. Utse n\u00e5gon som ansvarar f\u00f6r genomf\u00f6randet.<\/strong><\/span><\/h4>\n<h4><span style=\"color: #0000ff;\"><strong>2. En huvudstudentorganisation b\u00f6r \u00f6verv\u00e4ga att lista eller ge eleverna:\u00a0<\/strong><\/span><\/h4>\n<h4><strong><span style=\"color: #000000;\">&#8212;<\/span> <span style=\"color: #0000ff;\">en \u00f6vergripande marknad<\/span> (dvs ingen kategori v\u00e4ljs i processen ovan f\u00f6r att inkludera alla kategorier). N\u00e4r eleverna bes\u00f6ker l\u00e4nken kan de v\u00e4lja andra specifika kategorier och upprepa s\u00f6kningen.<br \/><\/strong><br \/><strong><span style=\"color: #000000;\">&#8212;<\/span> <span style=\"color: #0000ff;\">och en bostadsmarknad<\/span> (dvs kategorin Bost\u00e4der v\u00e4ljs i processen ovan). Bostaden \u00e4r kritisk och alla studenter s\u00f6ker bostad vid ett eller annat tillf\u00e4lle.<\/strong><\/h4>\n<h4><span style=\"color: #0000ff;\"><strong>3. Varje underavdelning av din studentorganisation b\u00f6r \u00f6verv\u00e4ga att lista\/ge studenter:<\/strong><\/span><\/h4>\n<h4><strong>\u2014 en \u00f6vergripande marknad<br \/><\/strong><br \/><strong>\u2014 och en bostadsmarknad<\/strong><\/h4>\n<h4><strong><span style=\"color: #0000ff;\"><span style=\"color: #000000;\">&#8212;<\/span> och en underavdelningsspecifik marknad. <\/span>Till exempel Business and Economics-b\u00f6cker f\u00f6r Business Students Association \u2013 som \u00e4r en underkategori till kategorin B\u00f6cker. <span style=\"color: #0000ff;\">Se nedan hur du skapar den.<\/span><\/strong><\/h4>\n<h4><strong><span style=\"color: #0000ff;\">4. S\u00f6k st\u00f6d och samarbete med din institution eller ditt universitet. <\/span><\/strong><span style=\"color: #0000ff;\"><strong>\u00a0<\/strong><\/span><\/h4>\n\n\n<hr class=\"wp-block-separator has-css-opacity is-style-wide\"\/>\n\n\n\n<h1 class=\"wp-block-heading\"><strong>Hur man skapar indelningsmarknader fr\u00e5n underkategorier.<\/strong><\/h1>\n\n\n<h4><span style=\"color: #000000;\"><strong>S\u00e5 h\u00e4r skapar du underavdelningsspecifika marknader: Fr\u00e5n steg 3 i guiden ovan f\u00f6r att skapa en lokal marknad f\u00f6r ditt campus \u2013 det vill s\u00e4ga p\u00e5 resultatsidan kan du v\u00e4lja kategorier. Se r\u00f6da pilar nedan.<\/strong><\/span><\/h4>\n\n<div class=\"wp-block-image\">\n<figure class=\"aligncenter size-large is-resized\"><img loading=\"lazy\" decoding=\"async\" width=\"1024\" height=\"277\" src=\"https:\/\/yourcampusad.com\/wp-content\/uploads\/2023\/04\/Screenshot_3-1024x277.png\" alt=\"\" class=\"wp-image-8676\" style=\"width:532px;height:143px\" srcset=\"https:\/\/yourcampusad.com\/wp-content\/uploads\/2023\/04\/Screenshot_3-1024x277.png 1024w, https:\/\/yourcampusad.com\/wp-content\/uploads\/2023\/04\/Screenshot_3-300x81.png 300w, https:\/\/yourcampusad.com\/wp-content\/uploads\/2023\/04\/Screenshot_3-768x208.png 768w, https:\/\/yourcampusad.com\/wp-content\/uploads\/2023\/04\/Screenshot_3-1536x415.png 1536w, https:\/\/yourcampusad.com\/wp-content\/uploads\/2023\/04\/Screenshot_3-2048x554.png 2048w, https:\/\/yourcampusad.com\/wp-content\/uploads\/2023\/04\/Screenshot_3-600x162.png 600w\" sizes=\"auto, (max-width: 1024px) 100vw, 1024px\" \/><\/figure>\n<\/div>\n\n\n<h4 class=\"wp-block-heading\"><span style=\"color: #ff0000;\"><strong><br><span style=\"color: #000000;\">V\u00e4lj en kategori h\u00e4r och (om till\u00e4mpligt) kommer ett f\u00f6nster upp d\u00e4r du kan v\u00e4lja fr\u00e5n underkategorier inom den kategorin. V\u00e4lj en underkategori. Klicka sedan p\u00e5 s\u00f6k och kopiera sedan hela l\u00e4nken som visas i webbl\u00e4sarf\u00f6nstret.<\/span><\/strong><\/span><\/h4>\n\n\n\n<p class=\"has-medium-font-size\"><strong><span style=\"color: #0000ff;\">F\u00f6r att f\u00f6resl\u00e5 n\u00e5gon kategori eller underkategori som du tror saknas, kontakta oss (contact@yourcampusad.com). Tack f\u00f6r att du tog dig tid att l\u00e4sa detta. L\u00e5t oss f\u00e5 det att h\u00e4nda!<\/span><\/strong><\/p>","protected":false},"excerpt":{"rendered":"<p>&#8212; Why use Yourcampusad ? 1. You can create a market for your campus in seconds. You can, for example, create a Housing market. And students can set up alarms so that they are notified by email when something is listed on the Housing market within a selected distance from your campus. 2. You can, [&hellip;]<\/p>","protected":false},"author":1,"featured_media":0,"parent":0,"menu_order":0,"comment_status":"closed","ping_status":"closed","template":"","meta":{"footnotes":""},"class_list":["post-8641","page","type-page","status-publish","hentry"],"_links":{"self":[{"href":"https:\/\/yourcampusad.com\/sv\/wp-json\/wp\/v2\/pages\/8641","targetHints":{"allow":["GET"]}}],"collection":[{"href":"https:\/\/yourcampusad.com\/sv\/wp-json\/wp\/v2\/pages"}],"about":[{"href":"https:\/\/yourcampusad.com\/sv\/wp-json\/wp\/v2\/types\/page"}],"author":[{"embeddable":true,"href":"https:\/\/yourcampusad.com\/sv\/wp-json\/wp\/v2\/users\/1"}],"replies":[{"embeddable":true,"href":"https:\/\/yourcampusad.com\/sv\/wp-json\/wp\/v2\/comments?post=8641"}],"version-history":[{"count":51,"href":"https:\/\/yourcampusad.com\/sv\/wp-json\/wp\/v2\/pages\/8641\/revisions"}],"predecessor-version":[{"id":9474,"href":"https:\/\/yourcampusad.com\/sv\/wp-json\/wp\/v2\/pages\/8641\/revisions\/9474"}],"wp:attachment":[{"href":"https:\/\/yourcampusad.com\/sv\/wp-json\/wp\/v2\/media?parent=8641"}],"curies":[{"name":"wp","href":"https:\/\/api.w.org\/{rel}","templated":true}]}}