{"id":8639,"date":"2023-04-28T18:18:49","date_gmt":"2023-04-28T18:18:49","guid":{"rendered":"https:\/\/yourcampusad.com\/?page_id=8639"},"modified":"2024-02-25T11:10:57","modified_gmt":"2024-02-25T11:10:57","slug":"information-for-universities-and-institutions","status":"publish","type":"page","link":"https:\/\/yourcampusad.com\/sv\/information-for-universities-and-institutions\/","title":{"rendered":"Information f\u00f6r universitet och institutioner"},"content":{"rendered":"<h1 class=\"wp-block-heading\">\u2013 Varf\u00f6r Yourcampusad?<\/h1>\n\n\n<h4><strong><span style=\"color: #0000ff;\">1.<\/span> Milj\u00f6 \u2013 har ditt universitet en milj\u00f6policy? En hel del begagnade b\u00f6cker, m\u00f6bler etc. sl\u00e4ngs (ofta anv\u00e4nds b\u00f6cker aldrig igen efter terminens slut) \u2013 att l\u00e4mna \u00f6ver saker till andra \u00e4r bra.<\/strong><\/h4>\n<h4><strong><span style=\"color: #0000ff;\">2.<\/span> Internationellt \u2013 Yourcampusad \u00e4r internationellt. Mycket resurser s\u00e4tts in f\u00f6r att fr\u00e4mja det. Internationella studenter och utbytesstudenter vet var de ska leta efter bostad och annat som de beh\u00f6ver.<\/strong><\/h4>\n<h4><strong><span style=\"color: #0000ff;\">3. <\/span><\/strong><strong>Fler studenter \u2013 en lokal marknad hj\u00e4lper studenter att hitta t.ex. bostad, vilket ofta \u00e4r avg\u00f6rande f\u00f6r valet av universitet. Att g\u00f6ra det m\u00f6jligt f\u00f6r lokalsamh\u00e4llet att hyra ut rum och bost\u00e4der \u00f6kar utbudet och driver d\u00e4rmed ner priserna (hyran).\u00a0<\/strong><\/h4>\n<h4><strong><span style=\"color: #0000ff;\">4.<\/span> Sociala aspekter \u2013 lokala Yourcampus-marknader fr\u00e4mjar en levande campuskultur, vilket \u00e4r mycket viktigt f\u00f6r studenter n\u00e4r de v\u00e4ljer ett universitet.\u00a0<\/strong><\/h4>\n<h4><strong><span style=\"color: #0000ff;\">5.\u00a0<\/span><\/strong><strong>Anst\u00e4llda \u2013 anst\u00e4llda kan enkelt erbjuda sina egna b\u00f6cker eller kursb\u00f6cker till f\u00f6rs\u00e4ljning eller ge bort dem p\u00e5 lokala marknader.<br \/><\/strong><strong><br \/><\/strong><strong><span style=\"color: #0000ff;\">6. <\/span><\/strong><strong>Synlighet \u2013 genom att vara n\u00e4rvarande p\u00e5 Yourcampusad \u00f6kar din institutions synlighet.\u00a0<\/strong><\/h4>\n<h4><strong><span style=\"color: #0000ff;\">7.<\/span> Det \u00e4r gratis.<\/strong><\/h4>\n<h4><strong><em><span style=\"color: #0000ff;\">8. Som representant f\u00f6r institutionen \u2013 Genomf\u00f6randet av en lokal yourcampusad-marknad inneb\u00e4r att du gjorde n\u00e5got bra f\u00f6r studenter och f\u00f6r din institution.<\/span><\/em><\/strong><\/h4>\n<h4><strong><em><span style=\"color: #0000ff;\">(...S\u00e4tt det p\u00e5 ditt CV. Ett imponerande CV best\u00e5r inte av positioner du har haft \u2013 utan av saker du gjort eller har \u00e5stadkommit.)<\/span><\/em><\/strong><\/h4>\n\n\n<h1 class=\"wp-block-heading\">- Vad kan g\u00f6ras: <\/h1>\n\n\n<h4><strong>1. <span style=\"color: #0000ff;\"><span style=\"color: #000000;\">Du kan skapa en marknad f\u00f6r ditt campus eller institution<\/span> inom sekunder.<\/span> Du kan till exempel skapa en Bostadsmarknad. Och studenter kan s\u00e4tta upp larm s\u00e5 att de aviseras via e-post n\u00e4r n\u00e5got listas p\u00e5 Bostadsmarknaden inom ett valt avst\u00e5nd fr\u00e5n ditt campus.<\/strong><\/h4>\n<h4><strong>2. Du kan till exempel skapa en &#034;bokmarknad&#034; f\u00f6r hela ditt campus och eller efter \u00e4mne som motsvarar en specifik skola\/fakultet, till exempel Business. Varje underavdelning kan p\u00e5 s\u00e5 s\u00e4tt skapa marknader skr\u00e4ddarsydda f\u00f6r sina studenter. <span style=\"color: #000000;\">F\u00f6r att skapa underavdelningar, se &#034;Lyckad eller typisk implementering&#034; l\u00e4ngst ner nedan.<\/span><\/strong><\/h4>\n\n\n<h1 class=\"wp-block-heading\"><em>Exempel:<\/em><\/h1>\n\n\n<p><strong>H\u00e4r \u00e4r den lokala Yourcampusad-marknaden f\u00f6r Uppsala universitet, Sverige, med alla kategorier och med en radie p\u00e5 10 km \u2013 som l\u00e4nk, som klickbar exempeltext och som klickbar exempelbild.\u00a0<\/strong><\/p>\n\n\n<div class=\"wp-block-columns is-layout-flex wp-container-core-columns-is-layout-9d6595d7 wp-block-columns-is-layout-flex\">\n<div class=\"wp-block-column is-layout-flow wp-block-column-is-layout-flow\" style=\"flex-basis:33.33%\">\n<p style=\"text-align: right;\"><strong>Som l\u00e4nk:<\/strong>&nbsp;<\/p>\n<\/div>\n\n\n\n<div class=\"wp-block-column is-layout-flow wp-block-column-is-layout-flow\" style=\"flex-basis:66.66%\">\n<p style=\"text-align: center;\"><a href=\"https:\/\/yourcampusad.com\/sv\/search-results\/?ad_title=&amp;cat_id=&amp;location=Uppsala universitet, Uppsala, Sweden&amp;rd=10\">https:\/\/yourcampusad.com\/search-results\/?ad_title=&amp;cat_id=&amp;location=Uppsala+universitet%2C+Uppsala%2C+Sweden&amp;rd=10<\/a><\/p>\n<\/div>\n<\/div>\n\n\n\n<div class=\"wp-block-columns is-layout-flex wp-container-core-columns-is-layout-9d6595d7 wp-block-columns-is-layout-flex\">\n<div class=\"wp-block-column is-layout-flow wp-block-column-is-layout-flow\" style=\"flex-basis:33.33%\">\n<p style=\"text-align: right;\"><strong>Denna l\u00e4nk kan kopplas till klickbar text:<\/strong><\/p>\n<\/div>\n\n\n\n<div class=\"wp-block-column is-layout-flow wp-block-column-is-layout-flow\" style=\"flex-basis:66.66%\">\n<p style=\"text-align: center;\"><a href=\"https:\/\/yourcampusad.com\/sv\/search-results\/?ad_title=&amp;cat_id=&amp;location=Uppsala universitet, Uppsala, Sweden&amp;rd=10\"><strong>V\u00e5r lokala marknad<\/strong><\/a><\/p>\n<\/div>\n<\/div>\n\n\n\n<div class=\"wp-block-columns is-layout-flex wp-container-core-columns-is-layout-9d6595d7 wp-block-columns-is-layout-flex\">\n<div class=\"wp-block-column is-layout-flow wp-block-column-is-layout-flow\" style=\"flex-basis:33.33%\">\n<p style=\"text-align: right;\"><strong>Eller till valfri bild:<\/strong><\/p>\n<\/div>\n\n\n\n<div class=\"wp-block-column is-layout-flow wp-block-column-is-layout-flow\" style=\"flex-basis:66.66%\"><div class=\"wp-block-image\">\n<figure class=\"aligncenter size-large is-resized\"><a href=\"https:\/\/yourcampusad.com\/sv\/search-results\/?ad_title=&amp;cat_id=&amp;location=Uppsala universitet, Uppsala, Sweden&amp;rd=10\" target=\"_blank\" rel=\"noopener noreferrer\"><img loading=\"lazy\" decoding=\"async\" width=\"294\" height=\"174\" src=\"https:\/\/yourcampusad.com\/wp-content\/uploads\/2023\/05\/market-sample-logo.png\" alt=\"\" class=\"wp-image-8900\" style=\"width:221px;height:131px\"\/><\/a><\/figure>\n<\/div><\/div>\n<\/div>\n\n\n\n<h1 class=\"wp-block-heading\" id=\"block-a8c987fa-3d30-48fa-8234-d14a0c431ab8\">\u2014 Skapa en lokal marknad f\u00f6r ditt campus i tre steg:<\/h1>\n\n\n\n<hr class=\"wp-block-separator has-css-opacity is-style-wide\"\/>\n\n\n<h4><strong><span style=\"color: #0000ff;\">Steg 1.<\/span> P\u00e5 startsidan yourcampusad.com, hitta ditt campus i platsf\u00e4ltet, v\u00e4lj kategorin av intresse (eller l\u00e4mna tomt f\u00f6r att inkludera alla kategorier). Och klicka p\u00e5 &#034;S\u00f6k&#034;.<\/strong><\/h4>\n\n<div class=\"wp-block-image\">\n<figure class=\"aligncenter size-large is-resized\"><img loading=\"lazy\" decoding=\"async\" width=\"787\" height=\"778\" src=\"https:\/\/yourcampusad.com\/wp-content\/uploads\/2023\/05\/search2.png\" alt=\"\" class=\"wp-image-8919\" style=\"width:368px;height:363px\" srcset=\"https:\/\/yourcampusad.com\/wp-content\/uploads\/2023\/05\/search2.png 787w, https:\/\/yourcampusad.com\/wp-content\/uploads\/2023\/05\/search2-300x297.png 300w, https:\/\/yourcampusad.com\/wp-content\/uploads\/2023\/05\/search2-768x759.png 768w, https:\/\/yourcampusad.com\/wp-content\/uploads\/2023\/05\/search2-80x80.png 80w, https:\/\/yourcampusad.com\/wp-content\/uploads\/2023\/05\/search2-50x50.png 50w, https:\/\/yourcampusad.com\/wp-content\/uploads\/2023\/05\/search2-600x593.png 600w, https:\/\/yourcampusad.com\/wp-content\/uploads\/2023\/05\/search2-100x100.png 100w\" sizes=\"auto, (max-width: 787px) 100vw, 787px\" \/><\/figure>\n<\/div>\n\n<h4><strong><span style=\"color: #0000ff;\">Steg 2.<\/span> P\u00e5 resultatsidan. Kopiera hela l\u00e4nken h\u00f6gst upp i webbl\u00e4sarf\u00f6nstret.\u00a0<\/strong><\/h4>\n\n<div class=\"wp-block-image\">\n<figure class=\"aligncenter size-large is-resized\"><img loading=\"lazy\" decoding=\"async\" width=\"1024\" height=\"186\" src=\"https:\/\/yourcampusad.com\/wp-content\/uploads\/2023\/04\/Screenshot_2-1024x186.png\" alt=\"\" class=\"wp-image-8651\" style=\"width:569px;height:103px\" srcset=\"https:\/\/yourcampusad.com\/wp-content\/uploads\/2023\/04\/Screenshot_2-1024x186.png 1024w, https:\/\/yourcampusad.com\/wp-content\/uploads\/2023\/04\/Screenshot_2-300x55.png 300w, https:\/\/yourcampusad.com\/wp-content\/uploads\/2023\/04\/Screenshot_2-768x140.png 768w, https:\/\/yourcampusad.com\/wp-content\/uploads\/2023\/04\/Screenshot_2-1536x280.png 1536w, https:\/\/yourcampusad.com\/wp-content\/uploads\/2023\/04\/Screenshot_2-600x109.png 600w, https:\/\/yourcampusad.com\/wp-content\/uploads\/2023\/04\/Screenshot_2.png 1730w\" sizes=\"auto, (max-width: 1024px) 100vw, 1024px\" \/><\/figure>\n<\/div>\n\n<h4><strong><span style=\"color: #0000ff;\">Steg 3.<\/span> Anv\u00e4nd nu den l\u00e4nken p\u00e5 din institutions webbsida.<\/strong><\/h4>\n<h4><strong><span style=\"color: #0000ff;\">\u2014\u00a0<\/span>Alla som har administrativ tillg\u00e5ng till webbsidan kan enkelt l\u00e4gga till l\u00e4nken p\u00e5 din institutions <\/strong><strong>webbsida och koppla den till knappar eller ikoner.<\/strong><\/h4>\n<h4><strong><span style=\"color: #0000ff;\">\u2014<\/span> E-posta l\u00e4nken till dina medarbetare, till studenter och till nya studenter varje \u00e5r f\u00f6r att bygga en levande marknad.\u00a0<\/strong><\/h4>\n<h4><strong><span style=\"color: #0000ff;\">\u2014<\/span> Upprepa steg 1-3 med olika (marknads)kategorier (t.ex. \u201dBost\u00e4der\u201d, \u201dB\u00f6cker \u2013 Fysik\u201d) efter behov.\u00a0<\/strong><\/h4>\n\n\n<h1 class=\"wp-block-heading\">F\u00f6r framg\u00e5ng:<\/h1>\n\n\n\n<h4 class=\"wp-block-heading\"><strong>F\u00f6r att skapa en levande marknad m\u00e5ste dess existens kommuniceras. <\/strong><strong><span style=\"color: #0000ff;\">Vi rekommenderar starkt varje universitet att l\u00e4nka till deras Yourcampusad-marknadsplats p\u00e5 sina webbplatser \u2013 och att st\u00f6dja studentorganisationerna med implementeringen.<\/span><\/strong><\/h4>\n\n\n\n<h4 class=\"wp-block-heading\"><strong><span style=\"color: #0000ff;\">Som v\u00e4gledning f\u00f6resl\u00e5r vi f\u00f6ljande till studentorganisationer:&nbsp;<\/span><\/strong><\/h4>\n\n\n\n<h4 class=\"wp-block-heading\"><strong>1. Utse n\u00e5gon som ansvarar f\u00f6r genomf\u00f6randet.<\/strong><\/h4>\n\n\n\n<h4 class=\"wp-block-heading\"><strong>2. En huvudstudentorganisation b\u00f6r \u00f6verv\u00e4ga att publicera:&nbsp;<\/strong><\/h4>\n\n\n\n<h4 class=\"wp-block-heading\"><strong>\u2014 en \u00f6vergripande Yourcampusad-marknadsl\u00e4nk (ingen kategori v\u00e4ljs i processen ovan). N\u00e4r studenter bes\u00f6ker l\u00e4nken kan de se vad som finns tillg\u00e4ngligt p\u00e5 deras campus i alla kategorier.<br><\/strong><br><strong>\u2014 och en l\u00e4nk till Yourcampusad bostadsmarknad (kategorin &#034;Bostad&#034; v\u00e4ljs i processen ovan). Bostaden \u00e4r kritisk och alla studenter s\u00f6ker bostad vid ett eller annat tillf\u00e4lle.<\/strong><\/h4>\n\n\n\n<h4 class=\"wp-block-heading\"><span style=\"color: #000000;\"><strong>3. Varje underavdelning av din studentorganisation b\u00f6r \u00f6verv\u00e4ga att tillhandah\u00e5lla l\u00e4nkar till ditt campus:<\/strong><\/span><\/h4>\n\n\n\n<h4 class=\"wp-block-heading\"><strong>\u2014 Totalmarknad<br><br><\/strong><strong>\u2014&nbsp;<\/strong><strong> Bostadsmarknad<\/strong><\/h4>\n\n\n\n<h4 class=\"wp-block-heading\"><strong>\u2014 och en underavdelningsspecifik marknad. Till exempel f\u00f6retagsb\u00f6cker f\u00f6r Business Students Association (som \u00e4r en underkategori till kategorin B\u00f6cker). Se nedan.<\/strong><\/h4>\n\n\n\n<h4 class=\"wp-block-heading\"><span style=\"color: #0000ff;\"><strong>4. S\u00f6k st\u00f6d och samarbete med din institution eller ditt universitet.<\/strong><\/span><\/h4>\n\n\n\n<h3 class=\"wp-block-heading\" id=\"block-9511455e-bec0-4095-8b91-81ab4a019d36\"><strong>Hur man skapar indelningsmarknader fr\u00e5n underkategorier<\/strong>:<\/h3>\n\n\n<h4><strong>S\u00e5 h\u00e4r skapar du underavdelningsspecifika marknader: Fr\u00e5n och med steg 3 i guiden f\u00f6r att skapa en lokal marknad f\u00f6r ditt campus \u2013 det vill s\u00e4ga fr\u00e5n resultatsidan, kan du v\u00e4lja kategorier. Se r\u00f6da pilar nedan.<\/strong><\/h4>\n\n<div class=\"wp-block-image\">\n<figure class=\"aligncenter size-large\"><img loading=\"lazy\" decoding=\"async\" width=\"1024\" height=\"277\" src=\"https:\/\/yourcampusad.com\/wp-content\/uploads\/2023\/04\/Screenshot_3-1024x277.png\" alt=\"\" class=\"wp-image-8676\" srcset=\"https:\/\/yourcampusad.com\/wp-content\/uploads\/2023\/04\/Screenshot_3-1024x277.png 1024w, https:\/\/yourcampusad.com\/wp-content\/uploads\/2023\/04\/Screenshot_3-300x81.png 300w, https:\/\/yourcampusad.com\/wp-content\/uploads\/2023\/04\/Screenshot_3-768x208.png 768w, https:\/\/yourcampusad.com\/wp-content\/uploads\/2023\/04\/Screenshot_3-1536x415.png 1536w, https:\/\/yourcampusad.com\/wp-content\/uploads\/2023\/04\/Screenshot_3-2048x554.png 2048w, https:\/\/yourcampusad.com\/wp-content\/uploads\/2023\/04\/Screenshot_3-600x162.png 600w\" sizes=\"auto, (max-width: 1024px) 100vw, 1024px\" \/><\/figure>\n<\/div>\n\n<h4><strong>V\u00e4lj en kategori h\u00e4r och (i till\u00e4mpliga fall) kommer ett f\u00f6nster upp d\u00e4r du kan v\u00e4lja fr\u00e5n underkategorier i den kategorin. V\u00e4lj en underkategori. Klicka sedan p\u00e5 s\u00f6k och kopiera sedan hela l\u00e4nken som visas i webbl\u00e4sarf\u00f6nstret.<\/strong><\/h4>\n<h4><span style=\"color: #0000ff;\"><strong>F\u00f6r att f\u00f6resl\u00e5 n\u00e5gon kategori eller underkategori som du tror saknas, kontakta oss (contact@yourcampusad.com). Tack f\u00f6r att du tog dig tid att l\u00e4sa detta. F\u00e5 det att h\u00e4nda!<\/strong><\/span><\/h4>\n\n\n<p><\/p>","protected":false},"excerpt":{"rendered":"<p>&#8212; Why Yourcampusad ? 1. Environmental &#8211; does your university have an environmental policy? A lot of used books, furniture etc. is thrown away (often books are never used again after the semester has ended) &#8211; passing things on to others is a good thing. 2. International &#8211; Yourcampusad is international. A lot of resources [&hellip;]<\/p>","protected":false},"author":1,"featured_media":0,"parent":0,"menu_order":0,"comment_status":"closed","ping_status":"closed","template":"","meta":{"footnotes":""},"class_list":["post-8639","page","type-page","status-publish","hentry"],"_links":{"self":[{"href":"https:\/\/yourcampusad.com\/sv\/wp-json\/wp\/v2\/pages\/8639","targetHints":{"allow":["GET"]}}],"collection":[{"href":"https:\/\/yourcampusad.com\/sv\/wp-json\/wp\/v2\/pages"}],"about":[{"href":"https:\/\/yourcampusad.com\/sv\/wp-json\/wp\/v2\/types\/page"}],"author":[{"embeddable":true,"href":"https:\/\/yourcampusad.com\/sv\/wp-json\/wp\/v2\/users\/1"}],"replies":[{"embeddable":true,"href":"https:\/\/yourcampusad.com\/sv\/wp-json\/wp\/v2\/comments?post=8639"}],"version-history":[{"count":49,"href":"https:\/\/yourcampusad.com\/sv\/wp-json\/wp\/v2\/pages\/8639\/revisions"}],"predecessor-version":[{"id":9465,"href":"https:\/\/yourcampusad.com\/sv\/wp-json\/wp\/v2\/pages\/8639\/revisions\/9465"}],"wp:attachment":[{"href":"https:\/\/yourcampusad.com\/sv\/wp-json\/wp\/v2\/media?parent=8639"}],"curies":[{"name":"wp","href":"https:\/\/api.w.org\/{rel}","templated":true}]}}