{"id":1146,"date":"2017-03-06T05:49:30","date_gmt":"2017-03-06T05:49:30","guid":{"rendered":"http:\/\/adforest.scriptsbundle.com\/adforet-demo-data\/?page_id=1146"},"modified":"2024-02-24T23:25:20","modified_gmt":"2024-02-24T23:25:20","slug":"faqs","status":"publish","type":"page","link":"https:\/\/yourcampusad.com\/sv\/faqs\/","title":{"rendered":"FAQ&#039;s"},"content":{"rendered":"<div class=\"wpb-content-wrapper\"><div class=\"vc_row wpb_row vc_row-fluid\"><div class=\"wpb_column vc_column_container vc_col-sm-12\"><div class=\"vc_column-inner\"><div class=\"wpb_wrapper\"><section class=\"section-padding error-page\" >\r\n            <div class=\"container\">\r\n               <div class=\"row\">\r\n\t\t\t\t   \r\n                  <div class=\"col-md-12 col-xs-12 col-sm-12\">\r\n\t\t\t\t  \t<ul class=\"accordion\"><li>\r\n                           <h3 class=\"accordion-title\"><a href=\"#\">Vilket spr\u00e5k ska jag anv\u00e4nda n\u00e4r jag l\u00e4gger upp annonser p\u00e5 Yourcampusad?<\/a><\/h3>\r\n                           <div class=\"accordion-content\">\r\n                              <p>Anv\u00e4nd engelska eller ditt modersm\u00e5l, eller b\u00e5da, beroende p\u00e5 m\u00e5lmarknaden och dina spr\u00e5kkunskaper. Vi arbetar med en \u00f6vers\u00e4ttningsfunktion.<\/p>\r\n                           <\/div>\r\n                        <\/li><li>\r\n                           <h3 class=\"accordion-title\"><a href=\"#\">Hur l\u00e4gger jag upp en annons?<\/a><\/h3>\r\n                           <div class=\"accordion-content\">\r\n                              <p>Registrera ett konto. Bekr\u00e4fta kontot (Kopiera-klistra in registreringsl\u00e4nken som skickades till din e-post i ett webbl\u00e4saradressf\u00f6nster). Logga in p\u00e5 ditt konto. Klicka p\u00e5 \"+ L\u00e4gg upp\" och f\u00f6lj instruktionerna. Anv\u00e4nd de RELEVANTA inmatningsf\u00e4lten (t.ex. l\u00e4nk till Youtube g\u00e4ller bara om du har en s\u00e5dan l\u00e4nk att dela). Du M\u00c5STE v\u00e4lja Land och sedan ALLA REGIONER och ALLA ST\u00c4DER i rullgardinsmenyn (i steg 3 n\u00e4r du l\u00e4gger upp en annons) om du vill att ditt inl\u00e4gg ska visas i Kategori-Land prenumerationslarm och s\u00f6kningar.<\/p>\r\n                           <\/div>\r\n                        <\/li><li>\r\n                           <h3 class=\"accordion-title\"><a href=\"#\">Beh\u00f6ver jag ladda upp bilder med mina annonser p\u00e5 Yourcampusad?<\/a><\/h3>\r\n                           <div class=\"accordion-content\">\r\n                              <p>Nej, men en bild s\u00e4ger mer \u00e4n 1000 ord.. En bild \u00e4r informativ och trevlig. Om du inte laddar upp en bild kommer en Yourcampusad-bild att visas tillsammans med ditt inl\u00e4gg. Du kan \u00e4ndra bilder senare genom att redigera ditt inl\u00e4gg.<\/p>\r\n                           <\/div>\r\n                        <\/li><li>\r\n                           <h3 class=\"accordion-title\"><a href=\"#\">Har du problem med att ladda upp dina bilder?<\/a><\/h3>\r\n                           <div class=\"accordion-content\">\r\n                              <p>Det finns en storleksgr\u00e4ns p\u00e5 7 megabyte per bild. Det \u00e4r dock en v\u00e4ldigt stor bild, beroende p\u00e5 din anslutningshastighet kan det ge dig problem. Bilder f\u00e5r inte vara mer \u00e4n 500 kilobyte. (Du kan enkelt minska storleken p\u00e5 dina bilder gratis med hj\u00e4lp av olika onlinetj\u00e4nster)<\/p>\r\n                           <\/div>\r\n                        <\/li><\/ul>\r\n\t\t\t\t  <\/div>\r\n\t\t\t  <\/div>\r\n\t\t  <\/div>\r\n\t   <\/section>\r\n<\/div><\/div><\/div><\/div><div class=\"vc_row wpb_row vc_row-fluid\"><div class=\"wpb_column vc_column_container vc_col-sm-12\"><div class=\"vc_column-inner\"><div class=\"wpb_wrapper\">\n\t<div class=\"wpb_text_column wpb_content_element\" >\n\t\t<div class=\"wpb_wrapper\">\n\t\t\t<h1 style=\"text-align: center;\"><strong>Hur man st\u00e4ller in prenumerationslarm<br \/>\n&amp; Kritisk landinformation n\u00e4r du l\u00e4gger upp annonser<\/strong><\/h1>\n\n\t\t<\/div>\n\t<\/div>\n<\/div><\/div><\/div><\/div><div class=\"vc_row wpb_row vc_row-fluid\"><div class=\"wpb_column vc_column_container vc_col-sm-3\"><div class=\"vc_column-inner\"><div class=\"wpb_wrapper\"><\/div><\/div><\/div><div class=\"wpb_column vc_column_container vc_col-sm-6\"><div class=\"vc_column-inner\"><div class=\"wpb_wrapper\">\n\t<div class=\"wpb_text_column wpb_content_element\" >\n\t\t<div class=\"wpb_wrapper\">\n\t\t\t<p><strong>I din profil v\u00e4ljer du &#034;Prenumerationer och automatiska meddelanden&#034;. Se de r\u00f6da pilarna nedan.<\/strong><\/p>\n\n\t\t<\/div>\n\t<\/div>\n\n\t<div  class=\"wpb_single_image wpb_content_element vc_align_center wpb_content_element\">\n\t\t\n\t\t<figure class=\"wpb_wrapper vc_figure\">\n\t\t\t<div class=\"vc_single_image-wrapper   vc_box_border_grey\"><img loading=\"lazy\" decoding=\"async\" width=\"1606\" height=\"338\" src=\"https:\/\/yourcampusad.com\/wp-content\/uploads\/2023\/04\/subscriptions-1.png\" class=\"vc_single_image-img attachment-full\" alt=\"subscriptions\" title=\"subscriptions 1\" srcset=\"https:\/\/yourcampusad.com\/wp-content\/uploads\/2023\/04\/subscriptions-1.png 1606w, https:\/\/yourcampusad.com\/wp-content\/uploads\/2023\/04\/subscriptions-1-300x63.png 300w, https:\/\/yourcampusad.com\/wp-content\/uploads\/2023\/04\/subscriptions-1-1024x216.png 1024w, https:\/\/yourcampusad.com\/wp-content\/uploads\/2023\/04\/subscriptions-1-768x162.png 768w, https:\/\/yourcampusad.com\/wp-content\/uploads\/2023\/04\/subscriptions-1-1536x323.png 1536w, https:\/\/yourcampusad.com\/wp-content\/uploads\/2023\/04\/subscriptions-1-600x126.png 600w\" sizes=\"auto, (max-width: 1606px) 100vw, 1606px\" \/><\/div>\n\t\t<\/figure>\n\t<\/div>\n\n\t<div class=\"wpb_text_column wpb_content_element\" >\n\t\t<div class=\"wpb_wrapper\">\n\t\t\t<p>Prenumeration baserat p\u00e5 <strong>radie<\/strong> inneb\u00e4r att du kan v\u00e4lja ditt campus efter adress, v\u00e4lja ett radieavst\u00e5nd fr\u00e5n ditt campus och f\u00e5 e-postlarm n\u00e4r inl\u00e4gg g\u00f6rs inom motsvarande omr\u00e5de.<\/p>\n<p>Prenumeration baserat p\u00e5 <strong>kategori och land<\/strong> inneb\u00e4r att du kan f\u00e5 e-postlarm n\u00e4r annonser l\u00e4ggs upp i den valda kategorin och landet. Det betyder att det \u00e4r viktigt att du v\u00e4ljer land, region (alla) och st\u00e4der (alla) (i steg 3) n\u00e4r du l\u00e4gger upp en annons \u2013 annars visas den inte i kategori- och landss\u00f6kningar och larm (Det r\u00e4cker inte att v\u00e4lja din land n\u00e4r du l\u00e4gger upp en annons). Var v\u00e4nlig se nedan.<\/p>\n<p><strong>Anv\u00e4ndare<\/strong> \u2013 H\u00e4r kan du prenumerera p\u00e5 inl\u00e4gg av en specifik anv\u00e4ndare kombinerat med en kategori. <strong>Hantera eller avbryt<\/strong> \u2013 H\u00e4r kan du hantera och s\u00e4ga upp dina prenumerationer. <strong>F\u00f6ljare<\/strong> \u2013 H\u00e4r kan du se hur m\u00e5nga anv\u00e4ndare (om n\u00e5gra) som prenumererar p\u00e5 dina inl\u00e4gg (prenumeration av anv\u00e4ndare). Se de r\u00f6da pilarna nedan.<\/p>\n\n\t\t<\/div>\n\t<\/div>\n\n\t<div  class=\"wpb_single_image wpb_content_element vc_align_center wpb_content_element\">\n\t\t\n\t\t<figure class=\"wpb_wrapper vc_figure\">\n\t\t\t<div class=\"vc_single_image-wrapper   vc_box_border_grey\"><img loading=\"lazy\" decoding=\"async\" width=\"1655\" height=\"436\" src=\"https:\/\/yourcampusad.com\/wp-content\/uploads\/2023\/04\/subscriptions-2.png\" class=\"vc_single_image-img attachment-full\" alt=\"Different subscriptions\" title=\"subscriptions 2\" srcset=\"https:\/\/yourcampusad.com\/wp-content\/uploads\/2023\/04\/subscriptions-2.png 1655w, https:\/\/yourcampusad.com\/wp-content\/uploads\/2023\/04\/subscriptions-2-300x79.png 300w, https:\/\/yourcampusad.com\/wp-content\/uploads\/2023\/04\/subscriptions-2-1024x270.png 1024w, https:\/\/yourcampusad.com\/wp-content\/uploads\/2023\/04\/subscriptions-2-768x202.png 768w, https:\/\/yourcampusad.com\/wp-content\/uploads\/2023\/04\/subscriptions-2-1536x405.png 1536w, https:\/\/yourcampusad.com\/wp-content\/uploads\/2023\/04\/subscriptions-2-600x158.png 600w\" sizes=\"auto, (max-width: 1655px) 100vw, 1655px\" \/><\/div>\n\t\t<\/figure>\n\t<\/div>\n\n\t<div class=\"wpb_text_column wpb_content_element\" >\n\t\t<div class=\"wpb_wrapper\">\n\t\t\t<h4><strong>N\u00c4R DU L\u00c4NGER UPP EN ANNONS \u00c4R DET VIKTIGT ATT DU V\u00c4LJER LAND, REGION (ALL REGION) OCH STAD (ALLA ST\u00c4DER) F\u00d6R ATT DITT INL\u00c4GG SKA VISAS I KATEGORI- OCH LANDS-PRENUMERATIONSLARM OCH KATEGORI \u2013 LANDS\u00d6KNINGAR.<\/strong> (Det r\u00e4cker inte att bara v\u00e4lja ditt land \u2013 du m\u00e5ste fylla i &#034;alla regioner&#034; och &#034;alla st\u00e4der&#034; kriterierna f\u00f6r att din annons ska inkluderas i kategori- och landlarm och s\u00f6kningar. Se de r\u00f6da pilarna nedan (bilden \u00e4r en sk\u00e4rmdump fr\u00e5n <em>Steg 3<\/em> i f\u00f6rfarandet efter annons).<\/h4>\n\n\t\t<\/div>\n\t<\/div>\n\n\t<div  class=\"wpb_single_image wpb_content_element vc_align_center wpb_content_element\">\n\t\t\n\t\t<figure class=\"wpb_wrapper vc_figure\">\n\t\t\t<div class=\"vc_single_image-wrapper   vc_box_border_grey\"><img loading=\"lazy\" decoding=\"async\" width=\"1923\" height=\"854\" src=\"https:\/\/yourcampusad.com\/wp-content\/uploads\/2023\/04\/country-cites-etc.png\" class=\"vc_single_image-img attachment-full\" alt=\"\" title=\"country cites etc\" srcset=\"https:\/\/yourcampusad.com\/wp-content\/uploads\/2023\/04\/country-cites-etc.png 1923w, https:\/\/yourcampusad.com\/wp-content\/uploads\/2023\/04\/country-cites-etc-300x133.png 300w, https:\/\/yourcampusad.com\/wp-content\/uploads\/2023\/04\/country-cites-etc-1024x455.png 1024w, https:\/\/yourcampusad.com\/wp-content\/uploads\/2023\/04\/country-cites-etc-768x341.png 768w, https:\/\/yourcampusad.com\/wp-content\/uploads\/2023\/04\/country-cites-etc-1536x682.png 1536w, https:\/\/yourcampusad.com\/wp-content\/uploads\/2023\/04\/country-cites-etc-600x266.png 600w\" sizes=\"auto, (max-width: 1923px) 100vw, 1923px\" \/><\/div>\n\t\t<\/figure>\n\t<\/div>\n<\/div><\/div><\/div><div class=\"wpb_column vc_column_container vc_col-sm-3\"><div class=\"vc_column-inner\"><div class=\"wpb_wrapper\"><\/div><\/div><\/div><\/div><div class=\"vc_row wpb_row vc_row-fluid\"><div class=\"wpb_column vc_column_container vc_col-sm-3\"><div class=\"vc_column-inner\"><div class=\"wpb_wrapper\"><\/div><\/div><\/div><div class=\"wpb_column vc_column_container vc_col-sm-6\"><div class=\"vc_column-inner\"><div class=\"wpb_wrapper\">\n\t<div class=\"wpb_text_column wpb_content_element\" >\n\t\t<div class=\"wpb_wrapper\">\n\t\t\t<p><strong>I din profil v\u00e4ljer du &#034;Prenumerationer och automatiska meddelanden&#034;. Se de r\u00f6da pilarna nedan.<\/strong><\/p>\n\n\t\t<\/div>\n\t<\/div>\n\n\t<div  class=\"wpb_single_image wpb_content_element vc_align_center wpb_content_element\">\n\t\t\n\t\t<figure class=\"wpb_wrapper vc_figure\">\n\t\t\t<div class=\"vc_single_image-wrapper   vc_box_border_grey\"><img loading=\"lazy\" decoding=\"async\" width=\"1606\" height=\"338\" src=\"https:\/\/yourcampusad.com\/wp-content\/uploads\/2023\/04\/subscriptions-1.png\" class=\"vc_single_image-img attachment-full\" alt=\"subscriptions\" title=\"subscriptions 1\" srcset=\"https:\/\/yourcampusad.com\/wp-content\/uploads\/2023\/04\/subscriptions-1.png 1606w, https:\/\/yourcampusad.com\/wp-content\/uploads\/2023\/04\/subscriptions-1-300x63.png 300w, https:\/\/yourcampusad.com\/wp-content\/uploads\/2023\/04\/subscriptions-1-1024x216.png 1024w, https:\/\/yourcampusad.com\/wp-content\/uploads\/2023\/04\/subscriptions-1-768x162.png 768w, https:\/\/yourcampusad.com\/wp-content\/uploads\/2023\/04\/subscriptions-1-1536x323.png 1536w, https:\/\/yourcampusad.com\/wp-content\/uploads\/2023\/04\/subscriptions-1-600x126.png 600w\" sizes=\"auto, (max-width: 1606px) 100vw, 1606px\" \/><\/div>\n\t\t<\/figure>\n\t<\/div>\n\n\t<div class=\"wpb_text_column wpb_content_element\" >\n\t\t<div class=\"wpb_wrapper\">\n\t\t\t<p>Prenumeration baserat p\u00e5 <strong>radie<\/strong> inneb\u00e4r att du kan v\u00e4lja ditt campus efter adress, v\u00e4lja ett radieavst\u00e5nd fr\u00e5n ditt campus och f\u00e5 e-postlarm n\u00e4r inl\u00e4gg g\u00f6rs inom motsvarande omr\u00e5de.<\/p>\n<p>Prenumeration baserat p\u00e5 <strong>kategori och land<\/strong> inneb\u00e4r att du kan f\u00e5 e-postlarm n\u00e4r annonser l\u00e4ggs upp i den valda kategorin och landet. Det betyder att det \u00e4r viktigt att du v\u00e4ljer land, region (alla) och st\u00e4der (alla) (i steg 3) n\u00e4r du l\u00e4gger upp en annons \u2013 annars visas den inte i kategori- och landslarm (Det r\u00e4cker inte att v\u00e4lja ditt land n\u00e4r l\u00e4gga upp en annons). Var v\u00e4nlig se nedan.<\/p>\n<p><strong>Anv\u00e4ndare<\/strong> \u2013 H\u00e4r kan du prenumerera p\u00e5 inl\u00e4gg av en specifik anv\u00e4ndare kombinerat med en kategori. <strong>Hantera eller avbryt<\/strong> \u2013 H\u00e4r kan du hantera och s\u00e4ga upp dina prenumerationer. <strong>F\u00f6ljare<\/strong> \u2013 H\u00e4r kan du se hur m\u00e5nga anv\u00e4ndare (om n\u00e5gra) som prenumererar p\u00e5 dina inl\u00e4gg (prenumeration av anv\u00e4ndare). Se de r\u00f6da pilarna nedan.<\/p>\n\n\t\t<\/div>\n\t<\/div>\n\n\t<div  class=\"wpb_single_image wpb_content_element vc_align_center wpb_content_element\">\n\t\t\n\t\t<figure class=\"wpb_wrapper vc_figure\">\n\t\t\t<div class=\"vc_single_image-wrapper   vc_box_border_grey\"><img loading=\"lazy\" decoding=\"async\" width=\"1655\" height=\"436\" src=\"https:\/\/yourcampusad.com\/wp-content\/uploads\/2023\/04\/subscriptions-2.png\" class=\"vc_single_image-img attachment-full\" alt=\"Different subscriptions\" title=\"subscriptions 2\" srcset=\"https:\/\/yourcampusad.com\/wp-content\/uploads\/2023\/04\/subscriptions-2.png 1655w, https:\/\/yourcampusad.com\/wp-content\/uploads\/2023\/04\/subscriptions-2-300x79.png 300w, https:\/\/yourcampusad.com\/wp-content\/uploads\/2023\/04\/subscriptions-2-1024x270.png 1024w, https:\/\/yourcampusad.com\/wp-content\/uploads\/2023\/04\/subscriptions-2-768x202.png 768w, https:\/\/yourcampusad.com\/wp-content\/uploads\/2023\/04\/subscriptions-2-1536x405.png 1536w, https:\/\/yourcampusad.com\/wp-content\/uploads\/2023\/04\/subscriptions-2-600x158.png 600w\" sizes=\"auto, (max-width: 1655px) 100vw, 1655px\" \/><\/div>\n\t\t<\/figure>\n\t<\/div>\n\n\t<div class=\"wpb_text_column wpb_content_element\" >\n\t\t<div class=\"wpb_wrapper\">\n\t\t\t<h4><strong>OBS \u2013 N\u00c4R DU L\u00c4NGER UPP EN ANNONS \u00c4R DET VIKTIGT ATT DU V\u00c4LJER LAND, REGION (ALL REGION) OCH STAD (ALLA ST\u00c4DER) F\u00d6R ATT DITT INL\u00c4GG SKA VISAS I KATEGORI- OCH LANDS-ALARM.<\/strong> (Det r\u00e4cker inte att bara v\u00e4lja ditt land \u2013 du m\u00e5ste v\u00e4lja kriterierna &#034;alla regioner&#034; och &#034;alla st\u00e4der&#034; f\u00f6r att din annons ska inkluderas i larm f\u00f6r kategori och land. Se de r\u00f6da pilarna nedan (bilden \u00e4r en sk\u00e4rmbild f\u00e5nga fr\u00e5n <em>Steg 3<\/em> i f\u00f6rfarandet efter annons).<\/h4>\n\n\t\t<\/div>\n\t<\/div>\n\n\t<div  class=\"wpb_single_image wpb_content_element vc_align_center wpb_content_element\">\n\t\t\n\t\t<figure class=\"wpb_wrapper vc_figure\">\n\t\t\t<div class=\"vc_single_image-wrapper   vc_box_border_grey\"><img loading=\"lazy\" decoding=\"async\" width=\"1923\" height=\"854\" src=\"https:\/\/yourcampusad.com\/wp-content\/uploads\/2023\/04\/country-cites-etc.png\" class=\"vc_single_image-img attachment-full\" alt=\"\" title=\"country cites etc\" srcset=\"https:\/\/yourcampusad.com\/wp-content\/uploads\/2023\/04\/country-cites-etc.png 1923w, https:\/\/yourcampusad.com\/wp-content\/uploads\/2023\/04\/country-cites-etc-300x133.png 300w, https:\/\/yourcampusad.com\/wp-content\/uploads\/2023\/04\/country-cites-etc-1024x455.png 1024w, https:\/\/yourcampusad.com\/wp-content\/uploads\/2023\/04\/country-cites-etc-768x341.png 768w, https:\/\/yourcampusad.com\/wp-content\/uploads\/2023\/04\/country-cites-etc-1536x682.png 1536w, https:\/\/yourcampusad.com\/wp-content\/uploads\/2023\/04\/country-cites-etc-600x266.png 600w\" sizes=\"auto, (max-width: 1923px) 100vw, 1923px\" \/><\/div>\n\t\t<\/figure>\n\t<\/div>\n<\/div><\/div><\/div><div class=\"wpb_column vc_column_container vc_col-sm-3\"><div class=\"vc_column-inner\"><div class=\"wpb_wrapper\"><\/div><\/div><\/div><\/div>\n<\/div>","protected":false},"excerpt":{"rendered":"What language should I use when posting ads on Yourcampusad? Use English, or your native language, or both, depending on the target market and your language skills. We are working on a translation function. How do I post an Ad? Register an account. Confirm the account (Copy-paste the registration link sent to your email into [...]","protected":false},"author":1,"featured_media":0,"parent":0,"menu_order":0,"comment_status":"closed","ping_status":"closed","template":"","meta":{"footnotes":""},"class_list":["post-1146","page","type-page","status-publish","hentry"],"_links":{"self":[{"href":"https:\/\/yourcampusad.com\/sv\/wp-json\/wp\/v2\/pages\/1146","targetHints":{"allow":["GET"]}}],"collection":[{"href":"https:\/\/yourcampusad.com\/sv\/wp-json\/wp\/v2\/pages"}],"about":[{"href":"https:\/\/yourcampusad.com\/sv\/wp-json\/wp\/v2\/types\/page"}],"author":[{"embeddable":true,"href":"https:\/\/yourcampusad.com\/sv\/wp-json\/wp\/v2\/users\/1"}],"replies":[{"embeddable":true,"href":"https:\/\/yourcampusad.com\/sv\/wp-json\/wp\/v2\/comments?post=1146"}],"version-history":[{"count":30,"href":"https:\/\/yourcampusad.com\/sv\/wp-json\/wp\/v2\/pages\/1146\/revisions"}],"predecessor-version":[{"id":9437,"href":"https:\/\/yourcampusad.com\/sv\/wp-json\/wp\/v2\/pages\/1146\/revisions\/9437"}],"wp:attachment":[{"href":"https:\/\/yourcampusad.com\/sv\/wp-json\/wp\/v2\/media?parent=1146"}],"curies":[{"name":"wp","href":"https:\/\/api.w.org\/{rel}","templated":true}]}}