{"id":8641,"date":"2023-04-28T18:22:01","date_gmt":"2023-04-28T18:22:01","guid":{"rendered":"https:\/\/yourcampusad.com\/?page_id=8641"},"modified":"2024-02-25T14:31:23","modified_gmt":"2024-02-25T14:31:23","slug":"information-for-student-organizations","status":"publish","type":"page","link":"https:\/\/yourcampusad.com\/pt\/information-for-student-organizations\/","title":{"rendered":"Informa\u00e7\u00f5es para organiza\u00e7\u00f5es estudantis"},"content":{"rendered":"<h1 class=\"wp-block-heading\">&#8212; <strong>Por que usar Yourcampusad?<\/strong> <\/h1>\n\n\n<h4><strong><span style=\"color: #0000ff;\">1.<\/span> Voc\u00ea pode criar um mercado para o seu campus em segundos. Voc\u00ea pode, por exemplo, criar um mercado imobili\u00e1rio. E os alunos podem configurar alarmes para serem notificados por e-mail quando algo estiver listado no mercado imobili\u00e1rio a uma dist\u00e2ncia selecionada de seu campus.<\/strong><\/h4>\n<h4><strong><span style=\"color: #0000ff;\">2.<\/span> Voc\u00ea pode, por exemplo, criar um mercado de \u201cLivros\u201d para todo o seu campus e ou por tema correspondente a uma escola\/faculdade espec\u00edfica, como Administra\u00e7\u00e3o. Cada subdivis\u00e3o da sua organiza\u00e7\u00e3o estudantil pode, assim, criar mercados adaptados aos seus alunos. <span style=\"color: #000000;\">Para criar tais subdivis\u00f5es, consulte \u201cComo criar mercados de subdivis\u00e3o a partir de subcategorias\u201d na parte inferior abaixo.<\/span><\/strong><\/h4>\n<h4><strong><span style=\"color: #0000ff;\">3.<\/span> Os mesmos livros s\u00e3o normalmente usados \u200b\u200bano ap\u00f3s ano no campus local. Em vez de serem jogados fora, eles podem ser repassados \u200b\u200ba novos alunos.\u00a0<\/strong><\/h4>\n<h4><strong><span style=\"color: #0000ff;\">4.<\/span> Yourcampusad \u00e9 internacional \u2013 estudantes de interc\u00e2mbio e estudantes estrangeiros saber\u00e3o imediatamente onde procurar, por exemplo, moradia e outras coisas que precisam.\u00a0<\/strong><\/h4>\n<h4><strong><span style=\"color: #0000ff;\">5.<\/span> Possibilita que a comunidade local alugue moradias para estudantes, aumentando a oferta e, assim, baixando os pre\u00e7os (aluguel).\u00a0<\/strong><\/h4>\n<h4><strong><span style=\"color: #0000ff;\">6.<\/span> Por exemplo, \u00e9 dif\u00edcil transportar m\u00f3veis em longas dist\u00e2ncias, mas com um mercado local (em um campus), os compradores podem encontrar vendedores.\u00a0<\/strong><\/h4>\n<h4><strong><span style=\"color: #0000ff;\">7.<\/span> \u00c9 de gra\u00e7a.<\/strong><\/h4>\n<hr \/>\n<h4><span style=\"color: #0000ff;\"><em><strong>8. Uma implementa\u00e7\u00e3o bem-sucedida significa que voc\u00ea fez algo de bom para os alunos \u2013 inclua no seu curr\u00edculo. Um curr\u00edculo impressionante n\u00e3o consiste na forma\u00e7\u00e3o ou nos cargos que voc\u00ea ocupou \u2013 mas nas coisas que voc\u00ea fez ou realizou.<\/strong><\/em><\/span><\/h4>\n\n\n<h1 class=\"wp-block-heading\"><em>Exemplo:<\/em><\/h1>\n\n\n<p><strong>Aqui est\u00e1 o mercado local da Universidade de Uppsala, na Su\u00e9cia, com todas as categorias e com um raio de 10 km \u2013 como um link, como um texto de exemplo clic\u00e1vel e como uma imagem de exemplo clic\u00e1vel.&nbsp;<\/strong><\/p>\n\n\n<div class=\"wp-block-columns is-layout-flex wp-container-core-columns-is-layout-9d6595d7 wp-block-columns-is-layout-flex\">\n<div class=\"wp-block-column is-layout-flow wp-block-column-is-layout-flow\" style=\"flex-basis:33.33%\">\n<p style=\"text-align: right;\"><strong>Como link:<\/strong>&nbsp;<\/p>\n<\/div>\n\n\n\n<div class=\"wp-block-column is-layout-flow wp-block-column-is-layout-flow\" style=\"flex-basis:66.66%\">\n<p style=\"text-align: left;\"><a href=\"https:\/\/yourcampusad.com\/pt\/search-results\/?ad_title=&amp;cat_id=&amp;location=Uppsala universitet, Uppsala, Sweden&amp;rd=10\">https:\/\/yourcampusad.com\/search-results\/?ad_title=&amp;cat_id=&amp;location=Uppsala+universitet%2C+Uppsala%2C+Sweden&amp;rd=10<\/a><\/p>\n\n\n\n<p><\/p>\n<\/div>\n<\/div>\n\n\n\n<div class=\"wp-block-columns is-layout-flex wp-container-core-columns-is-layout-9d6595d7 wp-block-columns-is-layout-flex\">\n<div class=\"wp-block-column is-layout-flow wp-block-column-is-layout-flow\" style=\"flex-basis:33.33%\">\n<p style=\"text-align: right;\"><strong>Este link pode ser vinculado a um texto clic\u00e1vel:<\/strong><\/p>\n<\/div>\n\n\n\n<div class=\"wp-block-column is-layout-flow wp-block-column-is-layout-flow\" style=\"flex-basis:66.66%\">\n<p style=\"text-align: left;\"><a href=\"https:\/\/yourcampusad.com\/pt\/search-results\/?ad_title=&amp;cat_id=&amp;location=Uppsala universitet, Uppsala, Sweden&amp;rd=10\"><strong>Nosso mercado local<\/strong><\/a><\/p>\n\n\n\n<p><\/p>\n<\/div>\n<\/div>\n\n\n\n<div class=\"wp-block-columns is-layout-flex wp-container-core-columns-is-layout-9d6595d7 wp-block-columns-is-layout-flex\">\n<div class=\"wp-block-column is-layout-flow wp-block-column-is-layout-flow\" style=\"flex-basis:33.33%\">\n<p style=\"text-align: right;\"><strong>Ou para qualquer imagem:<\/strong><\/p>\n<\/div>\n\n\n\n<div class=\"wp-block-column is-layout-flow wp-block-column-is-layout-flow\" style=\"flex-basis:66.66%\"><div class=\"wp-block-image\">\n<figure class=\"alignleft size-large is-resized\"><a href=\"https:\/\/yourcampusad.com\/pt\/search-results\/?ad_title=&amp;cat_id=&amp;location=Uppsala universitet, Uppsala, Sweden&amp;rd=10\" target=\"_blank\" rel=\"noopener noreferrer\"><img loading=\"lazy\" decoding=\"async\" width=\"294\" height=\"174\" src=\"https:\/\/yourcampusad.com\/wp-content\/uploads\/2023\/05\/market-sample-logo.png\" alt=\"\" class=\"wp-image-8900\" style=\"width:221px;height:131px\"\/><\/a><\/figure>\n<\/div><\/div>\n<\/div>\n\n\n\n<h1 class=\"wp-block-heading\">&#8212; <strong>Como criar um mercado local para o seu campus em 3 etapas:<\/strong><\/h1>\n\n\n<h4><strong><span style=\"color: #0000ff;\">Passo 1.<\/span> Na p\u00e1gina inicial yourcampusad.com, encontre seu campus na barra Localiza\u00e7\u00e3o, selecione a categoria de interesse (ou deixe em branco para incluir todas as categorias) na barra Selecionar Categoria. E clique em \u201cPesquisar\u201d. Por favor, veja as setas vermelhas abaixo.<\/strong><\/h4>\n\n<div class=\"wp-block-image\">\n<figure class=\"aligncenter size-large is-resized\"><img loading=\"lazy\" decoding=\"async\" width=\"787\" height=\"778\" src=\"https:\/\/yourcampusad.com\/wp-content\/uploads\/2023\/05\/search2.png\" alt=\"\" class=\"wp-image-8919\" style=\"width:397px;height:392px\" srcset=\"https:\/\/yourcampusad.com\/wp-content\/uploads\/2023\/05\/search2.png 787w, https:\/\/yourcampusad.com\/wp-content\/uploads\/2023\/05\/search2-300x297.png 300w, https:\/\/yourcampusad.com\/wp-content\/uploads\/2023\/05\/search2-768x759.png 768w, https:\/\/yourcampusad.com\/wp-content\/uploads\/2023\/05\/search2-80x80.png 80w, https:\/\/yourcampusad.com\/wp-content\/uploads\/2023\/05\/search2-50x50.png 50w, https:\/\/yourcampusad.com\/wp-content\/uploads\/2023\/05\/search2-600x593.png 600w, https:\/\/yourcampusad.com\/wp-content\/uploads\/2023\/05\/search2-100x100.png 100w\" sizes=\"auto, (max-width: 787px) 100vw, 787px\" \/><\/figure>\n<\/div>\n\n<h4><strong><span style=\"color: #0000ff;\">Passo 2.<\/span> Na p\u00e1gina Resultados. Copie o link completo na janela do navegador. Por favor, veja as setas vermelhas abaixo.<\/strong><\/h4>\n\n<div class=\"wp-block-image\">\n<figure class=\"aligncenter size-large\"><img loading=\"lazy\" decoding=\"async\" width=\"1024\" height=\"186\" src=\"https:\/\/yourcampusad.com\/wp-content\/uploads\/2023\/04\/Screenshot_2-1024x186.png\" alt=\"\" class=\"wp-image-8651\" srcset=\"https:\/\/yourcampusad.com\/wp-content\/uploads\/2023\/04\/Screenshot_2-1024x186.png 1024w, https:\/\/yourcampusad.com\/wp-content\/uploads\/2023\/04\/Screenshot_2-300x55.png 300w, https:\/\/yourcampusad.com\/wp-content\/uploads\/2023\/04\/Screenshot_2-768x140.png 768w, https:\/\/yourcampusad.com\/wp-content\/uploads\/2023\/04\/Screenshot_2-1536x280.png 1536w, https:\/\/yourcampusad.com\/wp-content\/uploads\/2023\/04\/Screenshot_2-600x109.png 600w, https:\/\/yourcampusad.com\/wp-content\/uploads\/2023\/04\/Screenshot_2.png 1730w\" sizes=\"auto, (max-width: 1024px) 100vw, 1024px\" \/><\/figure>\n<\/div>\n\n<h4><strong><span style=\"color: #0000ff;\">Etapa 3.<\/span> Agora voc\u00ea pode usar esse link na p\u00e1gina da sua organiza\u00e7\u00e3o estudantil.<\/strong><\/h4>\n<h4><strong><span style=\"color: #000000;\"><span style=\"color: #0000ff;\">&#8212;<\/span> Qualquer pessoa com acesso administrativo \u00e0 sua p\u00e1gina da web pode facilmente anunciar o link na(s) sua(s) p\u00e1gina(s), conect\u00e1-lo a bot\u00f5es ou \u00edcones.<\/span><\/strong><\/h4>\n<h4><span style=\"color: #000000;\"><strong><span style=\"color: #0000ff;\">&#8212;<\/span> Envie o link por e-mail para alunos e novos alunos a cada ano para construir um mercado vibrante.\u00a0<\/strong><\/span><\/h4>\n<h4><span style=\"color: #000000;\"><strong><span style=\"color: #0000ff;\">&#8212;<\/span> Repita as etapas 1 a 3 com diferentes categorias (de mercado), conforme necess\u00e1rio.\u00a0<\/strong><\/span><\/h4>\n\n\n<hr class=\"wp-block-separator has-css-opacity is-style-wide\"\/>\n\n\n\n<h1 class=\"wp-block-heading\">&#8212; <strong>Implementa\u00e7\u00e3o bem-sucedida ou t\u00edpica<\/strong>.<\/h1>\n\n\n<h4><strong>Para criar um mercado vibrante, a sua exist\u00eancia deve ser comunicada.\u00a0<\/strong><\/h4>\n<h4><span style=\"color: #0000ff;\"><strong>1. Nomeie algu\u00e9m respons\u00e1vel pela implementa\u00e7\u00e3o.<\/strong><\/span><\/h4>\n<h4><span style=\"color: #0000ff;\"><strong>2. Uma organiza\u00e7\u00e3o estudantil principal deve considerar listar ou fornecer aos estudantes:\u00a0<\/strong><\/span><\/h4>\n<h4><strong><span style=\"color: #000000;\">&#8212;<\/span> <span style=\"color: #0000ff;\">um mercado geral<\/span> (ou seja, nenhuma categoria \u00e9 escolhida no processo acima para incluir todas as categorias). Quando os alunos acessam o link, eles podem selecionar outras categorias espec\u00edficas e repetir a busca.<br \/><\/strong><br \/><strong><span style=\"color: #000000;\">&#8212;<\/span> <span style=\"color: #0000ff;\">e um mercado imobili\u00e1rio<\/span> (ou seja, a categoria Habita\u00e7\u00e3o \u00e9 escolhida no processo acima). A moradia \u00e9 fundamental e todos os estudantes procuram moradia uma vez ou outra.<\/strong><\/h4>\n<h4><span style=\"color: #0000ff;\"><strong>3. Cada subdivis\u00e3o da sua organiza\u00e7\u00e3o estudantil deve considerar listar\/fornecer aos alunos:<\/strong><\/span><\/h4>\n<h4><strong>- um mercado geral<br \/><\/strong><br \/><strong>- e um mercado imobili\u00e1rio<\/strong><\/h4>\n<h4><strong><span style=\"color: #0000ff;\"><span style=\"color: #000000;\">&#8212;<\/span> e um mercado espec\u00edfico de subdivis\u00e3o. <\/span>Por exemplo, livros de Neg\u00f3cios e Economia para a Associa\u00e7\u00e3o de Estudantes de Neg\u00f3cios \u2013 que \u00e9 uma subcategoria da categoria Livros. <span style=\"color: #0000ff;\">Veja abaixo como cri\u00e1-lo.<\/span><\/strong><\/h4>\n<h4><strong><span style=\"color: #0000ff;\">4. Busque apoio e coopera\u00e7\u00e3o com sua institui\u00e7\u00e3o ou universidade. <\/span><\/strong><span style=\"color: #0000ff;\"><strong>\u00a0<\/strong><\/span><\/h4>\n\n\n<hr class=\"wp-block-separator has-css-opacity is-style-wide\"\/>\n\n\n\n<h1 class=\"wp-block-heading\"><strong>Como criar mercados de subdivis\u00e3o a partir de subcategorias.<\/strong><\/h1>\n\n\n<h4><span style=\"color: #000000;\"><strong>Para criar mercados espec\u00edficos de subdivis\u00e3o: A partir da etapa 3 do guia acima para criar um mercado local para o seu campus \u2013 que est\u00e1 na p\u00e1gina Resultados, voc\u00ea pode selecionar categorias. Por favor, veja as setas vermelhas abaixo.<\/strong><\/span><\/h4>\n\n<div class=\"wp-block-image\">\n<figure class=\"aligncenter size-large is-resized\"><img loading=\"lazy\" decoding=\"async\" width=\"1024\" height=\"277\" src=\"https:\/\/yourcampusad.com\/wp-content\/uploads\/2023\/04\/Screenshot_3-1024x277.png\" alt=\"\" class=\"wp-image-8676\" style=\"width:532px;height:143px\" srcset=\"https:\/\/yourcampusad.com\/wp-content\/uploads\/2023\/04\/Screenshot_3-1024x277.png 1024w, https:\/\/yourcampusad.com\/wp-content\/uploads\/2023\/04\/Screenshot_3-300x81.png 300w, https:\/\/yourcampusad.com\/wp-content\/uploads\/2023\/04\/Screenshot_3-768x208.png 768w, https:\/\/yourcampusad.com\/wp-content\/uploads\/2023\/04\/Screenshot_3-1536x415.png 1536w, https:\/\/yourcampusad.com\/wp-content\/uploads\/2023\/04\/Screenshot_3-2048x554.png 2048w, https:\/\/yourcampusad.com\/wp-content\/uploads\/2023\/04\/Screenshot_3-600x162.png 600w\" sizes=\"auto, (max-width: 1024px) 100vw, 1024px\" \/><\/figure>\n<\/div>\n\n\n<h4 class=\"wp-block-heading\"><span style=\"color: #ff0000;\"><strong><br><span style=\"color: #000000;\">Selecione uma categoria aqui e (se aplic\u00e1vel) uma janela aparecer\u00e1 onde voc\u00ea poder\u00e1 selecionar subcategorias dentro dessa categoria. Selecione uma sub categoria. Em seguida, clique em pesquisar e copie o link completo que aparece na janela do navegador.<\/span><\/strong><\/span><\/h4>\n\n\n\n<p class=\"has-medium-font-size\"><strong><span style=\"color: #0000ff;\">Para sugerir alguma categoria ou subcategoria que voc\u00ea acha que est\u00e1 faltando, entre em contato conosco (contact@yourcampusad.com). Obrigado pelo seu tempo lendo isto. Vamos fazer acontecer!<\/span><\/strong><\/p>","protected":false},"excerpt":{"rendered":"<p>&#8212; Why use Yourcampusad ? 1. You can create a market for your campus in seconds. You can, for example, create a Housing market. And students can set up alarms so that they are notified by email when something is listed on the Housing market within a selected distance from your campus. 2. You can, [&hellip;]<\/p>","protected":false},"author":1,"featured_media":0,"parent":0,"menu_order":0,"comment_status":"closed","ping_status":"closed","template":"","meta":{"footnotes":""},"class_list":["post-8641","page","type-page","status-publish","hentry"],"_links":{"self":[{"href":"https:\/\/yourcampusad.com\/pt\/wp-json\/wp\/v2\/pages\/8641","targetHints":{"allow":["GET"]}}],"collection":[{"href":"https:\/\/yourcampusad.com\/pt\/wp-json\/wp\/v2\/pages"}],"about":[{"href":"https:\/\/yourcampusad.com\/pt\/wp-json\/wp\/v2\/types\/page"}],"author":[{"embeddable":true,"href":"https:\/\/yourcampusad.com\/pt\/wp-json\/wp\/v2\/users\/1"}],"replies":[{"embeddable":true,"href":"https:\/\/yourcampusad.com\/pt\/wp-json\/wp\/v2\/comments?post=8641"}],"version-history":[{"count":51,"href":"https:\/\/yourcampusad.com\/pt\/wp-json\/wp\/v2\/pages\/8641\/revisions"}],"predecessor-version":[{"id":9474,"href":"https:\/\/yourcampusad.com\/pt\/wp-json\/wp\/v2\/pages\/8641\/revisions\/9474"}],"wp:attachment":[{"href":"https:\/\/yourcampusad.com\/pt\/wp-json\/wp\/v2\/media?parent=8641"}],"curies":[{"name":"wp","href":"https:\/\/api.w.org\/{rel}","templated":true}]}}