{"id":8639,"date":"2023-04-28T18:18:49","date_gmt":"2023-04-28T18:18:49","guid":{"rendered":"https:\/\/yourcampusad.com\/?page_id=8639"},"modified":"2024-02-25T11:10:57","modified_gmt":"2024-02-25T11:10:57","slug":"information-for-universities-and-institutions","status":"publish","type":"page","link":"https:\/\/yourcampusad.com\/pt\/information-for-universities-and-institutions\/","title":{"rendered":"Informa\u00e7\u00f5es para Universidades e Institui\u00e7\u00f5es"},"content":{"rendered":"<h1 class=\"wp-block-heading\">\u2014 Por que seucampusad?<\/h1>\n\n\n<h4><strong><span style=\"color: #0000ff;\">1.<\/span> Ambiental \u2013 a sua universidade tem uma pol\u00edtica ambiental? Muitos livros usados, m\u00f3veis, etc. s\u00e3o jogados fora (muitas vezes os livros nunca mais s\u00e3o usados \u200b\u200bap\u00f3s o t\u00e9rmino do semestre) \u2013 passar coisas para outras pessoas \u00e9 uma coisa boa.<\/strong><\/h4>\n<h4><strong><span style=\"color: #0000ff;\">2.<\/span> Internacional \u2013 Seu campus \u00e9 internacional. Muitos recursos s\u00e3o mobilizados para promov\u00ea-lo. Estudantes internacionais e intercambistas sabem onde procurar moradia e outras coisas de que precisam.<\/strong><\/h4>\n<h4><strong><span style=\"color: #0000ff;\">3. <\/span><\/strong><strong>Mais estudantes \u2013 um mercado local ajuda os estudantes a encontrar, por exemplo, habita\u00e7\u00e3o, o que muitas vezes \u00e9 fundamental para a escolha da universidade. Tornar poss\u00edvel \u00e0 comunidade local alugar quartos e habita\u00e7\u00f5es aumenta a oferta e, assim, reduz os pre\u00e7os (alugu\u00e9is).\u00a0<\/strong><\/h4>\n<h4><strong><span style=\"color: #0000ff;\">4.<\/span> Aspectos Sociais \u2013 os mercados locais do Yourcampus promovem uma cultura vibrante no campus, o que \u00e9 muito importante para os estudantes na escolha de uma universidade.\u00a0<\/strong><\/h4>\n<h4><strong><span style=\"color: #0000ff;\">5.\u00a0<\/span><\/strong><strong>Funcion\u00e1rios \u2013 os funcion\u00e1rios podem facilmente oferecer seus pr\u00f3prios livros ou livros did\u00e1ticos para venda ou distribu\u00ed-los nos mercados locais.<br \/><\/strong><strong><br \/><\/strong><strong><span style=\"color: #0000ff;\">6. <\/span><\/strong><strong>Visibilidade \u2013 estando presente no Yourcampus aumenta a visibilidade da sua institui\u00e7\u00e3o.\u00a0<\/strong><\/h4>\n<h4><strong><span style=\"color: #0000ff;\">7.<\/span> \u00c9 de gra\u00e7a.<\/strong><\/h4>\n<h4><strong><em><span style=\"color: #0000ff;\">8. Como representante da institui\u00e7\u00e3o \u2013 A implementa\u00e7\u00e3o de um mercado local no seu campus significa que voc\u00ea fez algo de bom para os alunos e para a sua institui\u00e7\u00e3o.<\/span><\/em><\/strong><\/h4>\n<h4><strong><em><span style=\"color: #0000ff;\">(\u2026Coloque no seu curr\u00edculo. Um curr\u00edculo impressionante n\u00e3o consiste em cargos que voc\u00ea ocupou \u2013 mas em coisas que voc\u00ea fez ou realizou.)<\/span><\/em><\/strong><\/h4>\n\n\n<h1 class=\"wp-block-heading\">- O que pode ser feito: <\/h1>\n\n\n<h4><strong>1. <span style=\"color: #0000ff;\"><span style=\"color: #000000;\">Voc\u00ea pode criar um mercado para seu campus ou institui\u00e7\u00e3o<\/span> em segundos.<\/span> Voc\u00ea pode, por exemplo, criar um mercado imobili\u00e1rio. E os alunos podem configurar alarmes para serem notificados por e-mail quando algo estiver listado no mercado imobili\u00e1rio a uma dist\u00e2ncia selecionada de seu campus.<\/strong><\/h4>\n<h4><strong>2. Voc\u00ea pode, por exemplo, criar um mercado de \u201cLivros\u201d para todo o seu campus e ou por tema correspondente a uma escola\/faculdade espec\u00edfica, como Administra\u00e7\u00e3o. Cada subdivis\u00e3o pode assim criar mercados adaptados aos seus alunos. <span style=\"color: #000000;\">Para criar subdivis\u00f5es, consulte \u201cImplementa\u00e7\u00e3o t\u00edpica ou bem-sucedida\u201d na parte inferior abaixo.<\/span><\/strong><\/h4>\n\n\n<h1 class=\"wp-block-heading\"><em>Exemplo:<\/em><\/h1>\n\n\n<p><strong>Aqui est\u00e1 o mercado local Yourcampusad da Universidade de Uppsala, na Su\u00e9cia, com todas as categorias e com um raio de 10 km \u2013 como um link, como um texto de exemplo clic\u00e1vel e como uma imagem de exemplo clic\u00e1vel.\u00a0<\/strong><\/p>\n\n\n<div class=\"wp-block-columns is-layout-flex wp-container-core-columns-is-layout-9d6595d7 wp-block-columns-is-layout-flex\">\n<div class=\"wp-block-column is-layout-flow wp-block-column-is-layout-flow\" style=\"flex-basis:33.33%\">\n<p style=\"text-align: right;\"><strong>Como link:<\/strong>&nbsp;<\/p>\n<\/div>\n\n\n\n<div class=\"wp-block-column is-layout-flow wp-block-column-is-layout-flow\" style=\"flex-basis:66.66%\">\n<p style=\"text-align: center;\"><a href=\"https:\/\/yourcampusad.com\/pt\/search-results\/?ad_title=&amp;cat_id=&amp;location=Uppsala universitet, Uppsala, Sweden&amp;rd=10\">https:\/\/yourcampusad.com\/search-results\/?ad_title=&amp;cat_id=&amp;location=Uppsala+universitet%2C+Uppsala%2C+Sweden&amp;rd=10<\/a><\/p>\n<\/div>\n<\/div>\n\n\n\n<div class=\"wp-block-columns is-layout-flex wp-container-core-columns-is-layout-9d6595d7 wp-block-columns-is-layout-flex\">\n<div class=\"wp-block-column is-layout-flow wp-block-column-is-layout-flow\" style=\"flex-basis:33.33%\">\n<p style=\"text-align: right;\"><strong>Este link pode ser vinculado a um texto clic\u00e1vel:<\/strong><\/p>\n<\/div>\n\n\n\n<div class=\"wp-block-column is-layout-flow wp-block-column-is-layout-flow\" style=\"flex-basis:66.66%\">\n<p style=\"text-align: center;\"><a href=\"https:\/\/yourcampusad.com\/pt\/search-results\/?ad_title=&amp;cat_id=&amp;location=Uppsala universitet, Uppsala, Sweden&amp;rd=10\"><strong>Nosso mercado local<\/strong><\/a><\/p>\n<\/div>\n<\/div>\n\n\n\n<div class=\"wp-block-columns is-layout-flex wp-container-core-columns-is-layout-9d6595d7 wp-block-columns-is-layout-flex\">\n<div class=\"wp-block-column is-layout-flow wp-block-column-is-layout-flow\" style=\"flex-basis:33.33%\">\n<p style=\"text-align: right;\"><strong>Ou para qualquer imagem:<\/strong><\/p>\n<\/div>\n\n\n\n<div class=\"wp-block-column is-layout-flow wp-block-column-is-layout-flow\" style=\"flex-basis:66.66%\"><div class=\"wp-block-image\">\n<figure class=\"aligncenter size-large is-resized\"><a href=\"https:\/\/yourcampusad.com\/pt\/search-results\/?ad_title=&amp;cat_id=&amp;location=Uppsala universitet, Uppsala, Sweden&amp;rd=10\" target=\"_blank\" rel=\"noopener noreferrer\"><img loading=\"lazy\" decoding=\"async\" width=\"294\" height=\"174\" src=\"https:\/\/yourcampusad.com\/wp-content\/uploads\/2023\/05\/market-sample-logo.png\" alt=\"\" class=\"wp-image-8900\" style=\"width:221px;height:131px\"\/><\/a><\/figure>\n<\/div><\/div>\n<\/div>\n\n\n\n<h1 class=\"wp-block-heading\" id=\"block-a8c987fa-3d30-48fa-8234-d14a0c431ab8\">\u2014 Crie um mercado local para o seu campus em 3 etapas:<\/h1>\n\n\n\n<hr class=\"wp-block-separator has-css-opacity is-style-wide\"\/>\n\n\n<h4><strong><span style=\"color: #0000ff;\">Passo 1.<\/span> Na p\u00e1gina inicial yourcampusad.com, encontre seu campus na barra Localiza\u00e7\u00e3o, selecione a categoria de interesse (ou deixe em branco para incluir todas as categorias). E clique em \u201cPesquisar\u201d.<\/strong><\/h4>\n\n<div class=\"wp-block-image\">\n<figure class=\"aligncenter size-large is-resized\"><img loading=\"lazy\" decoding=\"async\" width=\"787\" height=\"778\" src=\"https:\/\/yourcampusad.com\/wp-content\/uploads\/2023\/05\/search2.png\" alt=\"\" class=\"wp-image-8919\" style=\"width:368px;height:363px\" srcset=\"https:\/\/yourcampusad.com\/wp-content\/uploads\/2023\/05\/search2.png 787w, https:\/\/yourcampusad.com\/wp-content\/uploads\/2023\/05\/search2-300x297.png 300w, https:\/\/yourcampusad.com\/wp-content\/uploads\/2023\/05\/search2-768x759.png 768w, https:\/\/yourcampusad.com\/wp-content\/uploads\/2023\/05\/search2-80x80.png 80w, https:\/\/yourcampusad.com\/wp-content\/uploads\/2023\/05\/search2-50x50.png 50w, https:\/\/yourcampusad.com\/wp-content\/uploads\/2023\/05\/search2-600x593.png 600w, https:\/\/yourcampusad.com\/wp-content\/uploads\/2023\/05\/search2-100x100.png 100w\" sizes=\"auto, (max-width: 787px) 100vw, 787px\" \/><\/figure>\n<\/div>\n\n<h4><strong><span style=\"color: #0000ff;\">Passo 2.<\/span> Na p\u00e1gina Resultados. Copie o link completo na parte superior da janela do navegador.\u00a0<\/strong><\/h4>\n\n<div class=\"wp-block-image\">\n<figure class=\"aligncenter size-large is-resized\"><img loading=\"lazy\" decoding=\"async\" width=\"1024\" height=\"186\" src=\"https:\/\/yourcampusad.com\/wp-content\/uploads\/2023\/04\/Screenshot_2-1024x186.png\" alt=\"\" class=\"wp-image-8651\" style=\"width:569px;height:103px\" srcset=\"https:\/\/yourcampusad.com\/wp-content\/uploads\/2023\/04\/Screenshot_2-1024x186.png 1024w, https:\/\/yourcampusad.com\/wp-content\/uploads\/2023\/04\/Screenshot_2-300x55.png 300w, https:\/\/yourcampusad.com\/wp-content\/uploads\/2023\/04\/Screenshot_2-768x140.png 768w, https:\/\/yourcampusad.com\/wp-content\/uploads\/2023\/04\/Screenshot_2-1536x280.png 1536w, https:\/\/yourcampusad.com\/wp-content\/uploads\/2023\/04\/Screenshot_2-600x109.png 600w, https:\/\/yourcampusad.com\/wp-content\/uploads\/2023\/04\/Screenshot_2.png 1730w\" sizes=\"auto, (max-width: 1024px) 100vw, 1024px\" \/><\/figure>\n<\/div>\n\n<h4><strong><span style=\"color: #0000ff;\">Etapa 3.<\/span> Agora use esse link na p\u00e1gina da sua institui\u00e7\u00e3o.<\/strong><\/h4>\n<h4><strong><span style=\"color: #0000ff;\">-\u00a0<\/span>Qualquer pessoa com acesso administrativo \u00e0 p\u00e1gina da web pode facilmente anunciar o link no site da sua institui\u00e7\u00e3o <\/strong><strong>p\u00e1gina da web e conecte-a a bot\u00f5es ou \u00edcones.<\/strong><\/h4>\n<h4><strong><span style=\"color: #0000ff;\">-<\/span> Envie o link por e-mail para seus colegas de trabalho, alunos e novos alunos a cada ano para construir um mercado vibrante.\u00a0<\/strong><\/h4>\n<h4><strong><span style=\"color: #0000ff;\">-<\/span> Repita os passos 1-3 com diferentes categorias (de mercado) (por exemplo, \u201cHabita\u00e7\u00e3o\u201d, \u201cLivros \u2013 F\u00edsica\u201d) conforme necess\u00e1rio.\u00a0<\/strong><\/h4>\n\n\n<h1 class=\"wp-block-heading\">Para sucesso:<\/h1>\n\n\n\n<h4 class=\"wp-block-heading\"><strong>Para criar um mercado vibrante, a sua exist\u00eancia deve ser comunicada. <\/strong><strong><span style=\"color: #0000ff;\">Recomendamos enfaticamente que todas as universidades acessem seu mercado Yourcampusad em seus sites - e apoiem as organiza\u00e7\u00f5es estudantis na implementa\u00e7\u00e3o.<\/span><\/strong><\/h4>\n\n\n\n<h4 class=\"wp-block-heading\"><strong><span style=\"color: #0000ff;\">Como guia, sugerimos o seguinte \u00e0s organiza\u00e7\u00f5es estudantis:&nbsp;<\/span><\/strong><\/h4>\n\n\n\n<h4 class=\"wp-block-heading\"><strong>1. Nomeie algu\u00e9m respons\u00e1vel pela implementa\u00e7\u00e3o.<\/strong><\/h4>\n\n\n\n<h4 class=\"wp-block-heading\"><strong>2. Uma importante organiza\u00e7\u00e3o estudantil deve considerar a publica\u00e7\u00e3o de:&nbsp;<\/strong><\/h4>\n\n\n\n<h4 class=\"wp-block-heading\"><strong>\u2014 um link de mercado geral do Yourcampusad (nenhuma categoria \u00e9 escolhida no processo acima). Ao acessar o link, os alunos poder\u00e3o ver o que est\u00e1 dispon\u00edvel em seu campus em todas as categorias.<br><\/strong><br><strong>\u2014 e um link do mercado imobili\u00e1rio Yourcampusad (a categoria \u201cHabita\u00e7\u00e3o\u201d \u00e9 escolhida no processo acima). A moradia \u00e9 fundamental e todos os estudantes procuram moradia uma vez ou outra.<\/strong><\/h4>\n\n\n\n<h4 class=\"wp-block-heading\"><span style=\"color: #000000;\"><strong>3. Cada subdivis\u00e3o da sua organiza\u00e7\u00e3o estudantil deve considerar fornecer links para o seu campus:<\/strong><\/span><\/h4>\n\n\n\n<h4 class=\"wp-block-heading\"><strong>\u2013 Mercado geral<br><br><\/strong><strong>-&nbsp;<\/strong><strong> Mercado de im\u00f3veis<\/strong><\/h4>\n\n\n\n<h4 class=\"wp-block-heading\"><strong>\u2014 e um mercado espec\u00edfico de subdivis\u00e3o. Por exemplo, livros de neg\u00f3cios para Associa\u00e7\u00e3o de Estudantes de Neg\u00f3cios (que \u00e9 uma subcategoria da categoria Livros). Veja abaixo.<\/strong><\/h4>\n\n\n\n<h4 class=\"wp-block-heading\"><span style=\"color: #0000ff;\"><strong>4. Busque apoio e coopera\u00e7\u00e3o com sua institui\u00e7\u00e3o ou universidade.<\/strong><\/span><\/h4>\n\n\n\n<h3 class=\"wp-block-heading\" id=\"block-9511455e-bec0-4095-8b91-81ab4a019d36\"><strong>Como criar mercados de subdivis\u00e3o a partir de subcategorias<\/strong>:<\/h3>\n\n\n<h4><strong>Para criar mercados espec\u00edficos de subdivis\u00e3o: A partir da etapa 3 do guia para criar um mercado local para o seu campus \u2013 ou seja, na p\u00e1gina Resultados, voc\u00ea pode selecionar categorias. Por favor, veja as setas vermelhas abaixo.<\/strong><\/h4>\n\n<div class=\"wp-block-image\">\n<figure class=\"aligncenter size-large\"><img loading=\"lazy\" decoding=\"async\" width=\"1024\" height=\"277\" src=\"https:\/\/yourcampusad.com\/wp-content\/uploads\/2023\/04\/Screenshot_3-1024x277.png\" alt=\"\" class=\"wp-image-8676\" srcset=\"https:\/\/yourcampusad.com\/wp-content\/uploads\/2023\/04\/Screenshot_3-1024x277.png 1024w, https:\/\/yourcampusad.com\/wp-content\/uploads\/2023\/04\/Screenshot_3-300x81.png 300w, https:\/\/yourcampusad.com\/wp-content\/uploads\/2023\/04\/Screenshot_3-768x208.png 768w, https:\/\/yourcampusad.com\/wp-content\/uploads\/2023\/04\/Screenshot_3-1536x415.png 1536w, https:\/\/yourcampusad.com\/wp-content\/uploads\/2023\/04\/Screenshot_3-2048x554.png 2048w, https:\/\/yourcampusad.com\/wp-content\/uploads\/2023\/04\/Screenshot_3-600x162.png 600w\" sizes=\"auto, (max-width: 1024px) 100vw, 1024px\" \/><\/figure>\n<\/div>\n\n<h4><strong>Selecione uma categoria aqui e (quando aplic\u00e1vel) uma janela aparecer\u00e1 onde voc\u00ea poder\u00e1 selecionar subcategorias dessa categoria. Selecione uma sub categoria. Em seguida, clique em pesquisar e copie o link completo que aparece na janela do navegador.<\/strong><\/h4>\n<h4><span style=\"color: #0000ff;\"><strong>Para sugerir alguma categoria ou subcategoria que voc\u00ea acha que est\u00e1 faltando, entre em contato conosco (contact@yourcampusad.com). Obrigado pelo seu tempo lendo isto. Fa\u00e7a acontecer!<\/strong><\/span><\/h4>\n\n\n<p><\/p>","protected":false},"excerpt":{"rendered":"<p>&#8212; Why Yourcampusad ? 1. Environmental &#8211; does your university have an environmental policy? A lot of used books, furniture etc. is thrown away (often books are never used again after the semester has ended) &#8211; passing things on to others is a good thing. 2. International &#8211; Yourcampusad is international. A lot of resources [&hellip;]<\/p>","protected":false},"author":1,"featured_media":0,"parent":0,"menu_order":0,"comment_status":"closed","ping_status":"closed","template":"","meta":{"footnotes":""},"class_list":["post-8639","page","type-page","status-publish","hentry"],"_links":{"self":[{"href":"https:\/\/yourcampusad.com\/pt\/wp-json\/wp\/v2\/pages\/8639","targetHints":{"allow":["GET"]}}],"collection":[{"href":"https:\/\/yourcampusad.com\/pt\/wp-json\/wp\/v2\/pages"}],"about":[{"href":"https:\/\/yourcampusad.com\/pt\/wp-json\/wp\/v2\/types\/page"}],"author":[{"embeddable":true,"href":"https:\/\/yourcampusad.com\/pt\/wp-json\/wp\/v2\/users\/1"}],"replies":[{"embeddable":true,"href":"https:\/\/yourcampusad.com\/pt\/wp-json\/wp\/v2\/comments?post=8639"}],"version-history":[{"count":49,"href":"https:\/\/yourcampusad.com\/pt\/wp-json\/wp\/v2\/pages\/8639\/revisions"}],"predecessor-version":[{"id":9465,"href":"https:\/\/yourcampusad.com\/pt\/wp-json\/wp\/v2\/pages\/8639\/revisions\/9465"}],"wp:attachment":[{"href":"https:\/\/yourcampusad.com\/pt\/wp-json\/wp\/v2\/media?parent=8639"}],"curies":[{"name":"wp","href":"https:\/\/api.w.org\/{rel}","templated":true}]}}