{"id":1146,"date":"2017-03-06T05:49:30","date_gmt":"2017-03-06T05:49:30","guid":{"rendered":"http:\/\/adforest.scriptsbundle.com\/adforet-demo-data\/?page_id=1146"},"modified":"2024-02-24T23:25:20","modified_gmt":"2024-02-24T23:25:20","slug":"faqs","status":"publish","type":"page","link":"https:\/\/yourcampusad.com\/pt\/faqs\/","title":{"rendered":"Perguntas frequentes"},"content":{"rendered":"<div class=\"wpb-content-wrapper\"><div class=\"vc_row wpb_row vc_row-fluid\"><div class=\"wpb_column vc_column_container vc_col-sm-12\"><div class=\"vc_column-inner\"><div class=\"wpb_wrapper\"><section class=\"section-padding error-page\" >\r\n            <div class=\"container\">\r\n               <div class=\"row\">\r\n\t\t\t\t   \r\n                  <div class=\"col-md-12 col-xs-12 col-sm-12\">\r\n\t\t\t\t  \t<ul class=\"accordion\"><li>\r\n                           <h3 class=\"accordion-title\"><a href=\"#\">Que idioma devo usar ao postar an\u00fancios no Yourcampusad?<\/a><\/h3>\r\n                           <div class=\"accordion-content\">\r\n                              <p>Use o ingl\u00eas, ou seu idioma nativo, ou ambos, dependendo do mercado-alvo e de suas habilidades no idioma. Estamos trabalhando em uma fun\u00e7\u00e3o de tradu\u00e7\u00e3o.<\/p>\r\n                           <\/div>\r\n                        <\/li><li>\r\n                           <h3 class=\"accordion-title\"><a href=\"#\">Como fa\u00e7o para postar um an\u00fancio?<\/a><\/h3>\r\n                           <div class=\"accordion-content\">\r\n                              <p>Registre uma conta. Confirme a conta (copie e cole o link de registro enviado para seu e-mail em uma janela de endere\u00e7o do navegador). Fa\u00e7a login em sua conta. Clique em \"+Postar\" e siga as instru\u00e7\u00f5es. Use as barras de entrada RELEVANTES (por exemplo, o link para o Youtube s\u00f3 se aplica se voc\u00ea tiver esse link para compartilhar). Voc\u00ea DEVE escolher Pa\u00eds e depois TODAS AS REGI\u00d5ES e TODAS AS CIDADES no menu suspenso (na etapa 3 ao postar um an\u00fancio) se quiser que sua postagem apare\u00e7a em alarmes e pesquisas de assinatura por Categoria-Pa\u00eds.<\/p>\r\n                           <\/div>\r\n                        <\/li><li>\r\n                           <h3 class=\"accordion-title\"><a href=\"#\">Preciso fazer upload de fotos com meus an\u00fancios no Yourcampusad?<\/a><\/h3>\r\n                           <div class=\"accordion-content\">\r\n                              <p>N\u00e3o, mas uma imagem diz mais do que 1000 palavras. Uma imagem \u00e9 informativa e agrad\u00e1vel. Se voc\u00ea n\u00e3o enviar uma foto, uma imagem de banco de imagens do Yourcampusad ser\u00e1 exibida com sua postagem. Voc\u00ea pode alterar as fotos posteriormente editando sua postagem.<\/p>\r\n                           <\/div>\r\n                        <\/li><li>\r\n                           <h3 class=\"accordion-title\"><a href=\"#\">Houve algum problema ao enviar suas fotos?<\/a><\/h3>\r\n                           <div class=\"accordion-content\">\r\n                              <p>H\u00e1 um limite de tamanho de 7 megabytes por imagem. Por\u00e9m, essa \u00e9 uma imagem muito grande, dependendo da velocidade da sua conex\u00e3o, pode causar problemas. As imagens n\u00e3o devem ter mais de 500 kilobytes. (Voc\u00ea pode reduzir facilmente o tamanho de suas imagens gratuitamente usando v\u00e1rios servi\u00e7os online)<\/p>\r\n                           <\/div>\r\n                        <\/li><\/ul>\r\n\t\t\t\t  <\/div>\r\n\t\t\t  <\/div>\r\n\t\t  <\/div>\r\n\t   <\/section>\r\n<\/div><\/div><\/div><\/div><div class=\"vc_row wpb_row vc_row-fluid\"><div class=\"wpb_column vc_column_container vc_col-sm-12\"><div class=\"vc_column-inner\"><div class=\"wpb_wrapper\">\n\t<div class=\"wpb_text_column wpb_content_element\" >\n\t\t<div class=\"wpb_wrapper\">\n\t\t\t<h1 style=\"text-align: center;\"><strong>Como configurar alarmes de assinatura<br \/>\nInforma\u00e7\u00f5es cr\u00edticas sobre o pa\u00eds ao publicar an\u00fancios<\/strong><\/h1>\n\n\t\t<\/div>\n\t<\/div>\n<\/div><\/div><\/div><\/div><div class=\"vc_row wpb_row vc_row-fluid\"><div class=\"wpb_column vc_column_container vc_col-sm-3\"><div class=\"vc_column-inner\"><div class=\"wpb_wrapper\"><\/div><\/div><\/div><div class=\"wpb_column vc_column_container vc_col-sm-6\"><div class=\"vc_column-inner\"><div class=\"wpb_wrapper\">\n\t<div class=\"wpb_text_column wpb_content_element\" >\n\t\t<div class=\"wpb_wrapper\">\n\t\t\t<p><strong>No seu perfil, selecione \u201cAssinaturas e notifica\u00e7\u00f5es autom\u00e1ticas\u201d. Por favor, veja as setas vermelhas abaixo.<\/strong><\/p>\n\n\t\t<\/div>\n\t<\/div>\n\n\t<div  class=\"wpb_single_image wpb_content_element vc_align_center wpb_content_element\">\n\t\t\n\t\t<figure class=\"wpb_wrapper vc_figure\">\n\t\t\t<div class=\"vc_single_image-wrapper   vc_box_border_grey\"><img loading=\"lazy\" decoding=\"async\" width=\"1606\" height=\"338\" src=\"https:\/\/yourcampusad.com\/wp-content\/uploads\/2023\/04\/subscriptions-1.png\" class=\"vc_single_image-img attachment-full\" alt=\"subscriptions\" title=\"subscriptions 1\" srcset=\"https:\/\/yourcampusad.com\/wp-content\/uploads\/2023\/04\/subscriptions-1.png 1606w, https:\/\/yourcampusad.com\/wp-content\/uploads\/2023\/04\/subscriptions-1-300x63.png 300w, https:\/\/yourcampusad.com\/wp-content\/uploads\/2023\/04\/subscriptions-1-1024x216.png 1024w, https:\/\/yourcampusad.com\/wp-content\/uploads\/2023\/04\/subscriptions-1-768x162.png 768w, https:\/\/yourcampusad.com\/wp-content\/uploads\/2023\/04\/subscriptions-1-1536x323.png 1536w, https:\/\/yourcampusad.com\/wp-content\/uploads\/2023\/04\/subscriptions-1-600x126.png 600w\" sizes=\"auto, (max-width: 1606px) 100vw, 1606px\" \/><\/div>\n\t\t<\/figure>\n\t<\/div>\n\n\t<div class=\"wpb_text_column wpb_content_element\" >\n\t\t<div class=\"wpb_wrapper\">\n\t\t\t<p>Assinatura baseada em <strong>raio<\/strong> significa que voc\u00ea pode selecionar seu campus por endere\u00e7o, selecionar um raio de dist\u00e2ncia de seu campus e receber alarmes por e-mail quando postagens forem feitas na \u00e1rea correspondente.<\/p>\n<p>Assinatura baseada em <strong>categoria e pa\u00eds<\/strong> significa que voc\u00ea pode receber alarmes por e-mail quando an\u00fancios forem publicados na categoria e no pa\u00eds selecionados. Isso significa que \u00e9 importante que voc\u00ea selecione pa\u00eds, regi\u00e3o (todos) e cidades (todos) (no passo 3) ao postar um an\u00fancio \u2013 caso contr\u00e1rio, ele n\u00e3o aparecer\u00e1 nas pesquisas e alarmes de categoria e pa\u00eds (n\u00e3o basta selecionar seu pa\u00eds ao postar um an\u00fancio). Por favor veja abaixo.<\/p>\n<p><strong>Usu\u00e1rios<\/strong> \u2013 Aqui voc\u00ea pode assinar as postagens de um usu\u00e1rio espec\u00edfico combinado com uma categoria. <strong>Gerenciar ou cancelar<\/strong> \u2013 Aqui voc\u00ea pode gerenciar e cancelar suas assinaturas. <strong>Seguidores<\/strong> \u2013 Aqui voc\u00ea pode ver quantos usu\u00e1rios (se houver) que assinam suas postagens (assinatura por Usu\u00e1rios). Por favor, veja as setas vermelhas abaixo.<\/p>\n\n\t\t<\/div>\n\t<\/div>\n\n\t<div  class=\"wpb_single_image wpb_content_element vc_align_center wpb_content_element\">\n\t\t\n\t\t<figure class=\"wpb_wrapper vc_figure\">\n\t\t\t<div class=\"vc_single_image-wrapper   vc_box_border_grey\"><img loading=\"lazy\" decoding=\"async\" width=\"1655\" height=\"436\" src=\"https:\/\/yourcampusad.com\/wp-content\/uploads\/2023\/04\/subscriptions-2.png\" class=\"vc_single_image-img attachment-full\" alt=\"Different subscriptions\" title=\"subscriptions 2\" srcset=\"https:\/\/yourcampusad.com\/wp-content\/uploads\/2023\/04\/subscriptions-2.png 1655w, https:\/\/yourcampusad.com\/wp-content\/uploads\/2023\/04\/subscriptions-2-300x79.png 300w, https:\/\/yourcampusad.com\/wp-content\/uploads\/2023\/04\/subscriptions-2-1024x270.png 1024w, https:\/\/yourcampusad.com\/wp-content\/uploads\/2023\/04\/subscriptions-2-768x202.png 768w, https:\/\/yourcampusad.com\/wp-content\/uploads\/2023\/04\/subscriptions-2-1536x405.png 1536w, https:\/\/yourcampusad.com\/wp-content\/uploads\/2023\/04\/subscriptions-2-600x158.png 600w\" sizes=\"auto, (max-width: 1655px) 100vw, 1655px\" \/><\/div>\n\t\t<\/figure>\n\t<\/div>\n\n\t<div class=\"wpb_text_column wpb_content_element\" >\n\t\t<div class=\"wpb_wrapper\">\n\t\t\t<h4><strong>AO POSTAR UM AN\u00daNCIO, \u00c9 IMPORTANTE QUE VOC\u00ca ESCOLHA PA\u00cdS, REGI\u00c3O (TODAS AS REGI\u00d5ES) E CIDADE (TODAS AS CIDADES) PARA QUE SUA POSTAGEM APARE\u00c7A NOS ALARMES DE ASSINATURA DE CATEGORIA E PA\u00cdS E CATEGORIA \u2013 PESQUISAS DE PA\u00cdS.<\/strong> (N\u00e3o basta apenas escolher o seu pa\u00eds \u2013 voc\u00ea precisa preencher os crit\u00e9rios \u201ctodas as regi\u00f5es\u201d e \u201ctodas as cidades\u201d para que o seu an\u00fancio seja inclu\u00eddo nos alarmes e pesquisas de Categoria e Pa\u00eds. Veja as setas vermelhas abaixo (a imagem \u00e9 uma captura de tela de <em>etapa 3<\/em> no procedimento p\u00f3s-an\u00fancio).<\/h4>\n\n\t\t<\/div>\n\t<\/div>\n\n\t<div  class=\"wpb_single_image wpb_content_element vc_align_center wpb_content_element\">\n\t\t\n\t\t<figure class=\"wpb_wrapper vc_figure\">\n\t\t\t<div class=\"vc_single_image-wrapper   vc_box_border_grey\"><img loading=\"lazy\" decoding=\"async\" width=\"1923\" height=\"854\" src=\"https:\/\/yourcampusad.com\/wp-content\/uploads\/2023\/04\/country-cites-etc.png\" class=\"vc_single_image-img attachment-full\" alt=\"\" title=\"country cites etc\" srcset=\"https:\/\/yourcampusad.com\/wp-content\/uploads\/2023\/04\/country-cites-etc.png 1923w, https:\/\/yourcampusad.com\/wp-content\/uploads\/2023\/04\/country-cites-etc-300x133.png 300w, https:\/\/yourcampusad.com\/wp-content\/uploads\/2023\/04\/country-cites-etc-1024x455.png 1024w, https:\/\/yourcampusad.com\/wp-content\/uploads\/2023\/04\/country-cites-etc-768x341.png 768w, https:\/\/yourcampusad.com\/wp-content\/uploads\/2023\/04\/country-cites-etc-1536x682.png 1536w, https:\/\/yourcampusad.com\/wp-content\/uploads\/2023\/04\/country-cites-etc-600x266.png 600w\" sizes=\"auto, (max-width: 1923px) 100vw, 1923px\" \/><\/div>\n\t\t<\/figure>\n\t<\/div>\n<\/div><\/div><\/div><div class=\"wpb_column vc_column_container vc_col-sm-3\"><div class=\"vc_column-inner\"><div class=\"wpb_wrapper\"><\/div><\/div><\/div><\/div><div class=\"vc_row wpb_row vc_row-fluid\"><div class=\"wpb_column vc_column_container vc_col-sm-3\"><div class=\"vc_column-inner\"><div class=\"wpb_wrapper\"><\/div><\/div><\/div><div class=\"wpb_column vc_column_container vc_col-sm-6\"><div class=\"vc_column-inner\"><div class=\"wpb_wrapper\">\n\t<div class=\"wpb_text_column wpb_content_element\" >\n\t\t<div class=\"wpb_wrapper\">\n\t\t\t<p><strong>No seu perfil, selecione \u201cAssinaturas e notifica\u00e7\u00f5es autom\u00e1ticas\u201d. Por favor, veja as setas vermelhas abaixo.<\/strong><\/p>\n\n\t\t<\/div>\n\t<\/div>\n\n\t<div  class=\"wpb_single_image wpb_content_element vc_align_center wpb_content_element\">\n\t\t\n\t\t<figure class=\"wpb_wrapper vc_figure\">\n\t\t\t<div class=\"vc_single_image-wrapper   vc_box_border_grey\"><img loading=\"lazy\" decoding=\"async\" width=\"1606\" height=\"338\" src=\"https:\/\/yourcampusad.com\/wp-content\/uploads\/2023\/04\/subscriptions-1.png\" class=\"vc_single_image-img attachment-full\" alt=\"subscriptions\" title=\"subscriptions 1\" srcset=\"https:\/\/yourcampusad.com\/wp-content\/uploads\/2023\/04\/subscriptions-1.png 1606w, https:\/\/yourcampusad.com\/wp-content\/uploads\/2023\/04\/subscriptions-1-300x63.png 300w, https:\/\/yourcampusad.com\/wp-content\/uploads\/2023\/04\/subscriptions-1-1024x216.png 1024w, https:\/\/yourcampusad.com\/wp-content\/uploads\/2023\/04\/subscriptions-1-768x162.png 768w, https:\/\/yourcampusad.com\/wp-content\/uploads\/2023\/04\/subscriptions-1-1536x323.png 1536w, https:\/\/yourcampusad.com\/wp-content\/uploads\/2023\/04\/subscriptions-1-600x126.png 600w\" sizes=\"auto, (max-width: 1606px) 100vw, 1606px\" \/><\/div>\n\t\t<\/figure>\n\t<\/div>\n\n\t<div class=\"wpb_text_column wpb_content_element\" >\n\t\t<div class=\"wpb_wrapper\">\n\t\t\t<p>Assinatura baseada em <strong>raio<\/strong> significa que voc\u00ea pode selecionar seu campus por endere\u00e7o, selecionar um raio de dist\u00e2ncia de seu campus e receber alarmes por e-mail quando postagens forem feitas na \u00e1rea correspondente.<\/p>\n<p>Assinatura baseada em <strong>categoria e pa\u00eds<\/strong> significa que voc\u00ea pode receber alarmes por e-mail quando an\u00fancios forem publicados na categoria e no pa\u00eds selecionados. Isso significa que \u00e9 importante que voc\u00ea selecione pa\u00eds, regi\u00e3o (todos) e cidades (todos) (no passo 3) ao postar um an\u00fancio \u2013 caso contr\u00e1rio, ele n\u00e3o aparecer\u00e1 nos alarmes de categoria e pa\u00eds (n\u00e3o basta selecionar seu pa\u00eds quando postar um an\u00fancio). Por favor veja abaixo.<\/p>\n<p><strong>Usu\u00e1rios<\/strong> \u2013 Aqui voc\u00ea pode assinar as postagens de um usu\u00e1rio espec\u00edfico combinado com uma categoria. <strong>Gerenciar ou cancelar<\/strong> \u2013 Aqui voc\u00ea pode gerenciar e cancelar suas assinaturas. <strong>Seguidores<\/strong> \u2013 Aqui voc\u00ea pode ver quantos usu\u00e1rios (se houver) que assinam suas postagens (assinatura por Usu\u00e1rios). Por favor, veja as setas vermelhas abaixo.<\/p>\n\n\t\t<\/div>\n\t<\/div>\n\n\t<div  class=\"wpb_single_image wpb_content_element vc_align_center wpb_content_element\">\n\t\t\n\t\t<figure class=\"wpb_wrapper vc_figure\">\n\t\t\t<div class=\"vc_single_image-wrapper   vc_box_border_grey\"><img loading=\"lazy\" decoding=\"async\" width=\"1655\" height=\"436\" src=\"https:\/\/yourcampusad.com\/wp-content\/uploads\/2023\/04\/subscriptions-2.png\" class=\"vc_single_image-img attachment-full\" alt=\"Different subscriptions\" title=\"subscriptions 2\" srcset=\"https:\/\/yourcampusad.com\/wp-content\/uploads\/2023\/04\/subscriptions-2.png 1655w, https:\/\/yourcampusad.com\/wp-content\/uploads\/2023\/04\/subscriptions-2-300x79.png 300w, https:\/\/yourcampusad.com\/wp-content\/uploads\/2023\/04\/subscriptions-2-1024x270.png 1024w, https:\/\/yourcampusad.com\/wp-content\/uploads\/2023\/04\/subscriptions-2-768x202.png 768w, https:\/\/yourcampusad.com\/wp-content\/uploads\/2023\/04\/subscriptions-2-1536x405.png 1536w, https:\/\/yourcampusad.com\/wp-content\/uploads\/2023\/04\/subscriptions-2-600x158.png 600w\" sizes=\"auto, (max-width: 1655px) 100vw, 1655px\" \/><\/div>\n\t\t<\/figure>\n\t<\/div>\n\n\t<div class=\"wpb_text_column wpb_content_element\" >\n\t\t<div class=\"wpb_wrapper\">\n\t\t\t<h4><strong>ATEN\u00c7\u00c3O \u2013 AO POSTAR UM AN\u00daNCIO, \u00c9 IMPORTANTE QUE VOC\u00ca ESCOLHA PA\u00cdS, REGI\u00c3O (TODAS AS REGI\u00d5ES) E CIDADE (TODAS AS CIDADES) PARA QUE SUA POSTAGEM APARE\u00c7A NOS ALARMES DE ASSINATURA DE CATEGORIA E PA\u00cdS.<\/strong> (N\u00e3o basta apenas escolher o seu pa\u00eds \u2013 voc\u00ea precisa escolher os crit\u00e9rios \u201ctodas as regi\u00f5es\u201d e \u201ctodas as cidades\u201d para que o seu an\u00fancio seja inclu\u00eddo nos alarmes de Categoria e Pa\u00eds. Veja as setas vermelhas abaixo (a imagem \u00e9 uma tela capturar de <em>etapa 3<\/em> no procedimento p\u00f3s-an\u00fancio).<\/h4>\n\n\t\t<\/div>\n\t<\/div>\n\n\t<div  class=\"wpb_single_image wpb_content_element vc_align_center wpb_content_element\">\n\t\t\n\t\t<figure class=\"wpb_wrapper vc_figure\">\n\t\t\t<div class=\"vc_single_image-wrapper   vc_box_border_grey\"><img loading=\"lazy\" decoding=\"async\" width=\"1923\" height=\"854\" src=\"https:\/\/yourcampusad.com\/wp-content\/uploads\/2023\/04\/country-cites-etc.png\" class=\"vc_single_image-img attachment-full\" alt=\"\" title=\"country cites etc\" srcset=\"https:\/\/yourcampusad.com\/wp-content\/uploads\/2023\/04\/country-cites-etc.png 1923w, https:\/\/yourcampusad.com\/wp-content\/uploads\/2023\/04\/country-cites-etc-300x133.png 300w, https:\/\/yourcampusad.com\/wp-content\/uploads\/2023\/04\/country-cites-etc-1024x455.png 1024w, https:\/\/yourcampusad.com\/wp-content\/uploads\/2023\/04\/country-cites-etc-768x341.png 768w, https:\/\/yourcampusad.com\/wp-content\/uploads\/2023\/04\/country-cites-etc-1536x682.png 1536w, https:\/\/yourcampusad.com\/wp-content\/uploads\/2023\/04\/country-cites-etc-600x266.png 600w\" sizes=\"auto, (max-width: 1923px) 100vw, 1923px\" \/><\/div>\n\t\t<\/figure>\n\t<\/div>\n<\/div><\/div><\/div><div class=\"wpb_column vc_column_container vc_col-sm-3\"><div class=\"vc_column-inner\"><div class=\"wpb_wrapper\"><\/div><\/div><\/div><\/div>\n<\/div>","protected":false},"excerpt":{"rendered":"What language should I use when posting ads on Yourcampusad? Use English, or your native language, or both, depending on the target market and your language skills. We are working on a translation function. How do I post an Ad? Register an account. Confirm the account (Copy-paste the registration link sent to your email into [...]","protected":false},"author":1,"featured_media":0,"parent":0,"menu_order":0,"comment_status":"closed","ping_status":"closed","template":"","meta":{"footnotes":""},"class_list":["post-1146","page","type-page","status-publish","hentry"],"_links":{"self":[{"href":"https:\/\/yourcampusad.com\/pt\/wp-json\/wp\/v2\/pages\/1146","targetHints":{"allow":["GET"]}}],"collection":[{"href":"https:\/\/yourcampusad.com\/pt\/wp-json\/wp\/v2\/pages"}],"about":[{"href":"https:\/\/yourcampusad.com\/pt\/wp-json\/wp\/v2\/types\/page"}],"author":[{"embeddable":true,"href":"https:\/\/yourcampusad.com\/pt\/wp-json\/wp\/v2\/users\/1"}],"replies":[{"embeddable":true,"href":"https:\/\/yourcampusad.com\/pt\/wp-json\/wp\/v2\/comments?post=1146"}],"version-history":[{"count":30,"href":"https:\/\/yourcampusad.com\/pt\/wp-json\/wp\/v2\/pages\/1146\/revisions"}],"predecessor-version":[{"id":9437,"href":"https:\/\/yourcampusad.com\/pt\/wp-json\/wp\/v2\/pages\/1146\/revisions\/9437"}],"wp:attachment":[{"href":"https:\/\/yourcampusad.com\/pt\/wp-json\/wp\/v2\/media?parent=1146"}],"curies":[{"name":"wp","href":"https:\/\/api.w.org\/{rel}","templated":true}]}}