{"id":8641,"date":"2023-04-28T18:22:01","date_gmt":"2023-04-28T18:22:01","guid":{"rendered":"https:\/\/yourcampusad.com\/?page_id=8641"},"modified":"2024-02-25T14:31:23","modified_gmt":"2024-02-25T14:31:23","slug":"information-for-student-organizations","status":"publish","type":"page","link":"https:\/\/yourcampusad.com\/fr\/information-for-student-organizations\/","title":{"rendered":"Informations pour les organisations \u00e9tudiantes"},"content":{"rendered":"<h1 class=\"wp-block-heading\">&#8212; <strong>Pourquoi utiliser Yourcampusad ?<\/strong> <\/h1>\n\n\n<h4><strong><span style=\"color: #0000ff;\">1.<\/span> Vous pouvez cr\u00e9er un march\u00e9 pour votre campus en quelques secondes. Vous pouvez par exemple cr\u00e9er un march\u00e9 du logement. Et les \u00e9tudiants peuvent configurer des alarmes afin d&#039;\u00eatre avertis par e-mail lorsqu&#039;un \u00e9l\u00e9ment est r\u00e9pertori\u00e9 sur le march\u00e9 du logement \u00e0 une distance s\u00e9lectionn\u00e9e de votre campus.<\/strong><\/h4>\n<h4><strong><span style=\"color: #0000ff;\">2.<\/span> Vous pouvez par exemple cr\u00e9er un march\u00e9 \u00ab Livres \u00bb pour l&#039;ensemble de votre campus et ou par th\u00e9matique correspondant \u00e0 une \u00e9cole\/facult\u00e9 sp\u00e9cifique, comme le Commerce. Chaque sous-division de votre organisation \u00e9tudiante peut ainsi cr\u00e9er des march\u00e9s adapt\u00e9s \u00e0 ses \u00e9tudiants. <span style=\"color: #000000;\">Pour cr\u00e9er de telles sous-divisions, voir \u00ab Comment cr\u00e9er des march\u00e9s de subdivisions \u00e0 partir de sous-cat\u00e9gories \u00bb en bas ci-dessous.<\/span><\/strong><\/h4>\n<h4><strong><span style=\"color: #0000ff;\">3.<\/span> Les m\u00eames livres sont g\u00e9n\u00e9ralement utilis\u00e9s ann\u00e9e apr\u00e8s ann\u00e9e sur votre campus local. Au lieu d\u2019\u00eatre jet\u00e9s, ils peuvent \u00eatre transmis aux nouveaux \u00e9tudiants.\u00a0<\/strong><\/h4>\n<h4><strong><span style=\"color: #0000ff;\">4.<\/span> Yourcampusad est international : les \u00e9tudiants en \u00e9change et les \u00e9tudiants \u00e9trangers sauront imm\u00e9diatement o\u00f9 chercher, par exemple un logement et d&#039;autres choses dont ils ont besoin.\u00a0<\/strong><\/h4>\n<h4><strong><span style=\"color: #0000ff;\">5.<\/span> Il permet \u00e0 la communaut\u00e9 locale de louer des logements aux \u00e9tudiants, augmentant ainsi l&#039;offre et faisant ainsi baisser les prix (loyers).\u00a0<\/strong><\/h4>\n<h4><strong><span style=\"color: #0000ff;\">6.<\/span> Par exemple, les meubles sont difficiles \u00e0 d\u00e9placer sur de longues distances, mais avec un march\u00e9 local (sur un campus), les acheteurs peuvent trouver des vendeurs.\u00a0<\/strong><\/h4>\n<h4><strong><span style=\"color: #0000ff;\">7.<\/span> Ce est gratuit.<\/strong><\/h4>\n<hr \/>\n<h4><span style=\"color: #0000ff;\"><em><strong>8. Une mise en \u0153uvre r\u00e9ussie signifie que vous avez fait quelque chose de bien pour les \u00e9tudiants \u2013 l\u2019inscrire sur votre CV. Un CV impressionnant ne se compose pas de la formation ou des postes que vous avez occup\u00e9s, mais des choses que vous avez faites ou accomplies.<\/strong><\/em><\/span><\/h4>\n\n\n<h1 class=\"wp-block-heading\"><em>Exemple:<\/em><\/h1>\n\n\n<p><strong>Voici le march\u00e9 local de l&#039;Universit\u00e9 d&#039;Uppsala, en Su\u00e8de, avec toutes les cat\u00e9gories et dans un rayon de 10 km \u2013 sous forme de lien, d&#039;exemple de texte cliquable et d&#039;exemple d&#039;image cliquable.&nbsp;<\/strong><\/p>\n\n\n<div class=\"wp-block-columns is-layout-flex wp-container-core-columns-is-layout-9d6595d7 wp-block-columns-is-layout-flex\">\n<div class=\"wp-block-column is-layout-flow wp-block-column-is-layout-flow\" style=\"flex-basis:33.33%\">\n<p style=\"text-align: right;\"><strong>En lien :<\/strong>&nbsp;<\/p>\n<\/div>\n\n\n\n<div class=\"wp-block-column is-layout-flow wp-block-column-is-layout-flow\" style=\"flex-basis:66.66%\">\n<p style=\"text-align: left;\"><a href=\"https:\/\/yourcampusad.com\/fr\/search-results\/?ad_title=&amp;cat_id=&amp;location=Uppsala universitet, Uppsala, Sweden&amp;rd=10\">https:\/\/yourcampusad.com\/search-results\/?ad_title=&amp;cat_id=&amp;location=Uppsala+universitet%2C+Uppsala%2C+Sweden&amp;rd=10<\/a><\/p>\n\n\n\n<p><\/p>\n<\/div>\n<\/div>\n\n\n\n<div class=\"wp-block-columns is-layout-flex wp-container-core-columns-is-layout-9d6595d7 wp-block-columns-is-layout-flex\">\n<div class=\"wp-block-column is-layout-flow wp-block-column-is-layout-flow\" style=\"flex-basis:33.33%\">\n<p style=\"text-align: right;\"><strong>Ce lien peut \u00eatre li\u00e9 \u00e0 du texte cliquable\u00a0:<\/strong><\/p>\n<\/div>\n\n\n\n<div class=\"wp-block-column is-layout-flow wp-block-column-is-layout-flow\" style=\"flex-basis:66.66%\">\n<p style=\"text-align: left;\"><a href=\"https:\/\/yourcampusad.com\/fr\/search-results\/?ad_title=&amp;cat_id=&amp;location=Uppsala universitet, Uppsala, Sweden&amp;rd=10\"><strong>Notre march\u00e9 local<\/strong><\/a><\/p>\n\n\n\n<p><\/p>\n<\/div>\n<\/div>\n\n\n\n<div class=\"wp-block-columns is-layout-flex wp-container-core-columns-is-layout-9d6595d7 wp-block-columns-is-layout-flex\">\n<div class=\"wp-block-column is-layout-flow wp-block-column-is-layout-flow\" style=\"flex-basis:33.33%\">\n<p style=\"text-align: right;\"><strong>Ou \u00e0 n&#039;importe quelle image\u00a0:<\/strong><\/p>\n<\/div>\n\n\n\n<div class=\"wp-block-column is-layout-flow wp-block-column-is-layout-flow\" style=\"flex-basis:66.66%\"><div class=\"wp-block-image\">\n<figure class=\"alignleft size-large is-resized\"><a href=\"https:\/\/yourcampusad.com\/fr\/search-results\/?ad_title=&amp;cat_id=&amp;location=Uppsala universitet, Uppsala, Sweden&amp;rd=10\" target=\"_blank\" rel=\"noopener noreferrer\"><img loading=\"lazy\" decoding=\"async\" width=\"294\" height=\"174\" src=\"https:\/\/yourcampusad.com\/wp-content\/uploads\/2023\/05\/market-sample-logo.png\" alt=\"\" class=\"wp-image-8900\" style=\"width:221px;height:131px\"\/><\/a><\/figure>\n<\/div><\/div>\n<\/div>\n\n\n\n<h1 class=\"wp-block-heading\">&#8212; <strong>Comment cr\u00e9er un march\u00e9 local pour votre campus en 3 \u00e9tapes :<\/strong><\/h1>\n\n\n<h4><strong><span style=\"color: #0000ff;\">\u00c9tape 1.<\/span> Sur la page d&#039;accueil yourcampusad.com, recherchez votre campus dans la barre d&#039;emplacement, s\u00e9lectionnez la cat\u00e9gorie qui vous int\u00e9resse (ou laissez vide pour inclure toutes les cat\u00e9gories) dans la barre de s\u00e9lection de cat\u00e9gorie. Et cliquez sur \u00ab\u00a0Rechercher\u00a0\u00bb. Veuillez consulter les fl\u00e8ches rouges ci-dessous.<\/strong><\/h4>\n\n<div class=\"wp-block-image\">\n<figure class=\"aligncenter size-large is-resized\"><img loading=\"lazy\" decoding=\"async\" width=\"787\" height=\"778\" src=\"https:\/\/yourcampusad.com\/wp-content\/uploads\/2023\/05\/search2.png\" alt=\"\" class=\"wp-image-8919\" style=\"width:397px;height:392px\" srcset=\"https:\/\/yourcampusad.com\/wp-content\/uploads\/2023\/05\/search2.png 787w, https:\/\/yourcampusad.com\/wp-content\/uploads\/2023\/05\/search2-300x297.png 300w, https:\/\/yourcampusad.com\/wp-content\/uploads\/2023\/05\/search2-768x759.png 768w, https:\/\/yourcampusad.com\/wp-content\/uploads\/2023\/05\/search2-80x80.png 80w, https:\/\/yourcampusad.com\/wp-content\/uploads\/2023\/05\/search2-50x50.png 50w, https:\/\/yourcampusad.com\/wp-content\/uploads\/2023\/05\/search2-600x593.png 600w, https:\/\/yourcampusad.com\/wp-content\/uploads\/2023\/05\/search2-100x100.png 100w\" sizes=\"auto, (max-width: 787px) 100vw, 787px\" \/><\/figure>\n<\/div>\n\n<h4><strong><span style=\"color: #0000ff;\">\u00c9tape 2.<\/span> Sur la page R\u00e9sultats. Copiez le lien complet dans la fen\u00eatre du navigateur. Veuillez consulter les fl\u00e8ches rouges ci-dessous.<\/strong><\/h4>\n\n<div class=\"wp-block-image\">\n<figure class=\"aligncenter size-large\"><img loading=\"lazy\" decoding=\"async\" width=\"1024\" height=\"186\" src=\"https:\/\/yourcampusad.com\/wp-content\/uploads\/2023\/04\/Screenshot_2-1024x186.png\" alt=\"\" class=\"wp-image-8651\" srcset=\"https:\/\/yourcampusad.com\/wp-content\/uploads\/2023\/04\/Screenshot_2-1024x186.png 1024w, https:\/\/yourcampusad.com\/wp-content\/uploads\/2023\/04\/Screenshot_2-300x55.png 300w, https:\/\/yourcampusad.com\/wp-content\/uploads\/2023\/04\/Screenshot_2-768x140.png 768w, https:\/\/yourcampusad.com\/wp-content\/uploads\/2023\/04\/Screenshot_2-1536x280.png 1536w, https:\/\/yourcampusad.com\/wp-content\/uploads\/2023\/04\/Screenshot_2-600x109.png 600w, https:\/\/yourcampusad.com\/wp-content\/uploads\/2023\/04\/Screenshot_2.png 1730w\" sizes=\"auto, (max-width: 1024px) 100vw, 1024px\" \/><\/figure>\n<\/div>\n\n<h4><strong><span style=\"color: #0000ff;\">\u00c9tape 3.<\/span> Vous pouvez d\u00e9sormais utiliser ce lien sur la page Web de votre organisation \u00e9tudiante.<\/strong><\/h4>\n<h4><strong><span style=\"color: #000000;\"><span style=\"color: #0000ff;\">&#8212;<\/span> Toute personne disposant d&#039;un acc\u00e8s administratif \u00e0 votre page Web peut facilement publier le lien sur votre ou vos pages Web, le connecter \u00e0 des boutons ou des ic\u00f4nes.<\/span><\/strong><\/h4>\n<h4><span style=\"color: #000000;\"><strong><span style=\"color: #0000ff;\">&#8212;<\/span> Envoyez le lien par e-mail aux \u00e9tudiants et aux nouveaux \u00e9tudiants chaque ann\u00e9e pour cr\u00e9er un march\u00e9 dynamique.\u00a0<\/strong><\/span><\/h4>\n<h4><span style=\"color: #000000;\"><strong><span style=\"color: #0000ff;\">&#8212;<\/span> R\u00e9p\u00e9tez les \u00e9tapes 1 \u00e0 3 avec diff\u00e9rentes cat\u00e9gories (de march\u00e9) selon vos besoins.\u00a0<\/strong><\/span><\/h4>\n\n\n<hr class=\"wp-block-separator has-css-opacity is-style-wide\"\/>\n\n\n\n<h1 class=\"wp-block-heading\">&#8212; <strong>Mise en \u0153uvre r\u00e9ussie ou typique<\/strong>.<\/h1>\n\n\n<h4><strong>Pour cr\u00e9er un march\u00e9 dynamique, son existence doit \u00eatre communiqu\u00e9e.\u00a0<\/strong><\/h4>\n<h4><span style=\"color: #0000ff;\"><strong>1. Nommez une personne responsable de la mise en \u0153uvre.<\/strong><\/span><\/h4>\n<h4><span style=\"color: #0000ff;\"><strong>2. Une organisation \u00e9tudiante principale devrait envisager de r\u00e9pertorier ou de fournir aux \u00e9tudiants\u00a0:\u00a0<\/strong><\/span><\/h4>\n<h4><strong><span style=\"color: #000000;\">&#8212;<\/span> <span style=\"color: #0000ff;\">un march\u00e9 global<\/span> (c&#039;est-\u00e0-dire qu&#039;aucune cat\u00e9gorie n&#039;est choisie dans le processus ci-dessus pour inclure toutes les cat\u00e9gories). Lorsque les \u00e9tudiants visitent le lien, ils peuvent s\u00e9lectionner d&#039;autres cat\u00e9gories sp\u00e9cifiques et r\u00e9p\u00e9ter la recherche.<br \/><\/strong><br \/><strong><span style=\"color: #000000;\">&#8212;<\/span> <span style=\"color: #0000ff;\">et un march\u00e9 du logement<\/span> (c&#039;est-\u00e0-dire que la cat\u00e9gorie Logement est choisie dans le processus ci-dessus). Le logement est essentiel et tous les \u00e9tudiants recherchent un logement \u00e0 un moment ou \u00e0 un autre.<\/strong><\/h4>\n<h4><span style=\"color: #0000ff;\"><strong>3. Chaque subdivision de votre organisation \u00e9tudiante devrait envisager de r\u00e9pertorier\/fournir aux \u00e9tudiants\u00a0:<\/strong><\/span><\/h4>\n<h4><strong>\u2014 un march\u00e9 global<br \/><\/strong><br \/><strong>\u2014 et un march\u00e9 du logement<\/strong><\/h4>\n<h4><strong><span style=\"color: #0000ff;\"><span style=\"color: #000000;\">&#8212;<\/span> et un march\u00e9 sp\u00e9cifique \u00e0 la Subdivision. <\/span>Par exemple, des livres de commerce et d&#039;\u00e9conomie pour la Business Students Association, qui est une sous-cat\u00e9gorie de la cat\u00e9gorie Livres. <span style=\"color: #0000ff;\">Voyez ci-dessous comment le cr\u00e9er.<\/span><\/strong><\/h4>\n<h4><strong><span style=\"color: #0000ff;\">4. Recherchez le soutien et la coop\u00e9ration de votre \u00e9tablissement ou universit\u00e9. <\/span><\/strong><span style=\"color: #0000ff;\"><strong>\u00a0<\/strong><\/span><\/h4>\n\n\n<hr class=\"wp-block-separator has-css-opacity is-style-wide\"\/>\n\n\n\n<h1 class=\"wp-block-heading\"><strong>Comment cr\u00e9er des march\u00e9s de subdivision \u00e0 partir de sous-cat\u00e9gories.<\/strong><\/h1>\n\n\n<h4><span style=\"color: #000000;\"><strong>Pour cr\u00e9er des march\u00e9s sp\u00e9cifiques \u00e0 une subdivision\u00a0: \u00e0 partir de l&#039;\u00e9tape 3 du guide ci-dessus pour cr\u00e9er un march\u00e9 local pour votre campus - c&#039;est-\u00e0-dire sur la page R\u00e9sultats, vous pouvez s\u00e9lectionner des cat\u00e9gories. Veuillez consulter les fl\u00e8ches rouges ci-dessous.<\/strong><\/span><\/h4>\n\n<div class=\"wp-block-image\">\n<figure class=\"aligncenter size-large is-resized\"><img loading=\"lazy\" decoding=\"async\" width=\"1024\" height=\"277\" src=\"https:\/\/yourcampusad.com\/wp-content\/uploads\/2023\/04\/Screenshot_3-1024x277.png\" alt=\"\" class=\"wp-image-8676\" style=\"width:532px;height:143px\" srcset=\"https:\/\/yourcampusad.com\/wp-content\/uploads\/2023\/04\/Screenshot_3-1024x277.png 1024w, https:\/\/yourcampusad.com\/wp-content\/uploads\/2023\/04\/Screenshot_3-300x81.png 300w, https:\/\/yourcampusad.com\/wp-content\/uploads\/2023\/04\/Screenshot_3-768x208.png 768w, https:\/\/yourcampusad.com\/wp-content\/uploads\/2023\/04\/Screenshot_3-1536x415.png 1536w, https:\/\/yourcampusad.com\/wp-content\/uploads\/2023\/04\/Screenshot_3-2048x554.png 2048w, https:\/\/yourcampusad.com\/wp-content\/uploads\/2023\/04\/Screenshot_3-600x162.png 600w\" sizes=\"auto, (max-width: 1024px) 100vw, 1024px\" \/><\/figure>\n<\/div>\n\n\n<h4 class=\"wp-block-heading\"><span style=\"color: #ff0000;\"><strong><br><span style=\"color: #000000;\">S\u00e9lectionnez une cat\u00e9gorie ici et (le cas \u00e9ch\u00e9ant) une fen\u00eatre appara\u00eetra dans laquelle vous pourrez s\u00e9lectionner parmi les sous-cat\u00e9gories de cette cat\u00e9gorie. S\u00e9lectionnez une sous-cat\u00e9gorie. Ensuite, cliquez sur Rechercher, puis copiez le lien complet qui appara\u00eet dans la fen\u00eatre du navigateur.<\/span><\/strong><\/span><\/h4>\n\n\n\n<p class=\"has-medium-font-size\"><strong><span style=\"color: #0000ff;\">Pour sugg\u00e9rer une cat\u00e9gorie ou sous-cat\u00e9gorie qui vous semble manquante, veuillez nous contacter (contact@yourcampusad.com). Merci d&#039;avoir pass\u00e9 du temps \u00e0 lire ceci. Faisons en sorte que cela arrive!<\/span><\/strong><\/p>","protected":false},"excerpt":{"rendered":"<p>&#8212; Why use Yourcampusad ? 1. You can create a market for your campus in seconds. You can, for example, create a Housing market. And students can set up alarms so that they are notified by email when something is listed on the Housing market within a selected distance from your campus. 2. You can, [&hellip;]<\/p>","protected":false},"author":1,"featured_media":0,"parent":0,"menu_order":0,"comment_status":"closed","ping_status":"closed","template":"","meta":{"footnotes":""},"class_list":["post-8641","page","type-page","status-publish","hentry"],"_links":{"self":[{"href":"https:\/\/yourcampusad.com\/fr\/wp-json\/wp\/v2\/pages\/8641","targetHints":{"allow":["GET"]}}],"collection":[{"href":"https:\/\/yourcampusad.com\/fr\/wp-json\/wp\/v2\/pages"}],"about":[{"href":"https:\/\/yourcampusad.com\/fr\/wp-json\/wp\/v2\/types\/page"}],"author":[{"embeddable":true,"href":"https:\/\/yourcampusad.com\/fr\/wp-json\/wp\/v2\/users\/1"}],"replies":[{"embeddable":true,"href":"https:\/\/yourcampusad.com\/fr\/wp-json\/wp\/v2\/comments?post=8641"}],"version-history":[{"count":51,"href":"https:\/\/yourcampusad.com\/fr\/wp-json\/wp\/v2\/pages\/8641\/revisions"}],"predecessor-version":[{"id":9474,"href":"https:\/\/yourcampusad.com\/fr\/wp-json\/wp\/v2\/pages\/8641\/revisions\/9474"}],"wp:attachment":[{"href":"https:\/\/yourcampusad.com\/fr\/wp-json\/wp\/v2\/media?parent=8641"}],"curies":[{"name":"wp","href":"https:\/\/api.w.org\/{rel}","templated":true}]}}