{"id":8639,"date":"2023-04-28T18:18:49","date_gmt":"2023-04-28T18:18:49","guid":{"rendered":"https:\/\/yourcampusad.com\/?page_id=8639"},"modified":"2024-02-25T11:10:57","modified_gmt":"2024-02-25T11:10:57","slug":"information-for-universities-and-institutions","status":"publish","type":"page","link":"https:\/\/yourcampusad.com\/fr\/information-for-universities-and-institutions\/","title":{"rendered":"Informations pour les universit\u00e9s et institutions"},"content":{"rendered":"<h1 class=\"wp-block-heading\">\u2014 Pourquoi Votrecampusad ?<\/h1>\n\n\n<h4><strong><span style=\"color: #0000ff;\">1.<\/span> Environnemental \u2013 votre universit\u00e9 a-t-elle une politique environnementale ? De nombreux livres, meubles, etc. usag\u00e9s sont jet\u00e9s (souvent, les livres ne sont plus jamais utilis\u00e9s apr\u00e8s la fin du semestre) \u2013 transmettre les choses \u00e0 d&#039;autres est une bonne chose.<\/strong><\/h4>\n<h4><strong><span style=\"color: #0000ff;\">2.<\/span> International \u2013 Votre campusad est international. De nombreux moyens sont d\u00e9ploy\u00e9s pour le promouvoir. Les \u00e9tudiants internationaux et les \u00e9tudiants en \u00e9change savent o\u00f9 chercher un logement et d\u2019autres choses dont ils ont besoin.<\/strong><\/h4>\n<h4><strong><span style=\"color: #0000ff;\">3. <\/span><\/strong><strong>Plus d&#039;\u00e9tudiants \u2013 un march\u00e9 local aide les \u00e9tudiants \u00e0 trouver, par exemple, un logement, ce qui est souvent d\u00e9terminant dans le choix de l&#039;universit\u00e9. Permettre \u00e0 la communaut\u00e9 locale de louer des chambres et des logements augmente l\u2019offre et fait ainsi baisser les prix (les loyers).\u00a0<\/strong><\/h4>\n<h4><strong><span style=\"color: #0000ff;\">4.<\/span> Aspects sociaux \u2013 les march\u00e9s locaux Yourcampus favorisent une culture de campus dynamique, ce qui est tr\u00e8s important pour les \u00e9tudiants lorsqu&#039;ils choisissent une universit\u00e9.\u00a0<\/strong><\/h4>\n<h4><strong><span style=\"color: #0000ff;\">5.\u00a0<\/span><\/strong><strong>Employ\u00e9s \u2013 les employ\u00e9s peuvent facilement proposer \u00e0 la vente leurs propres livres ou manuels de cours ou les offrir sur les march\u00e9s locaux.<br \/><\/strong><strong><br \/><\/strong><strong><span style=\"color: #0000ff;\">6. <\/span><\/strong><strong>Visibilit\u00e9 \u2013 en \u00e9tant pr\u00e9sent sur Yourcampusad, la visibilit\u00e9 de votre institution augmente.\u00a0<\/strong><\/h4>\n<h4><strong><span style=\"color: #0000ff;\">7.<\/span> Ce est gratuit.<\/strong><\/h4>\n<h4><strong><em><span style=\"color: #0000ff;\">8. En tant que repr\u00e9sentant de l&#039;\u00e9tablissement \u2013 \u200b\u200bLa mise en \u0153uvre d&#039;un march\u00e9 local sur votre campus signifie que vous avez fait quelque chose de bien pour les \u00e9tudiants et pour votre \u00e9tablissement.<\/span><\/em><\/strong><\/h4>\n<h4><strong><em><span style=\"color: #0000ff;\">(\u2026Mettez-le sur votre CV. Un CV impressionnant ne se compose pas de postes que vous avez occup\u00e9s \u2013 mais de choses que vous avez faites ou avez accomplies.)<\/span><\/em><\/strong><\/h4>\n\n\n<h1 class=\"wp-block-heading\">- Ce qui peut \u00eatre fait: <\/h1>\n\n\n<h4><strong>1. <span style=\"color: #0000ff;\"><span style=\"color: #000000;\">Vous pouvez cr\u00e9er un march\u00e9 pour votre campus ou institution<\/span> en secondes.<\/span> Vous pouvez par exemple cr\u00e9er un march\u00e9 du logement. Et les \u00e9tudiants peuvent configurer des alarmes afin d&#039;\u00eatre avertis par e-mail lorsqu&#039;un \u00e9l\u00e9ment est r\u00e9pertori\u00e9 sur le march\u00e9 du logement \u00e0 une distance s\u00e9lectionn\u00e9e de votre campus.<\/strong><\/h4>\n<h4><strong>2. Vous pouvez par exemple cr\u00e9er un march\u00e9 \u00ab Livres \u00bb pour l&#039;ensemble de votre campus et\/ou par th\u00e9matique correspondant \u00e0 une \u00e9cole\/facult\u00e9 sp\u00e9cifique, comme le Commerce. Chaque sous-division peut ainsi cr\u00e9er des march\u00e9s adapt\u00e9s \u00e0 ses \u00e9tudiants. <span style=\"color: #000000;\">Pour cr\u00e9er des sous-divisions, voir \u00ab Mise en \u0153uvre r\u00e9ussie ou typique \u00bb en bas ci-dessous.<\/span><\/strong><\/h4>\n\n\n<h1 class=\"wp-block-heading\"><em>Exemple:<\/em><\/h1>\n\n\n<p><strong>Voici le march\u00e9 local Yourcampusad pour l&#039;Universit\u00e9 d&#039;Uppsala, en Su\u00e8de, avec toutes les cat\u00e9gories et dans un rayon de 10 km \u2013 sous forme de lien, d&#039;exemple de texte cliquable et d&#039;exemple d&#039;image cliquable.\u00a0<\/strong><\/p>\n\n\n<div class=\"wp-block-columns is-layout-flex wp-container-core-columns-is-layout-9d6595d7 wp-block-columns-is-layout-flex\">\n<div class=\"wp-block-column is-layout-flow wp-block-column-is-layout-flow\" style=\"flex-basis:33.33%\">\n<p style=\"text-align: right;\"><strong>En lien :<\/strong>&nbsp;<\/p>\n<\/div>\n\n\n\n<div class=\"wp-block-column is-layout-flow wp-block-column-is-layout-flow\" style=\"flex-basis:66.66%\">\n<p style=\"text-align: center;\"><a href=\"https:\/\/yourcampusad.com\/fr\/search-results\/?ad_title=&amp;cat_id=&amp;location=Uppsala universitet, Uppsala, Sweden&amp;rd=10\">https:\/\/yourcampusad.com\/search-results\/?ad_title=&amp;cat_id=&amp;location=Uppsala+universitet%2C+Uppsala%2C+Sweden&amp;rd=10<\/a><\/p>\n<\/div>\n<\/div>\n\n\n\n<div class=\"wp-block-columns is-layout-flex wp-container-core-columns-is-layout-9d6595d7 wp-block-columns-is-layout-flex\">\n<div class=\"wp-block-column is-layout-flow wp-block-column-is-layout-flow\" style=\"flex-basis:33.33%\">\n<p style=\"text-align: right;\"><strong>Ce lien peut \u00eatre li\u00e9 \u00e0 du texte cliquable\u00a0:<\/strong><\/p>\n<\/div>\n\n\n\n<div class=\"wp-block-column is-layout-flow wp-block-column-is-layout-flow\" style=\"flex-basis:66.66%\">\n<p style=\"text-align: center;\"><a href=\"https:\/\/yourcampusad.com\/fr\/search-results\/?ad_title=&amp;cat_id=&amp;location=Uppsala universitet, Uppsala, Sweden&amp;rd=10\"><strong>Notre march\u00e9 local<\/strong><\/a><\/p>\n<\/div>\n<\/div>\n\n\n\n<div class=\"wp-block-columns is-layout-flex wp-container-core-columns-is-layout-9d6595d7 wp-block-columns-is-layout-flex\">\n<div class=\"wp-block-column is-layout-flow wp-block-column-is-layout-flow\" style=\"flex-basis:33.33%\">\n<p style=\"text-align: right;\"><strong>Ou \u00e0 n&#039;importe quelle image\u00a0:<\/strong><\/p>\n<\/div>\n\n\n\n<div class=\"wp-block-column is-layout-flow wp-block-column-is-layout-flow\" style=\"flex-basis:66.66%\"><div class=\"wp-block-image\">\n<figure class=\"aligncenter size-large is-resized\"><a href=\"https:\/\/yourcampusad.com\/fr\/search-results\/?ad_title=&amp;cat_id=&amp;location=Uppsala universitet, Uppsala, Sweden&amp;rd=10\" target=\"_blank\" rel=\"noopener noreferrer\"><img loading=\"lazy\" decoding=\"async\" width=\"294\" height=\"174\" src=\"https:\/\/yourcampusad.com\/wp-content\/uploads\/2023\/05\/market-sample-logo.png\" alt=\"\" class=\"wp-image-8900\" style=\"width:221px;height:131px\"\/><\/a><\/figure>\n<\/div><\/div>\n<\/div>\n\n\n\n<h1 class=\"wp-block-heading\" id=\"block-a8c987fa-3d30-48fa-8234-d14a0c431ab8\">\u2014 Cr\u00e9ez un march\u00e9 local pour votre campus en 3 \u00e9tapes :<\/h1>\n\n\n\n<hr class=\"wp-block-separator has-css-opacity is-style-wide\"\/>\n\n\n<h4><strong><span style=\"color: #0000ff;\">\u00c9tape 1.<\/span> Sur la page d&#039;accueil yourcampusad.com, recherchez votre campus dans la barre d&#039;emplacement, s\u00e9lectionnez la cat\u00e9gorie qui vous int\u00e9resse (ou laissez vide pour inclure toutes les cat\u00e9gories). Et cliquez sur \u00ab\u00a0Rechercher\u00a0\u00bb.<\/strong><\/h4>\n\n<div class=\"wp-block-image\">\n<figure class=\"aligncenter size-large is-resized\"><img loading=\"lazy\" decoding=\"async\" width=\"787\" height=\"778\" src=\"https:\/\/yourcampusad.com\/wp-content\/uploads\/2023\/05\/search2.png\" alt=\"\" class=\"wp-image-8919\" style=\"width:368px;height:363px\" srcset=\"https:\/\/yourcampusad.com\/wp-content\/uploads\/2023\/05\/search2.png 787w, https:\/\/yourcampusad.com\/wp-content\/uploads\/2023\/05\/search2-300x297.png 300w, https:\/\/yourcampusad.com\/wp-content\/uploads\/2023\/05\/search2-768x759.png 768w, https:\/\/yourcampusad.com\/wp-content\/uploads\/2023\/05\/search2-80x80.png 80w, https:\/\/yourcampusad.com\/wp-content\/uploads\/2023\/05\/search2-50x50.png 50w, https:\/\/yourcampusad.com\/wp-content\/uploads\/2023\/05\/search2-600x593.png 600w, https:\/\/yourcampusad.com\/wp-content\/uploads\/2023\/05\/search2-100x100.png 100w\" sizes=\"auto, (max-width: 787px) 100vw, 787px\" \/><\/figure>\n<\/div>\n\n<h4><strong><span style=\"color: #0000ff;\">\u00c9tape 2.<\/span> Sur la page R\u00e9sultats. Copiez le lien complet en haut de la fen\u00eatre du navigateur.\u00a0<\/strong><\/h4>\n\n<div class=\"wp-block-image\">\n<figure class=\"aligncenter size-large is-resized\"><img loading=\"lazy\" decoding=\"async\" width=\"1024\" height=\"186\" src=\"https:\/\/yourcampusad.com\/wp-content\/uploads\/2023\/04\/Screenshot_2-1024x186.png\" alt=\"\" class=\"wp-image-8651\" style=\"width:569px;height:103px\" srcset=\"https:\/\/yourcampusad.com\/wp-content\/uploads\/2023\/04\/Screenshot_2-1024x186.png 1024w, https:\/\/yourcampusad.com\/wp-content\/uploads\/2023\/04\/Screenshot_2-300x55.png 300w, https:\/\/yourcampusad.com\/wp-content\/uploads\/2023\/04\/Screenshot_2-768x140.png 768w, https:\/\/yourcampusad.com\/wp-content\/uploads\/2023\/04\/Screenshot_2-1536x280.png 1536w, https:\/\/yourcampusad.com\/wp-content\/uploads\/2023\/04\/Screenshot_2-600x109.png 600w, https:\/\/yourcampusad.com\/wp-content\/uploads\/2023\/04\/Screenshot_2.png 1730w\" sizes=\"auto, (max-width: 1024px) 100vw, 1024px\" \/><\/figure>\n<\/div>\n\n<h4><strong><span style=\"color: #0000ff;\">\u00c9tape 3.<\/span> Utilisez maintenant ce lien sur la page Web de votre institution.<\/strong><\/h4>\n<h4><strong><span style=\"color: #0000ff;\">\u2014\u00a0<\/span>Toute personne disposant d&#039;un acc\u00e8s administrateur \u00e0 la page Web peut facilement publier le lien sur le site de votre institution. <\/strong><strong>page Web et connectez-la \u00e0 des boutons ou des ic\u00f4nes.<\/strong><\/h4>\n<h4><strong><span style=\"color: #0000ff;\">\u2014<\/span> Envoyez le lien par courrier \u00e9lectronique \u00e0 vos coll\u00e8gues, aux \u00e9tudiants et aux nouveaux \u00e9tudiants chaque ann\u00e9e pour cr\u00e9er un march\u00e9 dynamique.\u00a0<\/strong><\/h4>\n<h4><strong><span style=\"color: #0000ff;\">\u2014<\/span> R\u00e9p\u00e9tez les \u00e9tapes 1 \u00e0 3 avec diff\u00e9rentes cat\u00e9gories (de march\u00e9) (par exemple \u00ab\u00a0Logement\u00a0\u00bb, \u00ab Livres \u2013 Physique \u00bb) selon vos besoins.\u00a0<\/strong><\/h4>\n\n\n<h1 class=\"wp-block-heading\">Pour le succes:<\/h1>\n\n\n\n<h4 class=\"wp-block-heading\"><strong>Pour cr\u00e9er un march\u00e9 dynamique, son existence doit \u00eatre communiqu\u00e9e. <\/strong><strong><span style=\"color: #0000ff;\">Nous recommandons fortement \u00e0 chaque universit\u00e9 de cr\u00e9er un lien vers son march\u00e9 Yourcampusad sur son site Web \u2013 et de soutenir les organisations \u00e9tudiantes dans la mise en \u0153uvre.<\/span><\/strong><\/h4>\n\n\n\n<h4 class=\"wp-block-heading\"><strong><span style=\"color: #0000ff;\">\u00c0 titre indicatif, nous sugg\u00e9rons ce qui suit aux organisations \u00e9tudiantes\u00a0:&nbsp;<\/span><\/strong><\/h4>\n\n\n\n<h4 class=\"wp-block-heading\"><strong>1. Nommez une personne responsable de la mise en \u0153uvre.<\/strong><\/h4>\n\n\n\n<h4 class=\"wp-block-heading\"><strong>2. Une organisation \u00e9tudiante principale devrait envisager de publier\u00a0:&nbsp;<\/strong><\/h4>\n\n\n\n<h4 class=\"wp-block-heading\"><strong>\u2014 un lien de march\u00e9 Global Yourcampusad (aucune cat\u00e9gorie n&#039;est choisie dans le processus ci-dessus). Lorsque les \u00e9tudiants visitent le lien, ils peuvent voir ce qui est disponible sur leur campus dans toutes les cat\u00e9gories.<br><\/strong><br><strong>\u2014 et un lien vers le march\u00e9 du logement Yourcampusad (la cat\u00e9gorie \u00ab\u00a0Logement\u00a0\u00bb est choisie dans le processus ci-dessus). Le logement est essentiel et tous les \u00e9tudiants recherchent un logement \u00e0 un moment ou \u00e0 un autre.<\/strong><\/h4>\n\n\n\n<h4 class=\"wp-block-heading\"><span style=\"color: #000000;\"><strong>3. Chaque subdivision de votre organisation \u00e9tudiante devrait envisager de fournir des liens vers votre campus\u00a0:<\/strong><\/span><\/h4>\n\n\n\n<h4 class=\"wp-block-heading\"><strong>\u2014 March\u00e9 global<br><br><\/strong><strong>\u2014&nbsp;<\/strong><strong> March\u00e9 du logement<\/strong><\/h4>\n\n\n\n<h4 class=\"wp-block-heading\"><strong>\u2014 et un march\u00e9 sp\u00e9cifique au lotissement. Par exemple, des livres commerciaux pour la Business Students Association (qui est une sous-cat\u00e9gorie de la cat\u00e9gorie Livres). Voir ci-dessous.<\/strong><\/h4>\n\n\n\n<h4 class=\"wp-block-heading\"><span style=\"color: #0000ff;\"><strong>4. Recherchez le soutien et la coop\u00e9ration de votre \u00e9tablissement ou universit\u00e9.<\/strong><\/span><\/h4>\n\n\n\n<h3 class=\"wp-block-heading\" id=\"block-9511455e-bec0-4095-8b91-81ab4a019d36\"><strong>Comment cr\u00e9er des march\u00e9s de subdivision \u00e0 partir de sous-cat\u00e9gories<\/strong>:<\/h3>\n\n\n<h4><strong>Pour cr\u00e9er des march\u00e9s sp\u00e9cifiques \u00e0 une subdivision : \u00c0 partir de l&#039;\u00e9tape 3 du guide pour cr\u00e9er un march\u00e9 local pour votre campus \u2013 c&#039;est-\u00e0-dire \u00e0 partir de la page R\u00e9sultats, vous pouvez s\u00e9lectionner des cat\u00e9gories. Veuillez consulter les fl\u00e8ches rouges ci-dessous.<\/strong><\/h4>\n\n<div class=\"wp-block-image\">\n<figure class=\"aligncenter size-large\"><img loading=\"lazy\" decoding=\"async\" width=\"1024\" height=\"277\" src=\"https:\/\/yourcampusad.com\/wp-content\/uploads\/2023\/04\/Screenshot_3-1024x277.png\" alt=\"\" class=\"wp-image-8676\" srcset=\"https:\/\/yourcampusad.com\/wp-content\/uploads\/2023\/04\/Screenshot_3-1024x277.png 1024w, https:\/\/yourcampusad.com\/wp-content\/uploads\/2023\/04\/Screenshot_3-300x81.png 300w, https:\/\/yourcampusad.com\/wp-content\/uploads\/2023\/04\/Screenshot_3-768x208.png 768w, https:\/\/yourcampusad.com\/wp-content\/uploads\/2023\/04\/Screenshot_3-1536x415.png 1536w, https:\/\/yourcampusad.com\/wp-content\/uploads\/2023\/04\/Screenshot_3-2048x554.png 2048w, https:\/\/yourcampusad.com\/wp-content\/uploads\/2023\/04\/Screenshot_3-600x162.png 600w\" sizes=\"auto, (max-width: 1024px) 100vw, 1024px\" \/><\/figure>\n<\/div>\n\n<h4><strong>S\u00e9lectionnez une cat\u00e9gorie ici et (le cas \u00e9ch\u00e9ant) une fen\u00eatre appara\u00eetra dans laquelle vous pourrez s\u00e9lectionner parmi les sous-cat\u00e9gories de cette cat\u00e9gorie. S\u00e9lectionnez une sous-cat\u00e9gorie. Ensuite, cliquez sur Rechercher, puis copiez le lien complet qui appara\u00eet dans la fen\u00eatre du navigateur.<\/strong><\/h4>\n<h4><span style=\"color: #0000ff;\"><strong>Pour sugg\u00e9rer une cat\u00e9gorie ou sous-cat\u00e9gorie qui vous semble manquante, veuillez nous contacter (contact@yourcampusad.com). Merci d&#039;avoir pass\u00e9 du temps \u00e0 lire ceci. Arangez-vous pour que cela arrive!<\/strong><\/span><\/h4>\n\n\n<p><\/p>","protected":false},"excerpt":{"rendered":"<p>&#8212; Why Yourcampusad ? 1. Environmental &#8211; does your university have an environmental policy? A lot of used books, furniture etc. is thrown away (often books are never used again after the semester has ended) &#8211; passing things on to others is a good thing. 2. International &#8211; Yourcampusad is international. A lot of resources [&hellip;]<\/p>","protected":false},"author":1,"featured_media":0,"parent":0,"menu_order":0,"comment_status":"closed","ping_status":"closed","template":"","meta":{"footnotes":""},"class_list":["post-8639","page","type-page","status-publish","hentry"],"_links":{"self":[{"href":"https:\/\/yourcampusad.com\/fr\/wp-json\/wp\/v2\/pages\/8639","targetHints":{"allow":["GET"]}}],"collection":[{"href":"https:\/\/yourcampusad.com\/fr\/wp-json\/wp\/v2\/pages"}],"about":[{"href":"https:\/\/yourcampusad.com\/fr\/wp-json\/wp\/v2\/types\/page"}],"author":[{"embeddable":true,"href":"https:\/\/yourcampusad.com\/fr\/wp-json\/wp\/v2\/users\/1"}],"replies":[{"embeddable":true,"href":"https:\/\/yourcampusad.com\/fr\/wp-json\/wp\/v2\/comments?post=8639"}],"version-history":[{"count":49,"href":"https:\/\/yourcampusad.com\/fr\/wp-json\/wp\/v2\/pages\/8639\/revisions"}],"predecessor-version":[{"id":9465,"href":"https:\/\/yourcampusad.com\/fr\/wp-json\/wp\/v2\/pages\/8639\/revisions\/9465"}],"wp:attachment":[{"href":"https:\/\/yourcampusad.com\/fr\/wp-json\/wp\/v2\/media?parent=8639"}],"curies":[{"name":"wp","href":"https:\/\/api.w.org\/{rel}","templated":true}]}}