{"id":1652,"date":"2017-02-11T04:29:34","date_gmt":"2017-02-11T04:29:34","guid":{"rendered":"http:\/\/adforest.scriptsbundle.com\/adforet-demo-data\/?page_id=5"},"modified":"2024-02-28T09:35:03","modified_gmt":"2024-02-28T09:35:03","slug":"register","status":"publish","type":"page","link":"https:\/\/yourcampusad.com\/fr\/register\/","title":{"rendered":"Registre"},"content":{"rendered":"<div class=\"wpb-content-wrapper\"><div class=\"vc_row wpb_row vc_row-fluid\"><div class=\"wpb_column vc_column_container vc_col-sm-3\"><div class=\"vc_column-inner\"><div class=\"wpb_wrapper\"><\/div><\/div><\/div><div class=\"wpb_column vc_column_container vc_col-sm-6\"><div class=\"vc_column-inner\"><div class=\"wpb_wrapper\">\n\t<div class=\"wpb_text_column wpb_content_element\" >\n\t\t<div class=\"wpb_wrapper\">\n\t\t\t<div class=\"nsl-container nsl-container-block\" data-align=\"left\"><div class=\"nsl-container-buttons\"><a href=\"https:\/\/yourcampusad.com\/wp-login.php?loginSocial=google&#038;redirect=https%3A%2F%2Fyourcampusad.com%2Ffr%2Fwp-json%2Fwp%2Fv2%2Fpages%2F1652\" rel=\"nofollow\" aria-label=\"Continue with &lt;b&gt;Google&lt;\/b&gt;\" data-plugin=\"nsl\" data-action=\"connect\" data-provider=\"google\" data-popupwidth=\"600\" data-popupheight=\"600\"><div class=\"nsl-button nsl-button-default nsl-button-google\" data-skin=\"light\" style=\"background-color:#fff;\"><div class=\"nsl-button-svg-container\"><svg xmlns=\"http:\/\/www.w3.org\/2000\/svg\" width=\"24\" height=\"24\" viewbox=\"0 0 24 24\"><path fill=\"#4285F4\" d=\"M20.64 12.2045c0-.6381-.0573-1.2518-.1636-1.8409H12v3.4814h4.8436c-.2086 1.125-.8427 2.0782-1.7959 2.7164v2.2581h2.9087c1.7018-1.5668 2.6836-3.874 2.6836-6.615z\"><\/path><path fill=\"#34A853\" d=\"M12 21c2.43 0 4.4673-.806 5.9564-2.1805l-2.9087-2.2581c-.8059.54-1.8368.859-3.0477.859-2.344 0-4.3282-1.5831-5.036-3.7104H3.9574v2.3318C5.4382 18.9832 8.4818 21 12 21z\"><\/path><path fill=\"#FBBC05\" d=\"M6.964 13.71c-.18-.54-.2822-1.1168-.2822-1.71s.1023-1.17.2823-1.71V7.9582H3.9573A8.9965 8.9965 0 0 0 3 12c0 1.4523.3477 2.8268.9573 4.0418L6.964 13.71z\"><\/path><path fill=\"#EA4335\" d=\"M12 6.5795c1.3214 0 2.5077.4541 3.4405 1.346l2.5813-2.5814C16.4632 3.8918 14.426 3 12 3 8.4818 3 5.4382 5.0168 3.9573 7.9582L6.964 10.29C7.6718 8.1627 9.6559 6.5795 12 6.5795z\"><\/path><\/svg><\/div><div class=\"nsl-button-label-container\">Continue with <b>Google<\/b><\/div><\/div><\/a><a href=\"https:\/\/yourcampusad.com\/wp-login.php?loginSocial=twitter&#038;redirect=https%3A%2F%2Fyourcampusad.com%2Ffr%2Fwp-json%2Fwp%2Fv2%2Fpages%2F1652\" rel=\"nofollow\" aria-label=\"Continue with &lt;b&gt;X&lt;\/b&gt;\" data-plugin=\"nsl\" data-action=\"connect\" data-provider=\"twitter\" data-popupwidth=\"600\" data-popupheight=\"600\"><div class=\"nsl-button nsl-button-default nsl-button-twitter\" data-skin=\"x\" style=\"background-color:#000000;\"><div class=\"nsl-button-svg-container\"><svg width=\"24\" height=\"24\" fill=\"none\" xmlns=\"http:\/\/www.w3.org\/2000\/svg\"><g clip-path=\"url(#a)\"><path d=\"M13.712 10.622 20.413 3h-1.587l-5.819 6.618L8.36 3H3l7.027 10.007L3 21h1.588l6.144-6.989L15.64 21H21l-7.288-10.378Zm-2.175 2.474-.712-.997L5.16 4.17H7.6l4.571 6.4.712.996 5.943 8.319h-2.439l-4.85-6.788Z\" fill=\"#fff\"\/><\/g><defs><clippath id=\"a\"><path fill=\"#fff\" d=\"M0 0h24v24H0z\"\/><\/clippath><\/defs><\/svg><\/div><div class=\"nsl-button-label-container\">Continue with <b>X<\/b><\/div><\/div><\/a><\/div><\/div>\n\n\t\t<\/div>\n\t<\/div>\n<div class=\"wpb_column vc_column_container vc_col-sm-12\"><div class=\"vc_column-inner\"><div class=\"wpb_wrapper\"><\/div><\/div><\/div><\/div><\/div><\/div> <div class=\"main-content-area clearfix\">\r\n         <section class=\"section-padding error-page bg-white\" >\r\n            <div class=\"container\">\r\n\t\t\t\r\n<div class=\"row\">\r\n          \t<div class=\"col-md-12 col-lg-12 col-xs-12 col-sm-12 resend_email\" style=\"display:none;\">\r\n          \t<div role=\"alert\" class=\"alert alert-info alert-dismissible alert-outline\">\r\n          \t<button aria-label=\"Fermer\" data-dismiss=\"alert\" class=\"close\" type=\"button\"><span aria-hidden=\"true\">&#10005;<\/span><\/button>\r\n          \tVous n'avez pas re\u00e7u d'e-mail ? <a href=\"javascript:void(0)\"  id=\"resend_email\"> Renvoyer maintenant.<\/a>\r\n          \t<\/div>\r\n          \t<\/div>\r\n\r\n          \t<div class=\"col-md-12 col-lg-12 col-xs-12 col-sm-12 contact_admin\" style=\"display:none;\">\r\n          \t<div role=\"alert\" class=\"alert alert-info alert-dismissible alert-outline\"><button aria-label=\"Fermer\" data-dismiss=\"alert\" class=\"close\" type=\"button\"><span aria-hidden=\"true\">&#10005;<\/span><\/button>Vous ne recevez toujours pas d'e-mail ? <a href=\"https:\/\/yourcampusad.com\/fr\/register\/\"  id=\"resend_email\"> Contact Administrateur<\/a><\/div>\r\n          \t<\/div>\r\n              <\/div>\t\t\t\r\n               <div class=\"row\">\r\n                  <div class=\"col-md-5 col-md-push-7 col-sm-12 col-xs-12\">\r\n                     <div class=\"form-grid\">\r\n\t\t\t\t\t\t          <div class=\"row\"><\/div>  <form id=\"sb-sign-form\" action=\"\" >\r\n\t\t   <div class=\"form-group\">\r\n\t\t\t  <label>Nom<\/label>\r\n\t\t\t  <input placeholder=\"Votre nom\" class=\"form-control\" type=\"text\" data-parsley-required=\"true\" data-parsley-error-message=\"Veuillez saisir votre nom.\" name=\"sb_reg_name\" id=\"sb_reg_name\">\r\n\t\t   <\/div>\r\n\t\t   <div class=\"form-group\"><label>Contact Number (not obligatory)<\/label><input id=\"adforest_contact_number\" placeholder=\"Votre num\u00e9ro de T\u00e9l\u00e9phone\" class=\"form-control\" type=\"text\" name=\"sb_reg_contact\"><\/div>\r\n\t\t   <div class=\"form-group\">\r\n\t\t\t  <label>E-mail<\/label>\r\n\t\t\t  <input placeholder=\"Votre Email\" class=\"form-control\" type=\"email\" data-parsley-type=\"email\" data-parsley-required=\"true\" data-parsley-error-message=\"S'il vous pla\u00eet entrez une adresse email valide.\" data-parsley-trigger=\"change\" name=\"sb_reg_email\" id=\"sb_reg_email\">\r\n\t\t   <\/div>\r\n\t\t   <div class=\"form-group\">\r\n\t\t\t  <label>Mot de passe<\/label>\r\n\t\t\t  <input placeholder=\"Votre mot de passe\" class=\"form-control\" type=\"password\" data-parsley-required=\"true\" data-parsley-error-message=\"Merci de saisir votre mot de passe.\" name=\"sb_reg_password\">\r\n\t\t   <\/div>\r\n\t\t   <div class=\"form-group\">\r\n\t\t\t  <div class=\"row\">\r\n\t\t\t\t <div class=\"col-xs-12 col-md-12 col-sm-12\">\r\n\t\t\t\t\t<div class=\"skin-minimal\">\r\n\t\t\t\t\t   <ul class=\"list\">\r\n\t\t\t\t\t\t  <li>\r\n\t\t\t\t\t\t\t <input  type=\"checkbox\" id=\"minimal-checkbox-1\" name=\"minimal-checkbox-1\" data-parsley-required=\"true\" data-parsley-error-message=\"Veuillez accepter les Termes et Conditions.\">\r\n\t\t\t\t\t\t\t <label for=\"minimal-checkbox-1\">J'accepte <a href=\"https:\/\/yourcampusad.com\/fr\/policy\/\" title=\"Termes et conditions\" target=\"_blank\">Termes et conditions<\/a><\/label>\r\n\t\t\t\t\t\t  <\/li>\r\n                          \r\n\t\t\t\t\t   <\/ul>\r\n\t\t\t\t\t<\/div>\r\n\t\t\t\t <\/div>\r\n\t\t\t  <\/div>\r\n\t\t   <\/div>\r\n\t\t<div class=\"form-group\"><div class=\"g-recaptcha\" data-sitekey=\"6LeGTeAZAAAAAJDReVpP5e5V40pq_vAaS0ao0ygJ\"><\/div><\/div><input type=\"hidden\" value=\"yes\" name=\"is_captcha\" \/>\r\n                    <input type=\"hidden\" id=\"sb-register-token\" value=\"4ff1290307\" \/>\r\n\t\t   <button class=\"btn btn-theme btn-lg btn-block\" type=\"submit\" id=\"sb_register_submit\">S'inscrire<\/button>\r\n\t\t   <button class=\"btn btn-theme btn-lg btn-block no-display\" type=\"button\" id=\"sb_register_msg\">En cours...<\/button>\r\n\t\t   <button class=\"btn btn-theme btn-lg btn-block no-display\" type=\"button\" id=\"sb_register_redirect\">Redirection...<\/button>\r\n\t\t   <br \/>\r\n\t\t   <p class=\"text-center\"><a href=\"https:\/\/yourcampusad.com\/fr\/login\/\">D\u00e9j\u00e0 inscrit, connectez-vous ici.<\/a>\r\n\t\t\t\t\t<\/p>\r\n\t\t   <input type=\"hidden\" id=\"get_action\" value=\"register\" \/>\r\n\t\t   <input type=\"hidden\" id=\"nonce_register\" value=\"1776958156\" \/>\r\n\t\t   <input type=\"hidden\" id=\"verify_account_msg\" value=\"Le lien de V\u00e9rification a \u00e9t\u00e9 envoy\u00e9 \u00e0 votre adresse e-mail.\" \/>\r\n\t\t<input type=\"hidden\" name=\"trp-form-language\" value=\"fr\"\/><\/form><\/div>\r\n                  <\/div>\r\n                  <div class=\"col-md-7  col-md-pull-5  col-sm-12 col-xs-12\">\r\n                     <div class=\"heading-panel\">\r\n                        <h3 class=\"main-title text-left\">\r\n                           Ou inscrivez-vous manuellement \r\n                        <\/h3>\r\n                     <\/div>\r\n                     <div class=\"content-info\">\r\n\t\t\t\t\t \t<div class=\"features\"><div class=\"features-text\"><h3><a href=\"#\" title=\"En savoir plus\" target=\" _blank\">Chat et messagerie<\/a><\/h3><p> Acc\u00e9dez \u00e0 vos discussions et aux informations de compte depuis n&#039;importe quel appareil. <\/p><\/div><\/div><div class=\"features\"><div class=\"features-icons\">\r\n                              <img decoding=\"async\" src=\"https:\/\/yourcampusad.com\/wp-content\/uploads\/2017\/02\/panel.png\" alt=\"image\">\r\n                           <\/div><div class=\"features-text\"><h3><a href=\"#\" title=\"En savoir plus\" target=\" _blank\">Tableau de bord utilisateur<\/a><\/h3><p> Maintenez une liste de souhaits en enregistrant vos articles pr\u00e9f\u00e9r\u00e9s. <\/p><\/div><\/div><div class=\"features\"><div class=\"features-icons\">\r\n                              <img decoding=\"async\" src=\"https:\/\/yourcampusad.com\/wp-content\/uploads\/2017\/02\/history.jpg\" alt=\"image\">\r\n                           <\/div><div class=\"features-text\"><h3><a href=\"#\" title=\"En savoir plus\" target=\" _blank\">Suivre l&#039;historique<\/a><\/h3><p> Suivez l&#039;\u00e9tat de l&#039;historique de vos annonces. <\/p><\/div><\/div><div class=\"features\"><div class=\"features-icons\">\r\n                              <img decoding=\"async\" src=\"https:\/\/yourcampusad.com\/wp-content\/uploads\/2017\/02\/featured-listing.png\" alt=\"image\">\r\n                           <\/div><div class=\"features-text\"><h3><a href=\"#\" title=\"En savoir plus\" target=\" _blank\">Annonce en vedette<\/a><\/h3><p> Obtenez plus de valeur pour votre annonce. <\/p><\/div><\/div><span class=\"arrowsign hidden-sm hidden-xs\"><img decoding=\"async\" src=\"https:\/\/yourcampusad.com\/wp-content\/themes\/adforest\/images\/arrow.png\" alt=\"image\"><\/span>\r\n                     <\/div>\r\n                  <\/div>\r\n               <\/div>\r\n            <\/div>\r\n         <\/section>\r\n      <\/div><\/div><\/div>","protected":false},"excerpt":{"rendered":"Continue with GoogleContinue with X &#10005; Vous n'avez pas re\u00e7u d'e-mail ? Renvoyer maintenant. &#10005;Vous ne recevez toujours pas d'e-mail ? Contact Administrateur Nom Contact Number (not obligatory) Email Mot de passe J'accepte Terms &amp; Condition S'inscrire En cours... Redirection... D\u00e9j\u00e0 inscrit, connectez-vous ici. Or Register Manually Chat & Messaging Access your chats and account [...]","protected":false},"author":1,"featured_media":0,"parent":0,"menu_order":0,"comment_status":"closed","ping_status":"closed","template":"","meta":{"footnotes":""},"class_list":["post-1652","page","type-page","status-publish","hentry"],"_links":{"self":[{"href":"https:\/\/yourcampusad.com\/fr\/wp-json\/wp\/v2\/pages\/1652","targetHints":{"allow":["GET"]}}],"collection":[{"href":"https:\/\/yourcampusad.com\/fr\/wp-json\/wp\/v2\/pages"}],"about":[{"href":"https:\/\/yourcampusad.com\/fr\/wp-json\/wp\/v2\/types\/page"}],"author":[{"embeddable":true,"href":"https:\/\/yourcampusad.com\/fr\/wp-json\/wp\/v2\/users\/1"}],"replies":[{"embeddable":true,"href":"https:\/\/yourcampusad.com\/fr\/wp-json\/wp\/v2\/comments?post=1652"}],"version-history":[{"count":12,"href":"https:\/\/yourcampusad.com\/fr\/wp-json\/wp\/v2\/pages\/1652\/revisions"}],"predecessor-version":[{"id":9669,"href":"https:\/\/yourcampusad.com\/fr\/wp-json\/wp\/v2\/pages\/1652\/revisions\/9669"}],"wp:attachment":[{"href":"https:\/\/yourcampusad.com\/fr\/wp-json\/wp\/v2\/media?parent=1652"}],"curies":[{"name":"wp","href":"https:\/\/api.w.org\/{rel}","templated":true}]}}