{"id":1146,"date":"2017-03-06T05:49:30","date_gmt":"2017-03-06T05:49:30","guid":{"rendered":"http:\/\/adforest.scriptsbundle.com\/adforet-demo-data\/?page_id=1146"},"modified":"2024-02-24T23:25:20","modified_gmt":"2024-02-24T23:25:20","slug":"faqs","status":"publish","type":"page","link":"https:\/\/yourcampusad.com\/fr\/faqs\/","title":{"rendered":"FAQ"},"content":{"rendered":"<div class=\"wpb-content-wrapper\"><div class=\"vc_row wpb_row vc_row-fluid\"><div class=\"wpb_column vc_column_container vc_col-sm-12\"><div class=\"vc_column-inner\"><div class=\"wpb_wrapper\"><section class=\"section-padding error-page\" >\r\n            <div class=\"container\">\r\n               <div class=\"row\">\r\n\t\t\t\t   \r\n                  <div class=\"col-md-12 col-xs-12 col-sm-12\">\r\n\t\t\t\t  \t<ul class=\"accordion\"><li>\r\n                           <h3 class=\"accordion-title\"><a href=\"#\">Quelle langue dois-je utiliser pour publier des annonces sur Yourcampusad\u00a0?<\/a><\/h3>\r\n                           <div class=\"accordion-content\">\r\n                              <p>Utilisez l&#039;anglais, ou votre langue maternelle, ou les deux, en fonction du march\u00e9 cible et de vos comp\u00e9tences linguistiques. Nous travaillons sur une fonction de traduction.<\/p>\r\n                           <\/div>\r\n                        <\/li><li>\r\n                           <h3 class=\"accordion-title\"><a href=\"#\">Comment publier une annonce ?<\/a><\/h3>\r\n                           <div class=\"accordion-content\">\r\n                              <p>Cr\u00e9ez un compte. Confirmez le compte (copiez-collez le lien d'inscription envoy\u00e9 \u00e0 votre e-mail dans une fen\u00eatre d'adresse du navigateur). Connectez-vous \u00e0 votre compte. Cliquez sur \"+Publier\" et suivez les instructions. Utilisez les barres de saisie PERTINENTES (par exemple, le lien vers Youtube ne s'applique que si vous avez un tel lien \u00e0 partager). Vous DEVEZ choisir Pays, puis TOUTES LES R\u00c9GIONS et TOUTES LES VILLES dans le menu d\u00e9roulant (\u00e0 l'\u00e9tape 3 lors de la publication d'une annonce) si vous souhaitez que votre publication apparaisse dans les alarmes et les recherches d'abonnement Cat\u00e9gorie-Pays.<\/p>\r\n                           <\/div>\r\n                        <\/li><li>\r\n                           <h3 class=\"accordion-title\"><a href=\"#\">Dois-je t\u00e9l\u00e9charger des photos avec mes annonces sur Yourcampusad\u00a0?<\/a><\/h3>\r\n                           <div class=\"accordion-content\">\r\n                              <p>Non, mais une image vaut plus que 1000 mots. Une image est informative et agr\u00e9able. Si vous ne t\u00e9l\u00e9chargez pas de photo, une image stock de Yourcampusad sera affich\u00e9e avec votre publication. Vous pourrez modifier les images plus tard en modifiant votre message.<\/p>\r\n                           <\/div>\r\n                        <\/li><li>\r\n                           <h3 class=\"accordion-title\"><a href=\"#\">Il y a un probl\u00e8me pour t\u00e9l\u00e9charger vos photos ?<\/a><\/h3>\r\n                           <div class=\"accordion-content\">\r\n                              <p>Il existe une limite de taille \u00e0 7 m\u00e9gaoctets par image. Cependant, il s\u2019agit d\u2019une tr\u00e8s grande image, en fonction de votre vitesse de connexion, cela peut vous poser des probl\u00e8mes. Les images ne doivent pas d\u00e9passer 500 kilo-octets. (Vous pouvez facilement r\u00e9duire la taille de vos images gratuitement en utilisant divers services en ligne)<\/p>\r\n                           <\/div>\r\n                        <\/li><\/ul>\r\n\t\t\t\t  <\/div>\r\n\t\t\t  <\/div>\r\n\t\t  <\/div>\r\n\t   <\/section>\r\n<\/div><\/div><\/div><\/div><div class=\"vc_row wpb_row vc_row-fluid\"><div class=\"wpb_column vc_column_container vc_col-sm-12\"><div class=\"vc_column-inner\"><div class=\"wpb_wrapper\">\n\t<div class=\"wpb_text_column wpb_content_element\" >\n\t\t<div class=\"wpb_wrapper\">\n\t\t\t<h1 style=\"text-align: center;\"><strong>Comment configurer les alarmes d&#039;abonnement<br \/>\n&amp; Informations sur le pays critique lors de la publication d&#039;annonces<\/strong><\/h1>\n\n\t\t<\/div>\n\t<\/div>\n<\/div><\/div><\/div><\/div><div class=\"vc_row wpb_row vc_row-fluid\"><div class=\"wpb_column vc_column_container vc_col-sm-3\"><div class=\"vc_column-inner\"><div class=\"wpb_wrapper\"><\/div><\/div><\/div><div class=\"wpb_column vc_column_container vc_col-sm-6\"><div class=\"vc_column-inner\"><div class=\"wpb_wrapper\">\n\t<div class=\"wpb_text_column wpb_content_element\" >\n\t\t<div class=\"wpb_wrapper\">\n\t\t\t<p><strong>Dans votre profil, s\u00e9lectionnez \u00ab Abonnements et notifications automatiques \u00bb. Veuillez consulter les fl\u00e8ches rouges ci-dessous.<\/strong><\/p>\n\n\t\t<\/div>\n\t<\/div>\n\n\t<div  class=\"wpb_single_image wpb_content_element vc_align_center wpb_content_element\">\n\t\t\n\t\t<figure class=\"wpb_wrapper vc_figure\">\n\t\t\t<div class=\"vc_single_image-wrapper   vc_box_border_grey\"><img loading=\"lazy\" decoding=\"async\" width=\"1606\" height=\"338\" src=\"https:\/\/yourcampusad.com\/wp-content\/uploads\/2023\/04\/subscriptions-1.png\" class=\"vc_single_image-img attachment-full\" alt=\"subscriptions\" title=\"subscriptions 1\" srcset=\"https:\/\/yourcampusad.com\/wp-content\/uploads\/2023\/04\/subscriptions-1.png 1606w, https:\/\/yourcampusad.com\/wp-content\/uploads\/2023\/04\/subscriptions-1-300x63.png 300w, https:\/\/yourcampusad.com\/wp-content\/uploads\/2023\/04\/subscriptions-1-1024x216.png 1024w, https:\/\/yourcampusad.com\/wp-content\/uploads\/2023\/04\/subscriptions-1-768x162.png 768w, https:\/\/yourcampusad.com\/wp-content\/uploads\/2023\/04\/subscriptions-1-1536x323.png 1536w, https:\/\/yourcampusad.com\/wp-content\/uploads\/2023\/04\/subscriptions-1-600x126.png 600w\" sizes=\"auto, (max-width: 1606px) 100vw, 1606px\" \/><\/div>\n\t\t<\/figure>\n\t<\/div>\n\n\t<div class=\"wpb_text_column wpb_content_element\" >\n\t\t<div class=\"wpb_wrapper\">\n\t\t\t<p>Abonnement bas\u00e9 sur <strong>rayon<\/strong> signifie que vous pouvez s\u00e9lectionner votre campus par adresse, s\u00e9lectionner un rayon de distance de votre campus et recevoir des alarmes par e-mail lorsque des publications sont publi\u00e9es dans la zone correspondante.<\/p>\n<p>Abonnement bas\u00e9 sur <strong>cat\u00e9gorie et pays<\/strong> signifie que vous pouvez recevoir des alertes par e-mail lorsque des annonces sont publi\u00e9es dans la cat\u00e9gorie et le pays s\u00e9lectionn\u00e9s. Cela signifie qu&#039;il est important que vous s\u00e9lectionniez le pays, la r\u00e9gion (toutes) et les villes (toutes) (\u00e0 l&#039;\u00e9tape 3) lorsque vous publiez une annonce \u2013 sinon elle n&#039;appara\u00eetra pas dans les recherches et alarmes de cat\u00e9gories et de pays (il ne suffit pas de s\u00e9lectionner votre pays lors de la publication d&#039;une annonce). Veuillez voir ci-dessous.<\/p>\n<p><strong>Utilisateurs<\/strong> \u2013 Ici, vous pouvez vous abonner aux publications d&#039;un utilisateur sp\u00e9cifique combin\u00e9es \u00e0 une cat\u00e9gorie. <strong>G\u00e9rer ou annuler<\/strong> \u2013 Ici, vous pouvez g\u00e9rer et annuler vos abonnements. <strong>Suiveurs<\/strong> \u2013 Ici, vous pouvez voir combien d\u2019utilisateurs (le cas \u00e9ch\u00e9ant) qui s\u2019abonnent \u00e0 vos publications (abonnement par utilisateurs). Veuillez consulter les fl\u00e8ches rouges ci-dessous.<\/p>\n\n\t\t<\/div>\n\t<\/div>\n\n\t<div  class=\"wpb_single_image wpb_content_element vc_align_center wpb_content_element\">\n\t\t\n\t\t<figure class=\"wpb_wrapper vc_figure\">\n\t\t\t<div class=\"vc_single_image-wrapper   vc_box_border_grey\"><img loading=\"lazy\" decoding=\"async\" width=\"1655\" height=\"436\" src=\"https:\/\/yourcampusad.com\/wp-content\/uploads\/2023\/04\/subscriptions-2.png\" class=\"vc_single_image-img attachment-full\" alt=\"Different subscriptions\" title=\"subscriptions 2\" srcset=\"https:\/\/yourcampusad.com\/wp-content\/uploads\/2023\/04\/subscriptions-2.png 1655w, https:\/\/yourcampusad.com\/wp-content\/uploads\/2023\/04\/subscriptions-2-300x79.png 300w, https:\/\/yourcampusad.com\/wp-content\/uploads\/2023\/04\/subscriptions-2-1024x270.png 1024w, https:\/\/yourcampusad.com\/wp-content\/uploads\/2023\/04\/subscriptions-2-768x202.png 768w, https:\/\/yourcampusad.com\/wp-content\/uploads\/2023\/04\/subscriptions-2-1536x405.png 1536w, https:\/\/yourcampusad.com\/wp-content\/uploads\/2023\/04\/subscriptions-2-600x158.png 600w\" sizes=\"auto, (max-width: 1655px) 100vw, 1655px\" \/><\/div>\n\t\t<\/figure>\n\t<\/div>\n\n\t<div class=\"wpb_text_column wpb_content_element\" >\n\t\t<div class=\"wpb_wrapper\">\n\t\t\t<h4><strong>LORS DE LA PUBLICATION D&#039;UNE ANNONCE, IL EST IMPORTANT QUE VOUS CHOISISSEZ LE PAYS, LA R\u00c9GION (TOUTES LES R\u00c9GIONS) ET LA VILLE (TOUTES LES VILLES) POUR QUE VOTRE PUBLICATION APPARA\u00ceT DANS LA CAT\u00c9GORIE ET \u200b\u200bL&#039;ABONNEMENT DE PAYS ALARMES ET LA CAT\u00c9GORIE \u2013 RECHERCHES DE PAYS.<\/strong> (Il ne suffit pas de simplement choisir votre pays \u2013 vous devez remplir les crit\u00e8res \u00ab\u00a0toutes les r\u00e9gions\u00a0\u00bb et \u00ab\u00a0toutes les villes\u00a0\u00bb pour que votre annonce soit incluse dans les alarmes et les recherches de cat\u00e9gorie et de pays. Veuillez consulter les fl\u00e8ches rouges ci-dessous (l&#039;image est une capture d&#039;\u00e9cran de <em>\u00c9tape 3<\/em> dans la proc\u00e9dure de publication).<\/h4>\n\n\t\t<\/div>\n\t<\/div>\n\n\t<div  class=\"wpb_single_image wpb_content_element vc_align_center wpb_content_element\">\n\t\t\n\t\t<figure class=\"wpb_wrapper vc_figure\">\n\t\t\t<div class=\"vc_single_image-wrapper   vc_box_border_grey\"><img loading=\"lazy\" decoding=\"async\" width=\"1923\" height=\"854\" src=\"https:\/\/yourcampusad.com\/wp-content\/uploads\/2023\/04\/country-cites-etc.png\" class=\"vc_single_image-img attachment-full\" alt=\"\" title=\"country cites etc\" srcset=\"https:\/\/yourcampusad.com\/wp-content\/uploads\/2023\/04\/country-cites-etc.png 1923w, https:\/\/yourcampusad.com\/wp-content\/uploads\/2023\/04\/country-cites-etc-300x133.png 300w, https:\/\/yourcampusad.com\/wp-content\/uploads\/2023\/04\/country-cites-etc-1024x455.png 1024w, https:\/\/yourcampusad.com\/wp-content\/uploads\/2023\/04\/country-cites-etc-768x341.png 768w, https:\/\/yourcampusad.com\/wp-content\/uploads\/2023\/04\/country-cites-etc-1536x682.png 1536w, https:\/\/yourcampusad.com\/wp-content\/uploads\/2023\/04\/country-cites-etc-600x266.png 600w\" sizes=\"auto, (max-width: 1923px) 100vw, 1923px\" \/><\/div>\n\t\t<\/figure>\n\t<\/div>\n<\/div><\/div><\/div><div class=\"wpb_column vc_column_container vc_col-sm-3\"><div class=\"vc_column-inner\"><div class=\"wpb_wrapper\"><\/div><\/div><\/div><\/div><div class=\"vc_row wpb_row vc_row-fluid\"><div class=\"wpb_column vc_column_container vc_col-sm-3\"><div class=\"vc_column-inner\"><div class=\"wpb_wrapper\"><\/div><\/div><\/div><div class=\"wpb_column vc_column_container vc_col-sm-6\"><div class=\"vc_column-inner\"><div class=\"wpb_wrapper\">\n\t<div class=\"wpb_text_column wpb_content_element\" >\n\t\t<div class=\"wpb_wrapper\">\n\t\t\t<p><strong>Dans votre profil, s\u00e9lectionnez \u00ab Abonnements et notifications automatiques \u00bb. Veuillez consulter les fl\u00e8ches rouges ci-dessous.<\/strong><\/p>\n\n\t\t<\/div>\n\t<\/div>\n\n\t<div  class=\"wpb_single_image wpb_content_element vc_align_center wpb_content_element\">\n\t\t\n\t\t<figure class=\"wpb_wrapper vc_figure\">\n\t\t\t<div class=\"vc_single_image-wrapper   vc_box_border_grey\"><img loading=\"lazy\" decoding=\"async\" width=\"1606\" height=\"338\" src=\"https:\/\/yourcampusad.com\/wp-content\/uploads\/2023\/04\/subscriptions-1.png\" class=\"vc_single_image-img attachment-full\" alt=\"subscriptions\" title=\"subscriptions 1\" srcset=\"https:\/\/yourcampusad.com\/wp-content\/uploads\/2023\/04\/subscriptions-1.png 1606w, https:\/\/yourcampusad.com\/wp-content\/uploads\/2023\/04\/subscriptions-1-300x63.png 300w, https:\/\/yourcampusad.com\/wp-content\/uploads\/2023\/04\/subscriptions-1-1024x216.png 1024w, https:\/\/yourcampusad.com\/wp-content\/uploads\/2023\/04\/subscriptions-1-768x162.png 768w, https:\/\/yourcampusad.com\/wp-content\/uploads\/2023\/04\/subscriptions-1-1536x323.png 1536w, https:\/\/yourcampusad.com\/wp-content\/uploads\/2023\/04\/subscriptions-1-600x126.png 600w\" sizes=\"auto, (max-width: 1606px) 100vw, 1606px\" \/><\/div>\n\t\t<\/figure>\n\t<\/div>\n\n\t<div class=\"wpb_text_column wpb_content_element\" >\n\t\t<div class=\"wpb_wrapper\">\n\t\t\t<p>Abonnement bas\u00e9 sur <strong>rayon<\/strong> signifie que vous pouvez s\u00e9lectionner votre campus par adresse, s\u00e9lectionner un rayon de distance de votre campus et recevoir des alarmes par e-mail lorsque des publications sont publi\u00e9es dans la zone correspondante.<\/p>\n<p>Abonnement bas\u00e9 sur <strong>cat\u00e9gorie et pays<\/strong> signifie que vous pouvez recevoir des alertes par e-mail lorsque des annonces sont publi\u00e9es dans la cat\u00e9gorie et le pays s\u00e9lectionn\u00e9s. Cela signifie qu&#039;il est important que vous s\u00e9lectionniez le pays, la r\u00e9gion (toutes) et les villes (toutes) (\u00e0 l&#039;\u00e9tape 3) lors de la publication d&#039;une annonce \u2013 sinon elle n&#039;appara\u00eetra pas dans les alarmes de cat\u00e9gorie et de pays (il ne suffit pas de s\u00e9lectionner votre pays lorsque publier une annonce). Veuillez voir ci-dessous.<\/p>\n<p><strong>Utilisateurs<\/strong> \u2013 Ici, vous pouvez vous abonner aux publications d&#039;un utilisateur sp\u00e9cifique combin\u00e9es \u00e0 une cat\u00e9gorie. <strong>G\u00e9rer ou annuler<\/strong> \u2013 Ici, vous pouvez g\u00e9rer et annuler vos abonnements. <strong>Suiveurs<\/strong> \u2013 Ici, vous pouvez voir combien d\u2019utilisateurs (le cas \u00e9ch\u00e9ant) qui s\u2019abonnent \u00e0 vos publications (abonnement par utilisateurs). Veuillez consulter les fl\u00e8ches rouges ci-dessous.<\/p>\n\n\t\t<\/div>\n\t<\/div>\n\n\t<div  class=\"wpb_single_image wpb_content_element vc_align_center wpb_content_element\">\n\t\t\n\t\t<figure class=\"wpb_wrapper vc_figure\">\n\t\t\t<div class=\"vc_single_image-wrapper   vc_box_border_grey\"><img loading=\"lazy\" decoding=\"async\" width=\"1655\" height=\"436\" src=\"https:\/\/yourcampusad.com\/wp-content\/uploads\/2023\/04\/subscriptions-2.png\" class=\"vc_single_image-img attachment-full\" alt=\"Different subscriptions\" title=\"subscriptions 2\" srcset=\"https:\/\/yourcampusad.com\/wp-content\/uploads\/2023\/04\/subscriptions-2.png 1655w, https:\/\/yourcampusad.com\/wp-content\/uploads\/2023\/04\/subscriptions-2-300x79.png 300w, https:\/\/yourcampusad.com\/wp-content\/uploads\/2023\/04\/subscriptions-2-1024x270.png 1024w, https:\/\/yourcampusad.com\/wp-content\/uploads\/2023\/04\/subscriptions-2-768x202.png 768w, https:\/\/yourcampusad.com\/wp-content\/uploads\/2023\/04\/subscriptions-2-1536x405.png 1536w, https:\/\/yourcampusad.com\/wp-content\/uploads\/2023\/04\/subscriptions-2-600x158.png 600w\" sizes=\"auto, (max-width: 1655px) 100vw, 1655px\" \/><\/div>\n\t\t<\/figure>\n\t<\/div>\n\n\t<div class=\"wpb_text_column wpb_content_element\" >\n\t\t<div class=\"wpb_wrapper\">\n\t\t\t<h4><strong>VEUILLEZ NOTER \u2013 LORS DE LA PUBLICATION D&#039;UNE ANNONCE, IL EST IMPORTANT QUE VOUS CHOISISSEZ LE PAYS, LA R\u00c9GION (TOUTES LES R\u00c9GIONS) ET LA VILLE (TOUTES LES VILLES) POUR QUE VOTRE PUBLICATION APPARA\u00ceT DANS LES ALARMES DE CAT\u00c9GORIE ET \u200b\u200bD&#039;ABONNEMENT DE PAYS.<\/strong> (Il ne suffit pas de simplement choisir votre pays \u2013 vous devez choisir les crit\u00e8res \u00ab\u00a0toutes les r\u00e9gions\u00a0\u00bb et \u00ab\u00a0toutes les villes\u00a0\u00bb pour que votre annonce soit incluse dans les alarmes de cat\u00e9gorie et de pays. Veuillez consulter les fl\u00e8ches rouges ci-dessous (l&#039;image est un \u00e9cran capturer \u00e0 partir de <em>\u00c9tape 3<\/em> dans la proc\u00e9dure de publication).<\/h4>\n\n\t\t<\/div>\n\t<\/div>\n\n\t<div  class=\"wpb_single_image wpb_content_element vc_align_center wpb_content_element\">\n\t\t\n\t\t<figure class=\"wpb_wrapper vc_figure\">\n\t\t\t<div class=\"vc_single_image-wrapper   vc_box_border_grey\"><img loading=\"lazy\" decoding=\"async\" width=\"1923\" height=\"854\" src=\"https:\/\/yourcampusad.com\/wp-content\/uploads\/2023\/04\/country-cites-etc.png\" class=\"vc_single_image-img attachment-full\" alt=\"\" title=\"country cites etc\" srcset=\"https:\/\/yourcampusad.com\/wp-content\/uploads\/2023\/04\/country-cites-etc.png 1923w, https:\/\/yourcampusad.com\/wp-content\/uploads\/2023\/04\/country-cites-etc-300x133.png 300w, https:\/\/yourcampusad.com\/wp-content\/uploads\/2023\/04\/country-cites-etc-1024x455.png 1024w, https:\/\/yourcampusad.com\/wp-content\/uploads\/2023\/04\/country-cites-etc-768x341.png 768w, https:\/\/yourcampusad.com\/wp-content\/uploads\/2023\/04\/country-cites-etc-1536x682.png 1536w, https:\/\/yourcampusad.com\/wp-content\/uploads\/2023\/04\/country-cites-etc-600x266.png 600w\" sizes=\"auto, (max-width: 1923px) 100vw, 1923px\" \/><\/div>\n\t\t<\/figure>\n\t<\/div>\n<\/div><\/div><\/div><div class=\"wpb_column vc_column_container vc_col-sm-3\"><div class=\"vc_column-inner\"><div class=\"wpb_wrapper\"><\/div><\/div><\/div><\/div>\n<\/div>","protected":false},"excerpt":{"rendered":"What language should I use when posting ads on Yourcampusad? Use English, or your native language, or both, depending on the target market and your language skills. We are working on a translation function. How do I post an Ad? Register an account. Confirm the account (Copy-paste the registration link sent to your email into [...]","protected":false},"author":1,"featured_media":0,"parent":0,"menu_order":0,"comment_status":"closed","ping_status":"closed","template":"","meta":{"footnotes":""},"class_list":["post-1146","page","type-page","status-publish","hentry"],"_links":{"self":[{"href":"https:\/\/yourcampusad.com\/fr\/wp-json\/wp\/v2\/pages\/1146","targetHints":{"allow":["GET"]}}],"collection":[{"href":"https:\/\/yourcampusad.com\/fr\/wp-json\/wp\/v2\/pages"}],"about":[{"href":"https:\/\/yourcampusad.com\/fr\/wp-json\/wp\/v2\/types\/page"}],"author":[{"embeddable":true,"href":"https:\/\/yourcampusad.com\/fr\/wp-json\/wp\/v2\/users\/1"}],"replies":[{"embeddable":true,"href":"https:\/\/yourcampusad.com\/fr\/wp-json\/wp\/v2\/comments?post=1146"}],"version-history":[{"count":30,"href":"https:\/\/yourcampusad.com\/fr\/wp-json\/wp\/v2\/pages\/1146\/revisions"}],"predecessor-version":[{"id":9437,"href":"https:\/\/yourcampusad.com\/fr\/wp-json\/wp\/v2\/pages\/1146\/revisions\/9437"}],"wp:attachment":[{"href":"https:\/\/yourcampusad.com\/fr\/wp-json\/wp\/v2\/media?parent=1146"}],"curies":[{"name":"wp","href":"https:\/\/api.w.org\/{rel}","templated":true}]}}