{"id":8641,"date":"2023-04-28T18:22:01","date_gmt":"2023-04-28T18:22:01","guid":{"rendered":"https:\/\/yourcampusad.com\/?page_id=8641"},"modified":"2024-02-25T14:31:23","modified_gmt":"2024-02-25T14:31:23","slug":"information-for-student-organizations","status":"publish","type":"page","link":"https:\/\/yourcampusad.com\/es\/information-for-student-organizations\/","title":{"rendered":"Informaci\u00f3n para organizaciones estudiantiles"},"content":{"rendered":"<h1 class=\"wp-block-heading\">&#8212; <strong>\u00bfPor qu\u00e9 utilizar Yourcampusad?<\/strong> <\/h1>\n\n\n<h4><strong><span style=\"color: #0000ff;\">1.<\/span> Puedes crear un mercado para tu campus en segundos. Puedes, por ejemplo, crear un mercado inmobiliario. Y los estudiantes pueden configurar alarmas para recibir una notificaci\u00f3n por correo electr\u00f3nico cuando aparezca algo en el mercado inmobiliario dentro de una distancia seleccionada de su campus.<\/strong><\/h4>\n<h4><strong><span style=\"color: #0000ff;\">2.<\/span> Puede, por ejemplo, crear un mercado de \u201cLibros\u201d para todo su campus o por tema correspondiente a una escuela\/facultad espec\u00edfica, como Negocios. De este modo, cada subdivisi\u00f3n de su organizaci\u00f3n estudiantil puede crear mercados adaptados a sus estudiantes. <span style=\"color: #000000;\">Para crear dichas subdivisiones, consulte &#034;C\u00f3mo crear mercados de subdivisiones a partir de subcategor\u00edas&#034; en la parte inferior a continuaci\u00f3n.<\/span><\/strong><\/h4>\n<h4><strong><span style=\"color: #0000ff;\">3.<\/span> Normalmente se utilizan los mismos libros a\u00f1o tras a\u00f1o en su campus local. En lugar de tirarlos, se pueden pasar a nuevos estudiantes.\u00a0<\/strong><\/h4>\n<h4><strong><span style=\"color: #0000ff;\">4.<\/span> Yourcampusad es internacional: los estudiantes de intercambio y los estudiantes extranjeros sabr\u00e1n de inmediato d\u00f3nde buscar, por ejemplo, alojamiento y otras cosas que necesiten.\u00a0<\/strong><\/h4>\n<h4><strong><span style=\"color: #0000ff;\">5.<\/span> Permite a la comunidad local alquilar viviendas a estudiantes, aumentando la oferta y, por tanto, bajando los precios (alquiler).\u00a0<\/strong><\/h4>\n<h4><strong><span style=\"color: #0000ff;\">6.<\/span> Por ejemplo, es dif\u00edcil mover muebles a distancia, pero con un mercado local (en un campus), los compradores pueden encontrar vendedores.\u00a0<\/strong><\/h4>\n<h4><strong><span style=\"color: #0000ff;\">7.<\/span> Es gratis.<\/strong><\/h4>\n<hr \/>\n<h4><span style=\"color: #0000ff;\"><em><strong>8. Una implementaci\u00f3n exitosa significa que has hecho algo bueno por los estudiantes: inscr\u00edbelo en tu CV. Un CV impresionante no consiste en la educaci\u00f3n o los puestos que haya tenido, sino en las cosas que hizo o logr\u00f3.<\/strong><\/em><\/span><\/h4>\n\n\n<h1 class=\"wp-block-heading\"><em>Ejemplo:<\/em><\/h1>\n\n\n<p><strong>Aqu\u00ed est\u00e1 el mercado local de la Universidad de Uppsala, Suecia, con todas las categor\u00edas y con un radio de 10 km, como enlace, como texto de muestra en el que se puede hacer clic y como imagen de muestra en la que se puede hacer clic.&nbsp;<\/strong><\/p>\n\n\n<div class=\"wp-block-columns is-layout-flex wp-container-core-columns-is-layout-9d6595d7 wp-block-columns-is-layout-flex\">\n<div class=\"wp-block-column is-layout-flow wp-block-column-is-layout-flow\" style=\"flex-basis:33.33%\">\n<p style=\"text-align: right;\"><strong>Como enlace:<\/strong>&nbsp;<\/p>\n<\/div>\n\n\n\n<div class=\"wp-block-column is-layout-flow wp-block-column-is-layout-flow\" style=\"flex-basis:66.66%\">\n<p style=\"text-align: left;\"><a href=\"https:\/\/yourcampusad.com\/es\/search-results\/?ad_title=&amp;cat_id=&amp;location=Uppsala universitet, Uppsala, Sweden&amp;rd=10\">https:\/\/yourcampusad.com\/search-results\/?ad_title=&amp;cat_id=&amp;location=Uppsala+universitet%2C+Uppsala%2C+Sweden&amp;rd=10<\/a><\/p>\n\n\n\n<p><\/p>\n<\/div>\n<\/div>\n\n\n\n<div class=\"wp-block-columns is-layout-flex wp-container-core-columns-is-layout-9d6595d7 wp-block-columns-is-layout-flex\">\n<div class=\"wp-block-column is-layout-flow wp-block-column-is-layout-flow\" style=\"flex-basis:33.33%\">\n<p style=\"text-align: right;\"><strong>Este enlace se puede vincular a un texto en el que se puede hacer clic:<\/strong><\/p>\n<\/div>\n\n\n\n<div class=\"wp-block-column is-layout-flow wp-block-column-is-layout-flow\" style=\"flex-basis:66.66%\">\n<p style=\"text-align: left;\"><a href=\"https:\/\/yourcampusad.com\/es\/search-results\/?ad_title=&amp;cat_id=&amp;location=Uppsala universitet, Uppsala, Sweden&amp;rd=10\"><strong>Nuestro Mercado Local<\/strong><\/a><\/p>\n\n\n\n<p><\/p>\n<\/div>\n<\/div>\n\n\n\n<div class=\"wp-block-columns is-layout-flex wp-container-core-columns-is-layout-9d6595d7 wp-block-columns-is-layout-flex\">\n<div class=\"wp-block-column is-layout-flow wp-block-column-is-layout-flow\" style=\"flex-basis:33.33%\">\n<p style=\"text-align: right;\"><strong>O a cualquier imagen:<\/strong><\/p>\n<\/div>\n\n\n\n<div class=\"wp-block-column is-layout-flow wp-block-column-is-layout-flow\" style=\"flex-basis:66.66%\"><div class=\"wp-block-image\">\n<figure class=\"alignleft size-large is-resized\"><a href=\"https:\/\/yourcampusad.com\/es\/search-results\/?ad_title=&amp;cat_id=&amp;location=Uppsala universitet, Uppsala, Sweden&amp;rd=10\" target=\"_blank\" rel=\"noopener noreferrer\"><img loading=\"lazy\" decoding=\"async\" width=\"294\" height=\"174\" src=\"https:\/\/yourcampusad.com\/wp-content\/uploads\/2023\/05\/market-sample-logo.png\" alt=\"\" class=\"wp-image-8900\" style=\"width:221px;height:131px\"\/><\/a><\/figure>\n<\/div><\/div>\n<\/div>\n\n\n\n<h1 class=\"wp-block-heading\">&#8212; <strong>C\u00f3mo crear un mercado local para tu campus en 3 pasos:<\/strong><\/h1>\n\n\n<h4><strong><span style=\"color: #0000ff;\">Paso 1.<\/span> En la p\u00e1gina de inicio yourcampusad.com, busque su campus en la barra de Ubicaci\u00f3n, seleccione la categor\u00eda de inter\u00e9s (o d\u00e9jela en blanco para incluir todas las categor\u00edas) en la barra Seleccionar Categor\u00eda. Y haga clic en &#034;Buscar&#034;. Consulte las flechas rojas a continuaci\u00f3n.<\/strong><\/h4>\n\n<div class=\"wp-block-image\">\n<figure class=\"aligncenter size-large is-resized\"><img loading=\"lazy\" decoding=\"async\" width=\"787\" height=\"778\" src=\"https:\/\/yourcampusad.com\/wp-content\/uploads\/2023\/05\/search2.png\" alt=\"\" class=\"wp-image-8919\" style=\"width:397px;height:392px\" srcset=\"https:\/\/yourcampusad.com\/wp-content\/uploads\/2023\/05\/search2.png 787w, https:\/\/yourcampusad.com\/wp-content\/uploads\/2023\/05\/search2-300x297.png 300w, https:\/\/yourcampusad.com\/wp-content\/uploads\/2023\/05\/search2-768x759.png 768w, https:\/\/yourcampusad.com\/wp-content\/uploads\/2023\/05\/search2-80x80.png 80w, https:\/\/yourcampusad.com\/wp-content\/uploads\/2023\/05\/search2-50x50.png 50w, https:\/\/yourcampusad.com\/wp-content\/uploads\/2023\/05\/search2-600x593.png 600w, https:\/\/yourcampusad.com\/wp-content\/uploads\/2023\/05\/search2-100x100.png 100w\" sizes=\"auto, (max-width: 787px) 100vw, 787px\" \/><\/figure>\n<\/div>\n\n<h4><strong><span style=\"color: #0000ff;\">Paso 2.<\/span> En la p\u00e1gina de Resultados. Copie el enlace completo en la ventana del navegador. Consulte las flechas rojas a continuaci\u00f3n.<\/strong><\/h4>\n\n<div class=\"wp-block-image\">\n<figure class=\"aligncenter size-large\"><img loading=\"lazy\" decoding=\"async\" width=\"1024\" height=\"186\" src=\"https:\/\/yourcampusad.com\/wp-content\/uploads\/2023\/04\/Screenshot_2-1024x186.png\" alt=\"\" class=\"wp-image-8651\" srcset=\"https:\/\/yourcampusad.com\/wp-content\/uploads\/2023\/04\/Screenshot_2-1024x186.png 1024w, https:\/\/yourcampusad.com\/wp-content\/uploads\/2023\/04\/Screenshot_2-300x55.png 300w, https:\/\/yourcampusad.com\/wp-content\/uploads\/2023\/04\/Screenshot_2-768x140.png 768w, https:\/\/yourcampusad.com\/wp-content\/uploads\/2023\/04\/Screenshot_2-1536x280.png 1536w, https:\/\/yourcampusad.com\/wp-content\/uploads\/2023\/04\/Screenshot_2-600x109.png 600w, https:\/\/yourcampusad.com\/wp-content\/uploads\/2023\/04\/Screenshot_2.png 1730w\" sizes=\"auto, (max-width: 1024px) 100vw, 1024px\" \/><\/figure>\n<\/div>\n\n<h4><strong><span style=\"color: #0000ff;\">Paso 3.<\/span> Ahora puede utilizar ese enlace en la p\u00e1gina web de su organizaci\u00f3n estudiantil.<\/strong><\/h4>\n<h4><strong><span style=\"color: #000000;\"><span style=\"color: #0000ff;\">&#8212;<\/span> Cualquier persona con acceso administrativo a su p\u00e1gina web puede publicar f\u00e1cilmente el enlace en su(s) p\u00e1gina(s) web y conectarlo a botones o \u00edconos.<\/span><\/strong><\/h4>\n<h4><span style=\"color: #000000;\"><strong><span style=\"color: #0000ff;\">&#8212;<\/span> Env\u00ede el enlace por correo electr\u00f3nico a los estudiantes y a los nuevos estudiantes cada a\u00f1o para construir un mercado vibrante.\u00a0<\/strong><\/span><\/h4>\n<h4><span style=\"color: #000000;\"><strong><span style=\"color: #0000ff;\">&#8212;<\/span> Repita los pasos 1 a 3 con diferentes categor\u00edas (de mercado) seg\u00fan sea necesario.\u00a0<\/strong><\/span><\/h4>\n\n\n<hr class=\"wp-block-separator has-css-opacity is-style-wide\"\/>\n\n\n\n<h1 class=\"wp-block-heading\">&#8212; <strong>Implementaci\u00f3n exitosa o t\u00edpica<\/strong>.<\/h1>\n\n\n<h4><strong>Para crear un mercado vibrante se debe comunicar su existencia.\u00a0<\/strong><\/h4>\n<h4><span style=\"color: #0000ff;\"><strong>1. Designar a alguien que sea responsable de la implementaci\u00f3n.<\/strong><\/span><\/h4>\n<h4><span style=\"color: #0000ff;\"><strong>2. Una organizaci\u00f3n principal de estudiantes deber\u00eda considerar incluir en la lista o proporcionar a los estudiantes:\u00a0<\/strong><\/span><\/h4>\n<h4><strong><span style=\"color: #000000;\">&#8212;<\/span> <span style=\"color: #0000ff;\">un mercado general<\/span> (es decir, no se elige ninguna categor\u00eda en el proceso anterior para incluir todas las categor\u00edas). Cuando los estudiantes visitan el enlace, pueden seleccionar otras categor\u00edas espec\u00edficas y repetir la b\u00fasqueda.<br \/><\/strong><br \/><strong><span style=\"color: #000000;\">&#8212;<\/span> <span style=\"color: #0000ff;\">y un mercado inmobiliario<\/span> (es decir, la categor\u00eda Vivienda se elige en el proceso anterior). La vivienda es fundamental y todos los estudiantes buscan vivienda en un momento u otro.<\/strong><\/h4>\n<h4><span style=\"color: #0000ff;\"><strong>3. Cada subdivisi\u00f3n de su organizaci\u00f3n estudiantil debe considerar incluir\/proporcionar a los estudiantes:<\/strong><\/span><\/h4>\n<h4><strong>\u2014 un mercado global<br \/><\/strong><br \/><strong>\u2014 y un mercado inmobiliario<\/strong><\/h4>\n<h4><strong><span style=\"color: #0000ff;\"><span style=\"color: #000000;\">&#8212;<\/span> y un mercado espec\u00edfico de subdivisi\u00f3n. <\/span>Por ejemplo, libros de Econom\u00eda y Negocios para la Asociaci\u00f3n de Estudiantes de Negocios, que es una subcategor\u00eda de la categor\u00eda Libros. <span style=\"color: #0000ff;\">Vea a continuaci\u00f3n c\u00f3mo crearlo.<\/span><\/strong><\/h4>\n<h4><strong><span style=\"color: #0000ff;\">4. Busque apoyo y cooperaci\u00f3n con su instituci\u00f3n o Universidad. <\/span><\/strong><span style=\"color: #0000ff;\"><strong>\u00a0<\/strong><\/span><\/h4>\n\n\n<hr class=\"wp-block-separator has-css-opacity is-style-wide\"\/>\n\n\n\n<h1 class=\"wp-block-heading\"><strong>C\u00f3mo crear mercados de subdivisi\u00f3n a partir de subcategor\u00edas.<\/strong><\/h1>\n\n\n<h4><span style=\"color: #000000;\"><strong>Para crear mercados espec\u00edficos de subdivisi\u00f3n: a partir del paso 3 de la gu\u00eda anterior para crear un mercado local para su campus, que se encuentra en la p\u00e1gina de Resultados, puede seleccionar categor\u00edas. Consulte las flechas rojas a continuaci\u00f3n.<\/strong><\/span><\/h4>\n\n<div class=\"wp-block-image\">\n<figure class=\"aligncenter size-large is-resized\"><img loading=\"lazy\" decoding=\"async\" width=\"1024\" height=\"277\" src=\"https:\/\/yourcampusad.com\/wp-content\/uploads\/2023\/04\/Screenshot_3-1024x277.png\" alt=\"\" class=\"wp-image-8676\" style=\"width:532px;height:143px\" srcset=\"https:\/\/yourcampusad.com\/wp-content\/uploads\/2023\/04\/Screenshot_3-1024x277.png 1024w, https:\/\/yourcampusad.com\/wp-content\/uploads\/2023\/04\/Screenshot_3-300x81.png 300w, https:\/\/yourcampusad.com\/wp-content\/uploads\/2023\/04\/Screenshot_3-768x208.png 768w, https:\/\/yourcampusad.com\/wp-content\/uploads\/2023\/04\/Screenshot_3-1536x415.png 1536w, https:\/\/yourcampusad.com\/wp-content\/uploads\/2023\/04\/Screenshot_3-2048x554.png 2048w, https:\/\/yourcampusad.com\/wp-content\/uploads\/2023\/04\/Screenshot_3-600x162.png 600w\" sizes=\"auto, (max-width: 1024px) 100vw, 1024px\" \/><\/figure>\n<\/div>\n\n\n<h4 class=\"wp-block-heading\"><span style=\"color: #ff0000;\"><strong><br><span style=\"color: #000000;\">Seleccione una categor\u00eda aqu\u00ed y (si corresponde) aparecer\u00e1 una ventana donde podr\u00e1 seleccionar subcategor\u00edas dentro de esa categor\u00eda. Selecciona una sub-categor\u00eda. A continuaci\u00f3n, haga clic en buscar y luego copie el enlace completo que aparece en la ventana del navegador.<\/span><\/strong><\/span><\/h4>\n\n\n\n<p class=\"has-medium-font-size\"><strong><span style=\"color: #0000ff;\">Para sugerir cualquier categor\u00eda o subcategor\u00eda que crea que falta, cont\u00e1ctenos (contact@yourcampusad.com). Gracias por tu tiempo leyendo esto. \u00a1Hag\u00e1moslo realidad!<\/span><\/strong><\/p>","protected":false},"excerpt":{"rendered":"<p>&#8212; Why use Yourcampusad ? 1. You can create a market for your campus in seconds. You can, for example, create a Housing market. And students can set up alarms so that they are notified by email when something is listed on the Housing market within a selected distance from your campus. 2. You can, [&hellip;]<\/p>","protected":false},"author":1,"featured_media":0,"parent":0,"menu_order":0,"comment_status":"closed","ping_status":"closed","template":"","meta":{"footnotes":""},"class_list":["post-8641","page","type-page","status-publish","hentry"],"_links":{"self":[{"href":"https:\/\/yourcampusad.com\/es\/wp-json\/wp\/v2\/pages\/8641","targetHints":{"allow":["GET"]}}],"collection":[{"href":"https:\/\/yourcampusad.com\/es\/wp-json\/wp\/v2\/pages"}],"about":[{"href":"https:\/\/yourcampusad.com\/es\/wp-json\/wp\/v2\/types\/page"}],"author":[{"embeddable":true,"href":"https:\/\/yourcampusad.com\/es\/wp-json\/wp\/v2\/users\/1"}],"replies":[{"embeddable":true,"href":"https:\/\/yourcampusad.com\/es\/wp-json\/wp\/v2\/comments?post=8641"}],"version-history":[{"count":51,"href":"https:\/\/yourcampusad.com\/es\/wp-json\/wp\/v2\/pages\/8641\/revisions"}],"predecessor-version":[{"id":9474,"href":"https:\/\/yourcampusad.com\/es\/wp-json\/wp\/v2\/pages\/8641\/revisions\/9474"}],"wp:attachment":[{"href":"https:\/\/yourcampusad.com\/es\/wp-json\/wp\/v2\/media?parent=8641"}],"curies":[{"name":"wp","href":"https:\/\/api.w.org\/{rel}","templated":true}]}}