{"id":8639,"date":"2023-04-28T18:18:49","date_gmt":"2023-04-28T18:18:49","guid":{"rendered":"https:\/\/yourcampusad.com\/?page_id=8639"},"modified":"2024-02-25T11:10:57","modified_gmt":"2024-02-25T11:10:57","slug":"information-for-universities-and-institutions","status":"publish","type":"page","link":"https:\/\/yourcampusad.com\/es\/information-for-universities-and-institutions\/","title":{"rendered":"Informaci\u00f3n para Universidades e Instituciones"},"content":{"rendered":"<h1 class=\"wp-block-heading\">\u2014 \u00bfPor qu\u00e9 Yourcampusad?<\/h1>\n\n\n<h4><strong><span style=\"color: #0000ff;\">1.<\/span> Medio ambiente: \u00bftiene su universidad una pol\u00edtica medioambiental? Muchos libros, muebles, etc. usados \u200b\u200bse tiran a la basura (a menudo los libros no se vuelven a utilizar una vez finalizado el semestre); pasar cosas a otros es algo bueno.<\/strong><\/h4>\n<h4><strong><span style=\"color: #0000ff;\">2.<\/span> Internacional \u2013 Yourcampusad es internacional. Se despliegan muchos recursos para promoverlo. Los estudiantes internacionales y de intercambio saben d\u00f3nde buscar alojamiento y otras cosas que necesitan.<\/strong><\/h4>\n<h4><strong><span style=\"color: #0000ff;\">3. <\/span><\/strong><strong>M\u00e1s estudiantes: un mercado local ayuda a los estudiantes a encontrar, por ejemplo, alojamiento, lo que suele ser fundamental para la elecci\u00f3n de la universidad. Hacer posible que la comunidad local alquile habitaciones y viviendas aumenta la oferta y, por tanto, hace bajar los precios (alquiler).\u00a0<\/strong><\/h4>\n<h4><strong><span style=\"color: #0000ff;\">4.<\/span> Aspectos sociales: los mercados locales de Yourcampus promueven una cultura universitaria vibrante, lo cual es muy importante para los estudiantes a la hora de elegir una universidad.\u00a0<\/strong><\/h4>\n<h4><strong><span style=\"color: #0000ff;\">5.\u00a0<\/span><\/strong><strong>Empleados: los empleados pueden ofrecer f\u00e1cilmente sus propios libros o libros de texto a la venta o regalarlos en los mercados locales.<br \/><\/strong><strong><br \/><\/strong><strong><span style=\"color: #0000ff;\">6. <\/span><\/strong><strong>Visibilidad: al estar presente en Yourcampusad, aumenta la visibilidad de su instituci\u00f3n.\u00a0<\/strong><\/h4>\n<h4><strong><span style=\"color: #0000ff;\">7.<\/span> Es gratis.<\/strong><\/h4>\n<h4><strong><em><span style=\"color: #0000ff;\">8. Como representante de la instituci\u00f3n: la implementaci\u00f3n de un mercado local de yourcampusad significa que usted hizo algo bueno para los estudiantes y para su instituci\u00f3n.<\/span><\/em><\/strong><\/h4>\n<h4><strong><em><span style=\"color: #0000ff;\">(\u2026Ponlo en tu CV. Un CV impresionante no consiste en los puestos que has tenido, sino en las cosas que hiciste o has logrado).<\/span><\/em><\/strong><\/h4>\n\n\n<h1 class=\"wp-block-heading\">- Qu\u00e9 se puede hacer: <\/h1>\n\n\n<h4><strong>1. <span style=\"color: #0000ff;\"><span style=\"color: #000000;\">Puedes crear un mercado para tu campus o instituci\u00f3n.<\/span> en segundos.<\/span> Puedes, por ejemplo, crear un mercado inmobiliario. Y los estudiantes pueden configurar alarmas para recibir una notificaci\u00f3n por correo electr\u00f3nico cuando aparezca algo en el mercado inmobiliario dentro de una distancia seleccionada de su campus.<\/strong><\/h4>\n<h4><strong>2. Puede, por ejemplo, crear un mercado de \u201cLibros\u201d para todo su campus o por tema correspondiente a una escuela\/facultad espec\u00edfica, como Negocios. De este modo, cada subdivisi\u00f3n puede crear mercados adaptados a sus estudiantes. <span style=\"color: #000000;\">Para crear subdivisiones, consulte &#034;Implementaci\u00f3n t\u00edpica o exitosa&#034; en la parte inferior a continuaci\u00f3n.<\/span><\/strong><\/h4>\n\n\n<h1 class=\"wp-block-heading\"><em>Ejemplo:<\/em><\/h1>\n\n\n<p><strong>Aqu\u00ed est\u00e1 el mercado local de Yourcampusad para la Universidad de Uppsala, Suecia, con todas las categor\u00edas y con un radio de 10 km, como enlace, como texto de muestra en el que se puede hacer clic y como imagen de muestra en la que se puede hacer clic.\u00a0<\/strong><\/p>\n\n\n<div class=\"wp-block-columns is-layout-flex wp-container-core-columns-is-layout-9d6595d7 wp-block-columns-is-layout-flex\">\n<div class=\"wp-block-column is-layout-flow wp-block-column-is-layout-flow\" style=\"flex-basis:33.33%\">\n<p style=\"text-align: right;\"><strong>Como enlace:<\/strong>&nbsp;<\/p>\n<\/div>\n\n\n\n<div class=\"wp-block-column is-layout-flow wp-block-column-is-layout-flow\" style=\"flex-basis:66.66%\">\n<p style=\"text-align: center;\"><a href=\"https:\/\/yourcampusad.com\/es\/search-results\/?ad_title=&amp;cat_id=&amp;location=Uppsala universitet, Uppsala, Sweden&amp;rd=10\">https:\/\/yourcampusad.com\/search-results\/?ad_title=&amp;cat_id=&amp;location=Uppsala+universitet%2C+Uppsala%2C+Sweden&amp;rd=10<\/a><\/p>\n<\/div>\n<\/div>\n\n\n\n<div class=\"wp-block-columns is-layout-flex wp-container-core-columns-is-layout-9d6595d7 wp-block-columns-is-layout-flex\">\n<div class=\"wp-block-column is-layout-flow wp-block-column-is-layout-flow\" style=\"flex-basis:33.33%\">\n<p style=\"text-align: right;\"><strong>Este enlace se puede vincular a un texto en el que se puede hacer clic:<\/strong><\/p>\n<\/div>\n\n\n\n<div class=\"wp-block-column is-layout-flow wp-block-column-is-layout-flow\" style=\"flex-basis:66.66%\">\n<p style=\"text-align: center;\"><a href=\"https:\/\/yourcampusad.com\/es\/search-results\/?ad_title=&amp;cat_id=&amp;location=Uppsala universitet, Uppsala, Sweden&amp;rd=10\"><strong>Nuestro Mercado Local<\/strong><\/a><\/p>\n<\/div>\n<\/div>\n\n\n\n<div class=\"wp-block-columns is-layout-flex wp-container-core-columns-is-layout-9d6595d7 wp-block-columns-is-layout-flex\">\n<div class=\"wp-block-column is-layout-flow wp-block-column-is-layout-flow\" style=\"flex-basis:33.33%\">\n<p style=\"text-align: right;\"><strong>O a cualquier imagen:<\/strong><\/p>\n<\/div>\n\n\n\n<div class=\"wp-block-column is-layout-flow wp-block-column-is-layout-flow\" style=\"flex-basis:66.66%\"><div class=\"wp-block-image\">\n<figure class=\"aligncenter size-large is-resized\"><a href=\"https:\/\/yourcampusad.com\/es\/search-results\/?ad_title=&amp;cat_id=&amp;location=Uppsala universitet, Uppsala, Sweden&amp;rd=10\" target=\"_blank\" rel=\"noopener noreferrer\"><img loading=\"lazy\" decoding=\"async\" width=\"294\" height=\"174\" src=\"https:\/\/yourcampusad.com\/wp-content\/uploads\/2023\/05\/market-sample-logo.png\" alt=\"\" class=\"wp-image-8900\" style=\"width:221px;height:131px\"\/><\/a><\/figure>\n<\/div><\/div>\n<\/div>\n\n\n\n<h1 class=\"wp-block-heading\" id=\"block-a8c987fa-3d30-48fa-8234-d14a0c431ab8\">\u2014 Crea un mercado local para tu campus en 3 pasos:<\/h1>\n\n\n\n<hr class=\"wp-block-separator has-css-opacity is-style-wide\"\/>\n\n\n<h4><strong><span style=\"color: #0000ff;\">Paso 1.<\/span> En la p\u00e1gina de inicio yourcampusad.com, busque su campus en la barra de ubicaci\u00f3n, seleccione la categor\u00eda de inter\u00e9s (o d\u00e9jela en blanco para incluir todas las categor\u00edas). Y haga clic en &#034;Buscar&#034;.<\/strong><\/h4>\n\n<div class=\"wp-block-image\">\n<figure class=\"aligncenter size-large is-resized\"><img loading=\"lazy\" decoding=\"async\" width=\"787\" height=\"778\" src=\"https:\/\/yourcampusad.com\/wp-content\/uploads\/2023\/05\/search2.png\" alt=\"\" class=\"wp-image-8919\" style=\"width:368px;height:363px\" srcset=\"https:\/\/yourcampusad.com\/wp-content\/uploads\/2023\/05\/search2.png 787w, https:\/\/yourcampusad.com\/wp-content\/uploads\/2023\/05\/search2-300x297.png 300w, https:\/\/yourcampusad.com\/wp-content\/uploads\/2023\/05\/search2-768x759.png 768w, https:\/\/yourcampusad.com\/wp-content\/uploads\/2023\/05\/search2-80x80.png 80w, https:\/\/yourcampusad.com\/wp-content\/uploads\/2023\/05\/search2-50x50.png 50w, https:\/\/yourcampusad.com\/wp-content\/uploads\/2023\/05\/search2-600x593.png 600w, https:\/\/yourcampusad.com\/wp-content\/uploads\/2023\/05\/search2-100x100.png 100w\" sizes=\"auto, (max-width: 787px) 100vw, 787px\" \/><\/figure>\n<\/div>\n\n<h4><strong><span style=\"color: #0000ff;\">Paso 2.<\/span> En la p\u00e1gina de Resultados. Copie el enlace completo en la parte superior de la ventana del navegador.\u00a0<\/strong><\/h4>\n\n<div class=\"wp-block-image\">\n<figure class=\"aligncenter size-large is-resized\"><img loading=\"lazy\" decoding=\"async\" width=\"1024\" height=\"186\" src=\"https:\/\/yourcampusad.com\/wp-content\/uploads\/2023\/04\/Screenshot_2-1024x186.png\" alt=\"\" class=\"wp-image-8651\" style=\"width:569px;height:103px\" srcset=\"https:\/\/yourcampusad.com\/wp-content\/uploads\/2023\/04\/Screenshot_2-1024x186.png 1024w, https:\/\/yourcampusad.com\/wp-content\/uploads\/2023\/04\/Screenshot_2-300x55.png 300w, https:\/\/yourcampusad.com\/wp-content\/uploads\/2023\/04\/Screenshot_2-768x140.png 768w, https:\/\/yourcampusad.com\/wp-content\/uploads\/2023\/04\/Screenshot_2-1536x280.png 1536w, https:\/\/yourcampusad.com\/wp-content\/uploads\/2023\/04\/Screenshot_2-600x109.png 600w, https:\/\/yourcampusad.com\/wp-content\/uploads\/2023\/04\/Screenshot_2.png 1730w\" sizes=\"auto, (max-width: 1024px) 100vw, 1024px\" \/><\/figure>\n<\/div>\n\n<h4><strong><span style=\"color: #0000ff;\">Paso 3.<\/span> Ahora utilice ese enlace en la p\u00e1gina web de su instituci\u00f3n.<\/strong><\/h4>\n<h4><strong><span style=\"color: #0000ff;\">\u2014\u00a0<\/span>Cualquier persona con acceso administrativo a la p\u00e1gina web puede publicar f\u00e1cilmente el enlace en el sitio web de su instituci\u00f3n. <\/strong><strong>p\u00e1gina web y con\u00e9ctela a botones o \u00edconos.<\/strong><\/h4>\n<h4><strong><span style=\"color: #0000ff;\">\u2014<\/span> Env\u00ede el enlace por correo electr\u00f3nico a sus compa\u00f1eros de trabajo, estudiantes y nuevos estudiantes cada a\u00f1o para construir un mercado vibrante.\u00a0<\/strong><\/h4>\n<h4><strong><span style=\"color: #0000ff;\">\u2014<\/span> Repita los pasos 1 a 3 con diferentes categor\u00edas (de mercado) (por ejemplo, \u201cVivienda\u201d, \u201cLibros \u2013 F\u00edsica\u201d) seg\u00fan sea necesario.\u00a0<\/strong><\/h4>\n\n\n<h1 class=\"wp-block-heading\">Para el \u00e9xito:<\/h1>\n\n\n\n<h4 class=\"wp-block-heading\"><strong>Para crear un mercado vibrante se debe comunicar su existencia. <\/strong><strong><span style=\"color: #0000ff;\">Recomendamos encarecidamente a todas las universidades que se vinculen a su mercado Yourcampusad en sus sitios web y que apoyen a las organizaciones estudiantiles con la implementaci\u00f3n.<\/span><\/strong><\/h4>\n\n\n\n<h4 class=\"wp-block-heading\"><strong><span style=\"color: #0000ff;\">A modo de gu\u00eda sugerimos lo siguiente a las Organizaciones Estudiantiles:&nbsp;<\/span><\/strong><\/h4>\n\n\n\n<h4 class=\"wp-block-heading\"><strong>1. Designar a alguien que sea responsable de la implementaci\u00f3n.<\/strong><\/h4>\n\n\n\n<h4 class=\"wp-block-heading\"><strong>2. Una organizaci\u00f3n estudiantil importante deber\u00eda considerar publicar:&nbsp;<\/strong><\/h4>\n\n\n\n<h4 class=\"wp-block-heading\"><strong>\u2014 un enlace de mercado general de Yourcampusad (no se elige ninguna categor\u00eda en el proceso anterior). Cuando los estudiantes visitan el enlace, pueden ver lo que hay disponible en su campus en todas las categor\u00edas.<br><\/strong><br><strong>\u2013 y un enlace al mercado inmobiliario de Yourcampusad (la categor\u00eda \u201cVivienda\u201d se elige en el proceso anterior). La vivienda es fundamental y todos los estudiantes buscan vivienda en un momento u otro.<\/strong><\/h4>\n\n\n\n<h4 class=\"wp-block-heading\"><span style=\"color: #000000;\"><strong>3. Cada subdivisi\u00f3n de su organizaci\u00f3n estudiantil debe considerar proporcionar enlaces a su campus:<\/strong><\/span><\/h4>\n\n\n\n<h4 class=\"wp-block-heading\"><strong>\u2014 Mercado general<br><br><\/strong><strong>\u2014&nbsp;<\/strong><strong> Mercado inmobiliario<\/strong><\/h4>\n\n\n\n<h4 class=\"wp-block-heading\"><strong>- y un mercado espec\u00edfico de subdivisi\u00f3n. Por ejemplo, libros de negocios para la Asociaci\u00f3n de Estudiantes de Negocios (que es una subcategor\u00eda de la categor\u00eda Libros). Vea abajo.<\/strong><\/h4>\n\n\n\n<h4 class=\"wp-block-heading\"><span style=\"color: #0000ff;\"><strong>4. Busque apoyo y cooperaci\u00f3n con su instituci\u00f3n o Universidad.<\/strong><\/span><\/h4>\n\n\n\n<h3 class=\"wp-block-heading\" id=\"block-9511455e-bec0-4095-8b91-81ab4a019d36\"><strong>C\u00f3mo crear mercados de subdivisi\u00f3n a partir de subcategor\u00edas<\/strong>:<\/h3>\n\n\n<h4><strong>Para crear mercados espec\u00edficos de subdivisi\u00f3n: a partir del paso 3 de la gu\u00eda para crear un mercado local para su campus, es decir, desde la p\u00e1gina de Resultados, puede seleccionar categor\u00edas. Consulte las flechas rojas a continuaci\u00f3n.<\/strong><\/h4>\n\n<div class=\"wp-block-image\">\n<figure class=\"aligncenter size-large\"><img loading=\"lazy\" decoding=\"async\" width=\"1024\" height=\"277\" src=\"https:\/\/yourcampusad.com\/wp-content\/uploads\/2023\/04\/Screenshot_3-1024x277.png\" alt=\"\" class=\"wp-image-8676\" srcset=\"https:\/\/yourcampusad.com\/wp-content\/uploads\/2023\/04\/Screenshot_3-1024x277.png 1024w, https:\/\/yourcampusad.com\/wp-content\/uploads\/2023\/04\/Screenshot_3-300x81.png 300w, https:\/\/yourcampusad.com\/wp-content\/uploads\/2023\/04\/Screenshot_3-768x208.png 768w, https:\/\/yourcampusad.com\/wp-content\/uploads\/2023\/04\/Screenshot_3-1536x415.png 1536w, https:\/\/yourcampusad.com\/wp-content\/uploads\/2023\/04\/Screenshot_3-2048x554.png 2048w, https:\/\/yourcampusad.com\/wp-content\/uploads\/2023\/04\/Screenshot_3-600x162.png 600w\" sizes=\"auto, (max-width: 1024px) 100vw, 1024px\" \/><\/figure>\n<\/div>\n\n<h4><strong>Seleccione una categor\u00eda aqu\u00ed y (cuando corresponda) aparecer\u00e1 una ventana donde podr\u00e1 seleccionar subcategor\u00edas en esa categor\u00eda. Selecciona una sub-categor\u00eda. A continuaci\u00f3n, haga clic en buscar y luego copie el enlace completo que aparece en la ventana del navegador.<\/strong><\/h4>\n<h4><span style=\"color: #0000ff;\"><strong>Para sugerir cualquier categor\u00eda o subcategor\u00eda que crea que falta, cont\u00e1ctenos (contact@yourcampusad.com). Gracias por tu tiempo leyendo esto. \u00a1Haz que suceda!<\/strong><\/span><\/h4>\n\n\n<p><\/p>","protected":false},"excerpt":{"rendered":"<p>&#8212; Why Yourcampusad ? 1. Environmental &#8211; does your university have an environmental policy? A lot of used books, furniture etc. is thrown away (often books are never used again after the semester has ended) &#8211; passing things on to others is a good thing. 2. International &#8211; Yourcampusad is international. A lot of resources [&hellip;]<\/p>","protected":false},"author":1,"featured_media":0,"parent":0,"menu_order":0,"comment_status":"closed","ping_status":"closed","template":"","meta":{"footnotes":""},"class_list":["post-8639","page","type-page","status-publish","hentry"],"_links":{"self":[{"href":"https:\/\/yourcampusad.com\/es\/wp-json\/wp\/v2\/pages\/8639","targetHints":{"allow":["GET"]}}],"collection":[{"href":"https:\/\/yourcampusad.com\/es\/wp-json\/wp\/v2\/pages"}],"about":[{"href":"https:\/\/yourcampusad.com\/es\/wp-json\/wp\/v2\/types\/page"}],"author":[{"embeddable":true,"href":"https:\/\/yourcampusad.com\/es\/wp-json\/wp\/v2\/users\/1"}],"replies":[{"embeddable":true,"href":"https:\/\/yourcampusad.com\/es\/wp-json\/wp\/v2\/comments?post=8639"}],"version-history":[{"count":49,"href":"https:\/\/yourcampusad.com\/es\/wp-json\/wp\/v2\/pages\/8639\/revisions"}],"predecessor-version":[{"id":9465,"href":"https:\/\/yourcampusad.com\/es\/wp-json\/wp\/v2\/pages\/8639\/revisions\/9465"}],"wp:attachment":[{"href":"https:\/\/yourcampusad.com\/es\/wp-json\/wp\/v2\/media?parent=8639"}],"curies":[{"name":"wp","href":"https:\/\/api.w.org\/{rel}","templated":true}]}}