{"id":1146,"date":"2017-03-06T05:49:30","date_gmt":"2017-03-06T05:49:30","guid":{"rendered":"http:\/\/adforest.scriptsbundle.com\/adforet-demo-data\/?page_id=1146"},"modified":"2024-02-24T23:25:20","modified_gmt":"2024-02-24T23:25:20","slug":"faqs","status":"publish","type":"page","link":"https:\/\/yourcampusad.com\/es\/faqs\/","title":{"rendered":"Preguntas frecuentes"},"content":{"rendered":"<div class=\"wpb-content-wrapper\"><div class=\"vc_row wpb_row vc_row-fluid\"><div class=\"wpb_column vc_column_container vc_col-sm-12\"><div class=\"vc_column-inner\"><div class=\"wpb_wrapper\"><section class=\"section-padding error-page\" >\r\n            <div class=\"container\">\r\n               <div class=\"row\">\r\n\t\t\t\t   \r\n                  <div class=\"col-md-12 col-xs-12 col-sm-12\">\r\n\t\t\t\t  \t<ul class=\"accordion\"><li>\r\n                           <h3 class=\"accordion-title\"><a href=\"#\">\u00bfQu\u00e9 idioma debo utilizar al publicar anuncios en Yourcampusad?<\/a><\/h3>\r\n                           <div class=\"accordion-content\">\r\n                              <p>Utilice ingl\u00e9s, su idioma nativo, o ambos, seg\u00fan el mercado objetivo y sus habilidades ling\u00fc\u00edsticas. Estamos trabajando en una funci\u00f3n de traducci\u00f3n.<\/p>\r\n                           <\/div>\r\n                        <\/li><li>\r\n                           <h3 class=\"accordion-title\"><a href=\"#\">\u00bfC\u00f3mo publico un anuncio?<\/a><\/h3>\r\n                           <div class=\"accordion-content\">\r\n                              <p>Registrar una cuenta. Confirme la cuenta (copie y pegue el enlace de registro enviado a su correo electr\u00f3nico en una ventana de direcci\u00f3n del navegador). Iniciar sesi\u00f3n en su cuenta. Haz clic en \"+Publicar\" y sigue las instrucciones. Utilice las barras de entrada RELEVANTES (por ejemplo, el enlace a Youtube solo se aplica si tiene dicho enlace para compartir). DEBE elegir Pa\u00eds y luego TODAS LAS REGIONES y TODAS LAS CIUDADES en el men\u00fa desplegable (en el paso 3 al publicar un anuncio) si desea que su publicaci\u00f3n aparezca en las alarmas y b\u00fasquedas de suscripci\u00f3n de Categor\u00eda-Pa\u00eds.<\/p>\r\n                           <\/div>\r\n                        <\/li><li>\r\n                           <h3 class=\"accordion-title\"><a href=\"#\">\u00bfNecesito subir fotograf\u00edas con mis anuncios en Yourcampusad?<\/a><\/h3>\r\n                           <div class=\"accordion-content\">\r\n                              <p>No, pero una imagen dice m\u00e1s que 1000 palabras. Una imagen es informativa y agradable. Si no carga una imagen, se mostrar\u00e1 una imagen de archivo de Yourcampusad con su publicaci\u00f3n. Puedes cambiar las im\u00e1genes m\u00e1s tarde editando tu publicaci\u00f3n.<\/p>\r\n                           <\/div>\r\n                        <\/li><li>\r\n                           <h3 class=\"accordion-title\"><a href=\"#\">\u00bfHay alg\u00fan problema al cargar tus fotos?<\/a><\/h3>\r\n                           <div class=\"accordion-content\">\r\n                              <p>Hay un l\u00edmite de tama\u00f1o de 7 megabytes por imagen. Sin embargo, esa es una imagen muy grande, dependiendo de tu velocidad de conexi\u00f3n, puede darte problemas. Las im\u00e1genes no deben tener m\u00e1s de 500 kilobytes. (Puedes reducir f\u00e1cilmente el tama\u00f1o de tus im\u00e1genes de forma gratuita utilizando varios servicios en l\u00ednea)<\/p>\r\n                           <\/div>\r\n                        <\/li><\/ul>\r\n\t\t\t\t  <\/div>\r\n\t\t\t  <\/div>\r\n\t\t  <\/div>\r\n\t   <\/section>\r\n<\/div><\/div><\/div><\/div><div class=\"vc_row wpb_row vc_row-fluid\"><div class=\"wpb_column vc_column_container vc_col-sm-12\"><div class=\"vc_column-inner\"><div class=\"wpb_wrapper\">\n\t<div class=\"wpb_text_column wpb_content_element\" >\n\t\t<div class=\"wpb_wrapper\">\n\t\t\t<h1 style=\"text-align: center;\"><strong>C\u00f3mo configurar alarmas de suscripci\u00f3n<br \/>\n&amp; Informaci\u00f3n cr\u00edtica del pa\u00eds al publicar anuncios<\/strong><\/h1>\n\n\t\t<\/div>\n\t<\/div>\n<\/div><\/div><\/div><\/div><div class=\"vc_row wpb_row vc_row-fluid\"><div class=\"wpb_column vc_column_container vc_col-sm-3\"><div class=\"vc_column-inner\"><div class=\"wpb_wrapper\"><\/div><\/div><\/div><div class=\"wpb_column vc_column_container vc_col-sm-6\"><div class=\"vc_column-inner\"><div class=\"wpb_wrapper\">\n\t<div class=\"wpb_text_column wpb_content_element\" >\n\t\t<div class=\"wpb_wrapper\">\n\t\t\t<p><strong>En tu perfil, selecciona \u201cSuscripciones y notificaciones autom\u00e1ticas\u201d. Consulte las flechas rojas a continuaci\u00f3n.<\/strong><\/p>\n\n\t\t<\/div>\n\t<\/div>\n\n\t<div  class=\"wpb_single_image wpb_content_element vc_align_center wpb_content_element\">\n\t\t\n\t\t<figure class=\"wpb_wrapper vc_figure\">\n\t\t\t<div class=\"vc_single_image-wrapper   vc_box_border_grey\"><img loading=\"lazy\" decoding=\"async\" width=\"1606\" height=\"338\" src=\"https:\/\/yourcampusad.com\/wp-content\/uploads\/2023\/04\/subscriptions-1.png\" class=\"vc_single_image-img attachment-full\" alt=\"subscriptions\" title=\"subscriptions 1\" srcset=\"https:\/\/yourcampusad.com\/wp-content\/uploads\/2023\/04\/subscriptions-1.png 1606w, https:\/\/yourcampusad.com\/wp-content\/uploads\/2023\/04\/subscriptions-1-300x63.png 300w, https:\/\/yourcampusad.com\/wp-content\/uploads\/2023\/04\/subscriptions-1-1024x216.png 1024w, https:\/\/yourcampusad.com\/wp-content\/uploads\/2023\/04\/subscriptions-1-768x162.png 768w, https:\/\/yourcampusad.com\/wp-content\/uploads\/2023\/04\/subscriptions-1-1536x323.png 1536w, https:\/\/yourcampusad.com\/wp-content\/uploads\/2023\/04\/subscriptions-1-600x126.png 600w\" sizes=\"auto, (max-width: 1606px) 100vw, 1606px\" \/><\/div>\n\t\t<\/figure>\n\t<\/div>\n\n\t<div class=\"wpb_text_column wpb_content_element\" >\n\t\t<div class=\"wpb_wrapper\">\n\t\t\t<p>Suscripci\u00f3n basada en <strong>radio<\/strong> significa que puede seleccionar su campus por direcci\u00f3n, seleccionar un radio de distancia desde su campus y recibir alarmas por correo electr\u00f3nico cuando se realicen publicaciones dentro del \u00e1rea correspondiente.<\/p>\n<p>Suscripci\u00f3n basada en <strong>categor\u00eda y pa\u00eds<\/strong> significa que puede recibir alarmas por correo electr\u00f3nico cuando se publiquen anuncios en la categor\u00eda y el pa\u00eds seleccionados. Esto significa que es importante que seleccione pa\u00eds, regi\u00f3n (todos) y ciudades (todos) (en el paso 3) al publicar un anuncio; de lo contrario, no aparecer\u00e1 en las b\u00fasquedas y alarmas de categor\u00edas y pa\u00edses (no basta con seleccionar su pa\u00eds al publicar un anuncio). Por favor ver m\u00e1s abajo.<\/p>\n<p><strong>Usuarios<\/strong> \u2013 Aqu\u00ed puedes suscribirte a las publicaciones de un usuario espec\u00edfico combinado con una categor\u00eda. <strong>Gestionar o cancelar<\/strong> \u2013 Aqu\u00ed podr\u00e1s gestionar y cancelar tus suscripciones. <strong>Seguidores<\/strong> \u2013 Aqu\u00ed puedes ver cu\u00e1ntos usuarios (si los hay) se suscriben a tus publicaciones (suscripci\u00f3n por Usuarios). Consulte las flechas rojas a continuaci\u00f3n.<\/p>\n\n\t\t<\/div>\n\t<\/div>\n\n\t<div  class=\"wpb_single_image wpb_content_element vc_align_center wpb_content_element\">\n\t\t\n\t\t<figure class=\"wpb_wrapper vc_figure\">\n\t\t\t<div class=\"vc_single_image-wrapper   vc_box_border_grey\"><img loading=\"lazy\" decoding=\"async\" width=\"1655\" height=\"436\" src=\"https:\/\/yourcampusad.com\/wp-content\/uploads\/2023\/04\/subscriptions-2.png\" class=\"vc_single_image-img attachment-full\" alt=\"Different subscriptions\" title=\"subscriptions 2\" srcset=\"https:\/\/yourcampusad.com\/wp-content\/uploads\/2023\/04\/subscriptions-2.png 1655w, https:\/\/yourcampusad.com\/wp-content\/uploads\/2023\/04\/subscriptions-2-300x79.png 300w, https:\/\/yourcampusad.com\/wp-content\/uploads\/2023\/04\/subscriptions-2-1024x270.png 1024w, https:\/\/yourcampusad.com\/wp-content\/uploads\/2023\/04\/subscriptions-2-768x202.png 768w, https:\/\/yourcampusad.com\/wp-content\/uploads\/2023\/04\/subscriptions-2-1536x405.png 1536w, https:\/\/yourcampusad.com\/wp-content\/uploads\/2023\/04\/subscriptions-2-600x158.png 600w\" sizes=\"auto, (max-width: 1655px) 100vw, 1655px\" \/><\/div>\n\t\t<\/figure>\n\t<\/div>\n\n\t<div class=\"wpb_text_column wpb_content_element\" >\n\t\t<div class=\"wpb_wrapper\">\n\t\t\t<h4><strong>AL PUBLICAR UN ANUNCIO, ES IMPORTANTE QUE ELIJA PA\u00cdS, REGI\u00d3N (TODA LA REGI\u00d3N) Y CIUDAD (TODAS LAS CIUDADES) PARA QUE SU PUBLICACI\u00d3N APARECE EN CATEGOR\u00cdA Y ALARMAS DE SUSCRIPCI\u00d3N DE PA\u00cdS Y CATEGOR\u00cdA \u2013 B\u00daSQUEDAS DE PA\u00cdS.<\/strong> (No basta con elegir su pa\u00eds; debe completar los criterios de \u201ctodas las regiones\u201d y \u201ctodas las ciudades\u201d para que su anuncio se incluya en las alarmas y b\u00fasquedas de Categor\u00eda y Pa\u00eds. Consulte las flechas rojas a continuaci\u00f3n (la imagen es una captura de pantalla de <em>Paso 3<\/em> en el procedimiento de publicaci\u00f3n de anuncios).<\/h4>\n\n\t\t<\/div>\n\t<\/div>\n\n\t<div  class=\"wpb_single_image wpb_content_element vc_align_center wpb_content_element\">\n\t\t\n\t\t<figure class=\"wpb_wrapper vc_figure\">\n\t\t\t<div class=\"vc_single_image-wrapper   vc_box_border_grey\"><img loading=\"lazy\" decoding=\"async\" width=\"1923\" height=\"854\" src=\"https:\/\/yourcampusad.com\/wp-content\/uploads\/2023\/04\/country-cites-etc.png\" class=\"vc_single_image-img attachment-full\" alt=\"\" title=\"country cites etc\" srcset=\"https:\/\/yourcampusad.com\/wp-content\/uploads\/2023\/04\/country-cites-etc.png 1923w, https:\/\/yourcampusad.com\/wp-content\/uploads\/2023\/04\/country-cites-etc-300x133.png 300w, https:\/\/yourcampusad.com\/wp-content\/uploads\/2023\/04\/country-cites-etc-1024x455.png 1024w, https:\/\/yourcampusad.com\/wp-content\/uploads\/2023\/04\/country-cites-etc-768x341.png 768w, https:\/\/yourcampusad.com\/wp-content\/uploads\/2023\/04\/country-cites-etc-1536x682.png 1536w, https:\/\/yourcampusad.com\/wp-content\/uploads\/2023\/04\/country-cites-etc-600x266.png 600w\" sizes=\"auto, (max-width: 1923px) 100vw, 1923px\" \/><\/div>\n\t\t<\/figure>\n\t<\/div>\n<\/div><\/div><\/div><div class=\"wpb_column vc_column_container vc_col-sm-3\"><div class=\"vc_column-inner\"><div class=\"wpb_wrapper\"><\/div><\/div><\/div><\/div><div class=\"vc_row wpb_row vc_row-fluid\"><div class=\"wpb_column vc_column_container vc_col-sm-3\"><div class=\"vc_column-inner\"><div class=\"wpb_wrapper\"><\/div><\/div><\/div><div class=\"wpb_column vc_column_container vc_col-sm-6\"><div class=\"vc_column-inner\"><div class=\"wpb_wrapper\">\n\t<div class=\"wpb_text_column wpb_content_element\" >\n\t\t<div class=\"wpb_wrapper\">\n\t\t\t<p><strong>En tu perfil, selecciona \u201cSuscripciones y notificaciones autom\u00e1ticas\u201d. Consulte las flechas rojas a continuaci\u00f3n.<\/strong><\/p>\n\n\t\t<\/div>\n\t<\/div>\n\n\t<div  class=\"wpb_single_image wpb_content_element vc_align_center wpb_content_element\">\n\t\t\n\t\t<figure class=\"wpb_wrapper vc_figure\">\n\t\t\t<div class=\"vc_single_image-wrapper   vc_box_border_grey\"><img loading=\"lazy\" decoding=\"async\" width=\"1606\" height=\"338\" src=\"https:\/\/yourcampusad.com\/wp-content\/uploads\/2023\/04\/subscriptions-1.png\" class=\"vc_single_image-img attachment-full\" alt=\"subscriptions\" title=\"subscriptions 1\" srcset=\"https:\/\/yourcampusad.com\/wp-content\/uploads\/2023\/04\/subscriptions-1.png 1606w, https:\/\/yourcampusad.com\/wp-content\/uploads\/2023\/04\/subscriptions-1-300x63.png 300w, https:\/\/yourcampusad.com\/wp-content\/uploads\/2023\/04\/subscriptions-1-1024x216.png 1024w, https:\/\/yourcampusad.com\/wp-content\/uploads\/2023\/04\/subscriptions-1-768x162.png 768w, https:\/\/yourcampusad.com\/wp-content\/uploads\/2023\/04\/subscriptions-1-1536x323.png 1536w, https:\/\/yourcampusad.com\/wp-content\/uploads\/2023\/04\/subscriptions-1-600x126.png 600w\" sizes=\"auto, (max-width: 1606px) 100vw, 1606px\" \/><\/div>\n\t\t<\/figure>\n\t<\/div>\n\n\t<div class=\"wpb_text_column wpb_content_element\" >\n\t\t<div class=\"wpb_wrapper\">\n\t\t\t<p>Suscripci\u00f3n basada en <strong>radio<\/strong> significa que puede seleccionar su campus por direcci\u00f3n, seleccionar un radio de distancia desde su campus y recibir alarmas por correo electr\u00f3nico cuando se realicen publicaciones dentro del \u00e1rea correspondiente.<\/p>\n<p>Suscripci\u00f3n basada en <strong>categor\u00eda y pa\u00eds<\/strong> significa que puede recibir alarmas por correo electr\u00f3nico cuando se publiquen anuncios en la categor\u00eda y el pa\u00eds seleccionados. Esto significa que es importante que seleccione pa\u00eds, regi\u00f3n (todos) y ciudades (todos) (en el paso 3) al publicar un anuncio; de lo contrario, no aparecer\u00e1 en las alarmas de categor\u00eda y pa\u00eds (no es suficiente seleccionar su pa\u00eds cuando publicar un anuncio). Por favor ver m\u00e1s abajo.<\/p>\n<p><strong>Usuarios<\/strong> \u2013 Aqu\u00ed puedes suscribirte a las publicaciones de un usuario espec\u00edfico combinado con una categor\u00eda. <strong>Gestionar o cancelar<\/strong> \u2013 Aqu\u00ed podr\u00e1s gestionar y cancelar tus suscripciones. <strong>Seguidores<\/strong> \u2013 Aqu\u00ed puedes ver cu\u00e1ntos usuarios (si los hay) se suscriben a tus publicaciones (suscripci\u00f3n por Usuarios). Consulte las flechas rojas a continuaci\u00f3n.<\/p>\n\n\t\t<\/div>\n\t<\/div>\n\n\t<div  class=\"wpb_single_image wpb_content_element vc_align_center wpb_content_element\">\n\t\t\n\t\t<figure class=\"wpb_wrapper vc_figure\">\n\t\t\t<div class=\"vc_single_image-wrapper   vc_box_border_grey\"><img loading=\"lazy\" decoding=\"async\" width=\"1655\" height=\"436\" src=\"https:\/\/yourcampusad.com\/wp-content\/uploads\/2023\/04\/subscriptions-2.png\" class=\"vc_single_image-img attachment-full\" alt=\"Different subscriptions\" title=\"subscriptions 2\" srcset=\"https:\/\/yourcampusad.com\/wp-content\/uploads\/2023\/04\/subscriptions-2.png 1655w, https:\/\/yourcampusad.com\/wp-content\/uploads\/2023\/04\/subscriptions-2-300x79.png 300w, https:\/\/yourcampusad.com\/wp-content\/uploads\/2023\/04\/subscriptions-2-1024x270.png 1024w, https:\/\/yourcampusad.com\/wp-content\/uploads\/2023\/04\/subscriptions-2-768x202.png 768w, https:\/\/yourcampusad.com\/wp-content\/uploads\/2023\/04\/subscriptions-2-1536x405.png 1536w, https:\/\/yourcampusad.com\/wp-content\/uploads\/2023\/04\/subscriptions-2-600x158.png 600w\" sizes=\"auto, (max-width: 1655px) 100vw, 1655px\" \/><\/div>\n\t\t<\/figure>\n\t<\/div>\n\n\t<div class=\"wpb_text_column wpb_content_element\" >\n\t\t<div class=\"wpb_wrapper\">\n\t\t\t<h4><strong>TENGA EN CUENTA: AL PUBLICAR UN ANUNCIO, ES IMPORTANTE QUE ELIJA PA\u00cdS, REGI\u00d3N (TODAS LAS REGIONES) Y CIUDAD (TODAS LAS CIUDADES) PARA QUE SU PUBLICACI\u00d3N APAREZCA EN LAS ALARMAS DE SUSCRIPCI\u00d3N DE CATEGOR\u00cdA Y PA\u00cdS.<\/strong> (No basta con elegir su pa\u00eds; debe elegir los criterios \u201ctodas las regiones\u201d y \u201ctodas las ciudades\u201d para que su anuncio se incluya en las alarmas de Categor\u00eda y Pa\u00eds. Consulte las flechas rojas a continuaci\u00f3n (la imagen es una pantalla captura de <em>Paso 3<\/em> en el procedimiento de publicaci\u00f3n de anuncios).<\/h4>\n\n\t\t<\/div>\n\t<\/div>\n\n\t<div  class=\"wpb_single_image wpb_content_element vc_align_center wpb_content_element\">\n\t\t\n\t\t<figure class=\"wpb_wrapper vc_figure\">\n\t\t\t<div class=\"vc_single_image-wrapper   vc_box_border_grey\"><img loading=\"lazy\" decoding=\"async\" width=\"1923\" height=\"854\" src=\"https:\/\/yourcampusad.com\/wp-content\/uploads\/2023\/04\/country-cites-etc.png\" class=\"vc_single_image-img attachment-full\" alt=\"\" title=\"country cites etc\" srcset=\"https:\/\/yourcampusad.com\/wp-content\/uploads\/2023\/04\/country-cites-etc.png 1923w, https:\/\/yourcampusad.com\/wp-content\/uploads\/2023\/04\/country-cites-etc-300x133.png 300w, https:\/\/yourcampusad.com\/wp-content\/uploads\/2023\/04\/country-cites-etc-1024x455.png 1024w, https:\/\/yourcampusad.com\/wp-content\/uploads\/2023\/04\/country-cites-etc-768x341.png 768w, https:\/\/yourcampusad.com\/wp-content\/uploads\/2023\/04\/country-cites-etc-1536x682.png 1536w, https:\/\/yourcampusad.com\/wp-content\/uploads\/2023\/04\/country-cites-etc-600x266.png 600w\" sizes=\"auto, (max-width: 1923px) 100vw, 1923px\" \/><\/div>\n\t\t<\/figure>\n\t<\/div>\n<\/div><\/div><\/div><div class=\"wpb_column vc_column_container vc_col-sm-3\"><div class=\"vc_column-inner\"><div class=\"wpb_wrapper\"><\/div><\/div><\/div><\/div>\n<\/div>","protected":false},"excerpt":{"rendered":"What language should I use when posting ads on Yourcampusad? Use English, or your native language, or both, depending on the target market and your language skills. We are working on a translation function. How do I post an Ad? Register an account. Confirm the account (Copy-paste the registration link sent to your email into [...]","protected":false},"author":1,"featured_media":0,"parent":0,"menu_order":0,"comment_status":"closed","ping_status":"closed","template":"","meta":{"footnotes":""},"class_list":["post-1146","page","type-page","status-publish","hentry"],"_links":{"self":[{"href":"https:\/\/yourcampusad.com\/es\/wp-json\/wp\/v2\/pages\/1146","targetHints":{"allow":["GET"]}}],"collection":[{"href":"https:\/\/yourcampusad.com\/es\/wp-json\/wp\/v2\/pages"}],"about":[{"href":"https:\/\/yourcampusad.com\/es\/wp-json\/wp\/v2\/types\/page"}],"author":[{"embeddable":true,"href":"https:\/\/yourcampusad.com\/es\/wp-json\/wp\/v2\/users\/1"}],"replies":[{"embeddable":true,"href":"https:\/\/yourcampusad.com\/es\/wp-json\/wp\/v2\/comments?post=1146"}],"version-history":[{"count":30,"href":"https:\/\/yourcampusad.com\/es\/wp-json\/wp\/v2\/pages\/1146\/revisions"}],"predecessor-version":[{"id":9437,"href":"https:\/\/yourcampusad.com\/es\/wp-json\/wp\/v2\/pages\/1146\/revisions\/9437"}],"wp:attachment":[{"href":"https:\/\/yourcampusad.com\/es\/wp-json\/wp\/v2\/media?parent=1146"}],"curies":[{"name":"wp","href":"https:\/\/api.w.org\/{rel}","templated":true}]}}