{"id":8641,"date":"2023-04-28T18:22:01","date_gmt":"2023-04-28T18:22:01","guid":{"rendered":"https:\/\/yourcampusad.com\/?page_id=8641"},"modified":"2024-02-25T14:31:23","modified_gmt":"2024-02-25T14:31:23","slug":"information-for-student-organizations","status":"publish","type":"page","link":"https:\/\/yourcampusad.com\/de\/information-for-student-organizations\/","title":{"rendered":"Informationen f\u00fcr Studentenorganisationen"},"content":{"rendered":"<h1 class=\"wp-block-heading\">&#8212; <strong>Warum Yourcampusad verwenden?<\/strong> <\/h1>\n\n\n<h4><strong><span style=\"color: #0000ff;\">1.<\/span> Sie k\u00f6nnen in Sekundenschnelle einen Markt f\u00fcr Ihren Campus erstellen. Sie k\u00f6nnen beispielsweise einen Wohnungsmarkt erstellen. Und Studenten k\u00f6nnen Alarme einrichten, sodass sie per E-Mail benachrichtigt werden, wenn in einer ausgew\u00e4hlten Entfernung von Ihrem Campus etwas auf dem Wohnungsmarkt angeboten wird.<\/strong><\/h4>\n<h4><strong><span style=\"color: #0000ff;\">2.<\/span> Sie k\u00f6nnen beispielsweise einen \u201eB\u00fcchermarkt\u201c f\u00fcr Ihren gesamten Campus und\/oder nach Themen erstellen, die einer bestimmten Schule\/Fakult\u00e4t entsprechen, z. B. Wirtschaft. Jede Unterabteilung Ihrer Studentenorganisation kann so M\u00e4rkte schaffen, die auf ihre Studenten zugeschnitten sind. <span style=\"color: #000000;\">Informationen zum Erstellen solcher Unterabteilungen finden Sie unten im Abschnitt \u201eSo erstellen Sie Unterabteilungsm\u00e4rkte aus Unterkategorien\u201c.<\/span><\/strong><\/h4>\n<h4><strong><span style=\"color: #0000ff;\">3.<\/span> Die gleichen B\u00fccher werden in der Regel Jahr f\u00fcr Jahr auf Ihrem \u00f6rtlichen Campus verwendet. Anstatt weggeworfen zu werden, k\u00f6nnen sie an neue Studierende weitergegeben werden.\u00a0<\/strong><\/h4>\n<h4><strong><span style=\"color: #0000ff;\">4.<\/span> Yourcampusad ist international \u2013 Austauschstudierende und ausl\u00e4ndische Studierende wissen sofort, wo sie zum Beispiel nach Wohnraum und anderen Dingen suchen m\u00fcssen, die sie brauchen.\u00a0<\/strong><\/h4>\n<h4><strong><span style=\"color: #0000ff;\">5.<\/span> Es erm\u00f6glicht der \u00f6rtlichen Gemeinde, Wohnungen an Studierende zu vermieten, wodurch das Angebot erh\u00f6ht und damit die Preise (Miete) gesenkt werden.\u00a0<\/strong><\/h4>\n<h4><strong><span style=\"color: #0000ff;\">6.<\/span> Beispielsweise ist es schwierig, M\u00f6bel \u00fcber gro\u00dfe Entfernungen zu transportieren, aber auf einem lokalen Markt (auf einem Campus) k\u00f6nnen K\u00e4ufer Verk\u00e4ufer finden.\u00a0<\/strong><\/h4>\n<h4><strong><span style=\"color: #0000ff;\">7.<\/span> Es ist frei.<\/strong><\/h4>\n<hr \/>\n<h4><span style=\"color: #0000ff;\"><em><strong>8. Eine erfolgreiche Umsetzung bedeutet, dass Sie den Studierenden etwas Gutes getan haben \u2013 tragen Sie es in Ihren Lebenslauf ein. Ein beeindruckender Lebenslauf besteht nicht aus der Ausbildung oder den Positionen, die Sie hatten, sondern aus den Dingen, die Sie getan oder erreicht haben.<\/strong><\/em><\/span><\/h4>\n\n\n<h1 class=\"wp-block-heading\"><em>Beispiel:<\/em><\/h1>\n\n\n<p><strong>Hier ist der lokale Markt f\u00fcr die Universit\u00e4t Uppsala, Schweden, mit allen Kategorien und einem Umkreis von 10 km \u2013 als Link, als anklickbarer Beispieltext und als anklickbares Beispielbild.&nbsp;<\/strong><\/p>\n\n\n<div class=\"wp-block-columns is-layout-flex wp-container-core-columns-is-layout-9d6595d7 wp-block-columns-is-layout-flex\">\n<div class=\"wp-block-column is-layout-flow wp-block-column-is-layout-flow\" style=\"flex-basis:33.33%\">\n<p style=\"text-align: right;\"><strong>Als Link:<\/strong>&nbsp;<\/p>\n<\/div>\n\n\n\n<div class=\"wp-block-column is-layout-flow wp-block-column-is-layout-flow\" style=\"flex-basis:66.66%\">\n<p style=\"text-align: left;\"><a href=\"https:\/\/yourcampusad.com\/de\/search-results\/?ad_title=&amp;cat_id=&amp;location=Uppsala universitet, Uppsala, Sweden&amp;rd=10\">https:\/\/yourcampusad.com\/search-results\/?ad_title=&amp;cat_id=&amp;location=Uppsala+universitet%2C+Uppsala%2C+Sweden&amp;rd=10<\/a><\/p>\n\n\n\n<p><\/p>\n<\/div>\n<\/div>\n\n\n\n<div class=\"wp-block-columns is-layout-flex wp-container-core-columns-is-layout-9d6595d7 wp-block-columns-is-layout-flex\">\n<div class=\"wp-block-column is-layout-flow wp-block-column-is-layout-flow\" style=\"flex-basis:33.33%\">\n<p style=\"text-align: right;\"><strong>Dieser Link kann mit anklickbarem Text verkn\u00fcpft werden:<\/strong><\/p>\n<\/div>\n\n\n\n<div class=\"wp-block-column is-layout-flow wp-block-column-is-layout-flow\" style=\"flex-basis:66.66%\">\n<p style=\"text-align: left;\"><a href=\"https:\/\/yourcampusad.com\/de\/search-results\/?ad_title=&amp;cat_id=&amp;location=Uppsala universitet, Uppsala, Sweden&amp;rd=10\"><strong>Unser lokaler Markt<\/strong><\/a><\/p>\n\n\n\n<p><\/p>\n<\/div>\n<\/div>\n\n\n\n<div class=\"wp-block-columns is-layout-flex wp-container-core-columns-is-layout-9d6595d7 wp-block-columns-is-layout-flex\">\n<div class=\"wp-block-column is-layout-flow wp-block-column-is-layout-flow\" style=\"flex-basis:33.33%\">\n<p style=\"text-align: right;\"><strong>Oder zu einem beliebigen Bild:<\/strong><\/p>\n<\/div>\n\n\n\n<div class=\"wp-block-column is-layout-flow wp-block-column-is-layout-flow\" style=\"flex-basis:66.66%\"><div class=\"wp-block-image\">\n<figure class=\"alignleft size-large is-resized\"><a href=\"https:\/\/yourcampusad.com\/de\/search-results\/?ad_title=&amp;cat_id=&amp;location=Uppsala universitet, Uppsala, Sweden&amp;rd=10\" target=\"_blank\" rel=\"noopener noreferrer\"><img loading=\"lazy\" decoding=\"async\" width=\"294\" height=\"174\" src=\"https:\/\/yourcampusad.com\/wp-content\/uploads\/2023\/05\/market-sample-logo.png\" alt=\"\" class=\"wp-image-8900\" style=\"width:221px;height:131px\"\/><\/a><\/figure>\n<\/div><\/div>\n<\/div>\n\n\n\n<h1 class=\"wp-block-heading\">&#8212; <strong>So schaffen Sie in 3 Schritten einen lokalen Markt f\u00fcr Ihren Campus:<\/strong><\/h1>\n\n\n<h4><strong><span style=\"color: #0000ff;\">Schritt 1.<\/span> Suchen Sie auf der Startseite yourcampusad.com in der Leiste \u201eStandort\u201c nach Ihrem Campus und w\u00e4hlen Sie in der Leiste \u201eKategorie ausw\u00e4hlen\u201c die gew\u00fcnschte Kategorie aus (oder lassen Sie das Feld leer, um alle Kategorien einzuschlie\u00dfen). Und klicken Sie auf \u201eSuchen\u201c. Bitte beachten Sie die roten Pfeile unten.<\/strong><\/h4>\n\n<div class=\"wp-block-image\">\n<figure class=\"aligncenter size-large is-resized\"><img loading=\"lazy\" decoding=\"async\" width=\"787\" height=\"778\" src=\"https:\/\/yourcampusad.com\/wp-content\/uploads\/2023\/05\/search2.png\" alt=\"\" class=\"wp-image-8919\" style=\"width:397px;height:392px\" srcset=\"https:\/\/yourcampusad.com\/wp-content\/uploads\/2023\/05\/search2.png 787w, https:\/\/yourcampusad.com\/wp-content\/uploads\/2023\/05\/search2-300x297.png 300w, https:\/\/yourcampusad.com\/wp-content\/uploads\/2023\/05\/search2-768x759.png 768w, https:\/\/yourcampusad.com\/wp-content\/uploads\/2023\/05\/search2-80x80.png 80w, https:\/\/yourcampusad.com\/wp-content\/uploads\/2023\/05\/search2-50x50.png 50w, https:\/\/yourcampusad.com\/wp-content\/uploads\/2023\/05\/search2-600x593.png 600w, https:\/\/yourcampusad.com\/wp-content\/uploads\/2023\/05\/search2-100x100.png 100w\" sizes=\"auto, (max-width: 787px) 100vw, 787px\" \/><\/figure>\n<\/div>\n\n<h4><strong><span style=\"color: #0000ff;\">Schritt 2.<\/span> Auf der Ergebnisseite. Kopieren Sie den vollst\u00e4ndigen Link in das Browserfenster. Bitte beachten Sie die roten Pfeile unten.<\/strong><\/h4>\n\n<div class=\"wp-block-image\">\n<figure class=\"aligncenter size-large\"><img loading=\"lazy\" decoding=\"async\" width=\"1024\" height=\"186\" src=\"https:\/\/yourcampusad.com\/wp-content\/uploads\/2023\/04\/Screenshot_2-1024x186.png\" alt=\"\" class=\"wp-image-8651\" srcset=\"https:\/\/yourcampusad.com\/wp-content\/uploads\/2023\/04\/Screenshot_2-1024x186.png 1024w, https:\/\/yourcampusad.com\/wp-content\/uploads\/2023\/04\/Screenshot_2-300x55.png 300w, https:\/\/yourcampusad.com\/wp-content\/uploads\/2023\/04\/Screenshot_2-768x140.png 768w, https:\/\/yourcampusad.com\/wp-content\/uploads\/2023\/04\/Screenshot_2-1536x280.png 1536w, https:\/\/yourcampusad.com\/wp-content\/uploads\/2023\/04\/Screenshot_2-600x109.png 600w, https:\/\/yourcampusad.com\/wp-content\/uploads\/2023\/04\/Screenshot_2.png 1730w\" sizes=\"auto, (max-width: 1024px) 100vw, 1024px\" \/><\/figure>\n<\/div>\n\n<h4><strong><span style=\"color: #0000ff;\">Schritt 3.<\/span> Jetzt k\u00f6nnen Sie diesen Link auf der Webseite Ihrer Studentenorganisation verwenden.<\/strong><\/h4>\n<h4><strong><span style=\"color: #000000;\"><span style=\"color: #0000ff;\">&#8212;<\/span> Jeder mit Administratorzugriff auf Ihre Webseite kann den Link problemlos auf Ihrer(n) Webseite(n) einf\u00fcgen und ihn mit Schaltfl\u00e4chen oder Symbolen verbinden.<\/span><\/strong><\/h4>\n<h4><span style=\"color: #000000;\"><strong><span style=\"color: #0000ff;\">&#8212;<\/span> Senden Sie den Link per E-Mail an Studenten und jedes Jahr an neue Studenten, um einen lebendigen Markt aufzubauen.\u00a0<\/strong><\/span><\/h4>\n<h4><span style=\"color: #000000;\"><strong><span style=\"color: #0000ff;\">&#8212;<\/span> Wiederholen Sie Schritt 1\u20133 nach Bedarf mit anderen (Markt-)Kategorien.\u00a0<\/strong><\/span><\/h4>\n\n\n<hr class=\"wp-block-separator has-css-opacity is-style-wide\"\/>\n\n\n\n<h1 class=\"wp-block-heading\">&#8212; <strong>Erfolgreiche oder typische Implementierung<\/strong>.<\/h1>\n\n\n<h4><strong>Um einen lebendigen Markt zu schaffen, muss seine Existenz kommuniziert werden.\u00a0<\/strong><\/h4>\n<h4><span style=\"color: #0000ff;\"><strong>1. Bestimmen Sie jemanden, der f\u00fcr die Umsetzung verantwortlich ist.<\/strong><\/span><\/h4>\n<h4><span style=\"color: #0000ff;\"><strong>2. Eine Hauptstudentenorganisation sollte erw\u00e4gen, Folgendes aufzulisten oder den Studenten zur Verf\u00fcgung zu stellen:\u00a0<\/strong><\/span><\/h4>\n<h4><strong><span style=\"color: #000000;\">&#8212;<\/span> <span style=\"color: #0000ff;\">ein Gesamtmarkt<\/span> (d. h. im obigen Prozess wird keine Kategorie ausgew\u00e4hlt, um alle Kategorien einzuschlie\u00dfen). Wenn Sch\u00fcler den Link besuchen, k\u00f6nnen sie andere spezifische Kategorien ausw\u00e4hlen und die Suche wiederholen.<br \/><\/strong><br \/><strong><span style=\"color: #000000;\">&#8212;<\/span> <span style=\"color: #0000ff;\">und ein Wohnungsmarkt<\/span> (d. h. die Kategorie Wohnen wird im obigen Prozess ausgew\u00e4hlt). Wohnraum ist von entscheidender Bedeutung und alle Studierenden suchen ab und zu eine Unterkunft.<\/strong><\/h4>\n<h4><span style=\"color: #0000ff;\"><strong>3. Jede Unterabteilung Ihrer Studentenorganisation sollte die Auflistung\/Bereitstellung von Studenten in Betracht ziehen:<\/strong><\/span><\/h4>\n<h4><strong>\u2013 ein Gesamtmarkt<br \/><\/strong><br \/><strong>\u2013 und ein Wohnungsmarkt<\/strong><\/h4>\n<h4><strong><span style=\"color: #0000ff;\"><span style=\"color: #000000;\">&#8212;<\/span> und ein unterteilungsspezifischer Markt. <\/span>Zum Beispiel Wirtschafts- und Wirtschaftsb\u00fccher f\u00fcr die Business Students Association \u2013 eine Unterkategorie der Kategorie \u201eB\u00fccher\u201c. <span style=\"color: #0000ff;\">Unten erfahren Sie, wie Sie es erstellen.<\/span><\/strong><\/h4>\n<h4><strong><span style=\"color: #0000ff;\">4. Suchen Sie Unterst\u00fctzung und Zusammenarbeit mit Ihrer Institution oder Universit\u00e4t. <\/span><\/strong><span style=\"color: #0000ff;\"><strong>\u00a0<\/strong><\/span><\/h4>\n\n\n<hr class=\"wp-block-separator has-css-opacity is-style-wide\"\/>\n\n\n\n<h1 class=\"wp-block-heading\"><strong>So erstellen Sie Unterteilungsm\u00e4rkte aus Unterkategorien.<\/strong><\/h1>\n\n\n<h4><span style=\"color: #000000;\"><strong>So erstellen Sie unterteilungsspezifische M\u00e4rkte: Beginnen Sie mit Schritt 3 in der obigen Anleitung zum Erstellen eines lokalen Marktes f\u00fcr Ihren Campus. Auf der Ergebnisseite k\u00f6nnen Sie Kategorien ausw\u00e4hlen. Bitte beachten Sie die roten Pfeile unten.<\/strong><\/span><\/h4>\n\n<div class=\"wp-block-image\">\n<figure class=\"aligncenter size-large is-resized\"><img loading=\"lazy\" decoding=\"async\" width=\"1024\" height=\"277\" src=\"https:\/\/yourcampusad.com\/wp-content\/uploads\/2023\/04\/Screenshot_3-1024x277.png\" alt=\"\" class=\"wp-image-8676\" style=\"width:532px;height:143px\" srcset=\"https:\/\/yourcampusad.com\/wp-content\/uploads\/2023\/04\/Screenshot_3-1024x277.png 1024w, https:\/\/yourcampusad.com\/wp-content\/uploads\/2023\/04\/Screenshot_3-300x81.png 300w, https:\/\/yourcampusad.com\/wp-content\/uploads\/2023\/04\/Screenshot_3-768x208.png 768w, https:\/\/yourcampusad.com\/wp-content\/uploads\/2023\/04\/Screenshot_3-1536x415.png 1536w, https:\/\/yourcampusad.com\/wp-content\/uploads\/2023\/04\/Screenshot_3-2048x554.png 2048w, https:\/\/yourcampusad.com\/wp-content\/uploads\/2023\/04\/Screenshot_3-600x162.png 600w\" sizes=\"auto, (max-width: 1024px) 100vw, 1024px\" \/><\/figure>\n<\/div>\n\n\n<h4 class=\"wp-block-heading\"><span style=\"color: #ff0000;\"><strong><br><span style=\"color: #000000;\">W\u00e4hlen Sie hier eine Kategorie aus und (falls zutreffend) wird ein Fenster ge\u00f6ffnet, in dem Sie aus Unterkategorien innerhalb dieser Kategorie ausw\u00e4hlen k\u00f6nnen. W\u00e4hle eine Unterkategorie. Klicken Sie anschlie\u00dfend auf \u201eSuchen\u201c und kopieren Sie dann den vollst\u00e4ndigen Link, der im Browserfenster angezeigt wird.<\/span><\/strong><\/span><\/h4>\n\n\n\n<p class=\"has-medium-font-size\"><strong><span style=\"color: #0000ff;\">Um eine Kategorie oder Unterkategorie vorzuschlagen, die Ihrer Meinung nach fehlt, kontaktieren Sie uns bitte (contact@yourcampusad.com). Vielen Dank, dass Sie sich die Zeit genommen haben, dies zu lesen. Machen wir es m\u00f6glich!<\/span><\/strong><\/p>","protected":false},"excerpt":{"rendered":"<p>&#8212; Why use Yourcampusad ? 1. You can create a market for your campus in seconds. You can, for example, create a Housing market. And students can set up alarms so that they are notified by email when something is listed on the Housing market within a selected distance from your campus. 2. You can, [&hellip;]<\/p>","protected":false},"author":1,"featured_media":0,"parent":0,"menu_order":0,"comment_status":"closed","ping_status":"closed","template":"","meta":{"footnotes":""},"class_list":["post-8641","page","type-page","status-publish","hentry"],"_links":{"self":[{"href":"https:\/\/yourcampusad.com\/de\/wp-json\/wp\/v2\/pages\/8641","targetHints":{"allow":["GET"]}}],"collection":[{"href":"https:\/\/yourcampusad.com\/de\/wp-json\/wp\/v2\/pages"}],"about":[{"href":"https:\/\/yourcampusad.com\/de\/wp-json\/wp\/v2\/types\/page"}],"author":[{"embeddable":true,"href":"https:\/\/yourcampusad.com\/de\/wp-json\/wp\/v2\/users\/1"}],"replies":[{"embeddable":true,"href":"https:\/\/yourcampusad.com\/de\/wp-json\/wp\/v2\/comments?post=8641"}],"version-history":[{"count":51,"href":"https:\/\/yourcampusad.com\/de\/wp-json\/wp\/v2\/pages\/8641\/revisions"}],"predecessor-version":[{"id":9474,"href":"https:\/\/yourcampusad.com\/de\/wp-json\/wp\/v2\/pages\/8641\/revisions\/9474"}],"wp:attachment":[{"href":"https:\/\/yourcampusad.com\/de\/wp-json\/wp\/v2\/media?parent=8641"}],"curies":[{"name":"wp","href":"https:\/\/api.w.org\/{rel}","templated":true}]}}