{"id":8639,"date":"2023-04-28T18:18:49","date_gmt":"2023-04-28T18:18:49","guid":{"rendered":"https:\/\/yourcampusad.com\/?page_id=8639"},"modified":"2024-02-25T11:10:57","modified_gmt":"2024-02-25T11:10:57","slug":"information-for-universities-and-institutions","status":"publish","type":"page","link":"https:\/\/yourcampusad.com\/de\/information-for-universities-and-institutions\/","title":{"rendered":"Informationen f\u00fcr Universit\u00e4ten und Institutionen"},"content":{"rendered":"<h1 class=\"wp-block-heading\">\u2014 Warum Yourcampusad?<\/h1>\n\n\n<h4><strong><span style=\"color: #0000ff;\">1.<\/span> Umwelt \u2013 Verf\u00fcgt Ihre Universit\u00e4t \u00fcber eine Umweltpolitik? Viele gebrauchte B\u00fccher, M\u00f6bel etc. werden weggeworfen (oft werden B\u00fccher nach Semesterende nie wieder verwendet) \u2013 die Weitergabe an andere ist eine gute Sache.<\/strong><\/h4>\n<h4><strong><span style=\"color: #0000ff;\">2.<\/span> International \u2013 Yourcampusad ist international. Es werden viele Ressourcen eingesetzt, um es zu f\u00f6rdern. Internationale Studierende und Austauschstudierende wissen, wo sie nach Wohnraum und anderen Dingen suchen k\u00f6nnen, die sie ben\u00f6tigen.<\/strong><\/h4>\n<h4><strong><span style=\"color: #0000ff;\">3. <\/span><\/strong><strong>Mehr Studenten \u2013 ein lokaler Markt hilft Studenten, z.B. Wohnraum, der oft entscheidend f\u00fcr die Wahl der Universit\u00e4t ist. Durch die M\u00f6glichkeit f\u00fcr die \u00f6rtliche Gemeinschaft, Zimmer und Wohnungen zu vermieten, wird das Angebot erh\u00f6ht und somit die Preise (Mieten) gesenkt.\u00a0<\/strong><\/h4>\n<h4><strong><span style=\"color: #0000ff;\">4.<\/span> Soziale Aspekte \u2013 lokale Yourcampus-M\u00e4rkte f\u00f6rdern eine lebendige Campuskultur, die Studierenden bei der Hochschulwahl sehr wichtig ist.\u00a0<\/strong><\/h4>\n<h4><strong><span style=\"color: #0000ff;\">5.\u00a0<\/span><\/strong><strong>Mitarbeiter \u2013 Mitarbeiter k\u00f6nnen ihre eigenen B\u00fccher oder Kursb\u00fccher problemlos zum Verkauf anbieten oder auf lokalen M\u00e4rkten verschenken.<br \/><\/strong><strong><br \/><\/strong><strong><span style=\"color: #0000ff;\">6. <\/span><\/strong><strong>Sichtbarkeit \u2013 durch die Pr\u00e4senz auf Yourcampusad erh\u00f6ht sich die Sichtbarkeit Ihrer Institution.\u00a0<\/strong><\/h4>\n<h4><strong><span style=\"color: #0000ff;\">7.<\/span> Es ist frei.<\/strong><\/h4>\n<h4><strong><em><span style=\"color: #0000ff;\">8. Als Vertreter der Institution \u2013 Die Implementierung eines lokalen yourcampusad-Marktes bedeutet, dass Sie etwas Gutes f\u00fcr Studierende und Ihre Institution getan haben.<\/span><\/em><\/strong><\/h4>\n<h4><strong><em><span style=\"color: #0000ff;\">(\u2026Tragen Sie es in Ihren Lebenslauf ein. Ein beeindruckender Lebenslauf besteht nicht aus Positionen, die Sie bekleidet haben \u2013 sondern aus Dingen, die Sie getan oder erreicht haben.)<\/span><\/em><\/strong><\/h4>\n\n\n<h1 class=\"wp-block-heading\">\u2014 Was kann getan werden: <\/h1>\n\n\n<h4><strong>1. <span style=\"color: #0000ff;\"><span style=\"color: #000000;\">Sie k\u00f6nnen einen Markt f\u00fcr Ihren Campus oder Ihre Institution schaffen<\/span> in Sekunden.<\/span> Sie k\u00f6nnen beispielsweise einen Wohnungsmarkt erstellen. Und Studenten k\u00f6nnen Alarme einrichten, sodass sie per E-Mail benachrichtigt werden, wenn in einer ausgew\u00e4hlten Entfernung von Ihrem Campus etwas auf dem Wohnungsmarkt angeboten wird.<\/strong><\/h4>\n<h4><strong>2. Sie k\u00f6nnen beispielsweise einen \u201eB\u00fcchermarkt\u201c f\u00fcr Ihren gesamten Campus und\/oder nach Themen erstellen, die einer bestimmten Schule\/Fakult\u00e4t entsprechen, z. B. Wirtschaft. Jede Unterabteilung kann so M\u00e4rkte schaffen, die auf ihre Studierenden zugeschnitten sind. <span style=\"color: #000000;\">Informationen zum Erstellen von Unterabteilungen finden Sie unten im Abschnitt \u201eErfolgreiche oder typische Implementierung\u201c.<\/span><\/strong><\/h4>\n\n\n<h1 class=\"wp-block-heading\"><em>Beispiel:<\/em><\/h1>\n\n\n<p><strong>Hier ist der lokale Yourcampusad-Markt f\u00fcr die Universit\u00e4t Uppsala, Schweden, mit allen Kategorien und im Umkreis von 10 km \u2013 als Link, als anklickbarer Beispieltext und als anklickbares Beispielbild.\u00a0<\/strong><\/p>\n\n\n<div class=\"wp-block-columns is-layout-flex wp-container-core-columns-is-layout-9d6595d7 wp-block-columns-is-layout-flex\">\n<div class=\"wp-block-column is-layout-flow wp-block-column-is-layout-flow\" style=\"flex-basis:33.33%\">\n<p style=\"text-align: right;\"><strong>Als Link:<\/strong>&nbsp;<\/p>\n<\/div>\n\n\n\n<div class=\"wp-block-column is-layout-flow wp-block-column-is-layout-flow\" style=\"flex-basis:66.66%\">\n<p style=\"text-align: center;\"><a href=\"https:\/\/yourcampusad.com\/de\/search-results\/?ad_title=&amp;cat_id=&amp;location=Uppsala universitet, Uppsala, Sweden&amp;rd=10\">https:\/\/yourcampusad.com\/search-results\/?ad_title=&amp;cat_id=&amp;location=Uppsala+universitet%2C+Uppsala%2C+Sweden&amp;rd=10<\/a><\/p>\n<\/div>\n<\/div>\n\n\n\n<div class=\"wp-block-columns is-layout-flex wp-container-core-columns-is-layout-9d6595d7 wp-block-columns-is-layout-flex\">\n<div class=\"wp-block-column is-layout-flow wp-block-column-is-layout-flow\" style=\"flex-basis:33.33%\">\n<p style=\"text-align: right;\"><strong>Dieser Link kann mit anklickbarem Text verkn\u00fcpft werden:<\/strong><\/p>\n<\/div>\n\n\n\n<div class=\"wp-block-column is-layout-flow wp-block-column-is-layout-flow\" style=\"flex-basis:66.66%\">\n<p style=\"text-align: center;\"><a href=\"https:\/\/yourcampusad.com\/de\/search-results\/?ad_title=&amp;cat_id=&amp;location=Uppsala universitet, Uppsala, Sweden&amp;rd=10\"><strong>Unser lokaler Markt<\/strong><\/a><\/p>\n<\/div>\n<\/div>\n\n\n\n<div class=\"wp-block-columns is-layout-flex wp-container-core-columns-is-layout-9d6595d7 wp-block-columns-is-layout-flex\">\n<div class=\"wp-block-column is-layout-flow wp-block-column-is-layout-flow\" style=\"flex-basis:33.33%\">\n<p style=\"text-align: right;\"><strong>Oder zu einem beliebigen Bild:<\/strong><\/p>\n<\/div>\n\n\n\n<div class=\"wp-block-column is-layout-flow wp-block-column-is-layout-flow\" style=\"flex-basis:66.66%\"><div class=\"wp-block-image\">\n<figure class=\"aligncenter size-large is-resized\"><a href=\"https:\/\/yourcampusad.com\/de\/search-results\/?ad_title=&amp;cat_id=&amp;location=Uppsala universitet, Uppsala, Sweden&amp;rd=10\" target=\"_blank\" rel=\"noopener noreferrer\"><img loading=\"lazy\" decoding=\"async\" width=\"294\" height=\"174\" src=\"https:\/\/yourcampusad.com\/wp-content\/uploads\/2023\/05\/market-sample-logo.png\" alt=\"\" class=\"wp-image-8900\" style=\"width:221px;height:131px\"\/><\/a><\/figure>\n<\/div><\/div>\n<\/div>\n\n\n\n<h1 class=\"wp-block-heading\" id=\"block-a8c987fa-3d30-48fa-8234-d14a0c431ab8\">\u2014 Erstellen Sie in 3 Schritten einen lokalen Markt f\u00fcr Ihren Campus:<\/h1>\n\n\n\n<hr class=\"wp-block-separator has-css-opacity is-style-wide\"\/>\n\n\n<h4><strong><span style=\"color: #0000ff;\">Schritt 1.<\/span> Suchen Sie auf der Startseite yourcampusad.com in der Standortleiste nach Ihrem Campus, w\u00e4hlen Sie die gew\u00fcnschte Kategorie aus (oder lassen Sie das Feld leer, um alle Kategorien einzuschlie\u00dfen). Und klicken Sie auf \u201eSuchen\u201c.<\/strong><\/h4>\n\n<div class=\"wp-block-image\">\n<figure class=\"aligncenter size-large is-resized\"><img loading=\"lazy\" decoding=\"async\" width=\"787\" height=\"778\" src=\"https:\/\/yourcampusad.com\/wp-content\/uploads\/2023\/05\/search2.png\" alt=\"\" class=\"wp-image-8919\" style=\"width:368px;height:363px\" srcset=\"https:\/\/yourcampusad.com\/wp-content\/uploads\/2023\/05\/search2.png 787w, https:\/\/yourcampusad.com\/wp-content\/uploads\/2023\/05\/search2-300x297.png 300w, https:\/\/yourcampusad.com\/wp-content\/uploads\/2023\/05\/search2-768x759.png 768w, https:\/\/yourcampusad.com\/wp-content\/uploads\/2023\/05\/search2-80x80.png 80w, https:\/\/yourcampusad.com\/wp-content\/uploads\/2023\/05\/search2-50x50.png 50w, https:\/\/yourcampusad.com\/wp-content\/uploads\/2023\/05\/search2-600x593.png 600w, https:\/\/yourcampusad.com\/wp-content\/uploads\/2023\/05\/search2-100x100.png 100w\" sizes=\"auto, (max-width: 787px) 100vw, 787px\" \/><\/figure>\n<\/div>\n\n<h4><strong><span style=\"color: #0000ff;\">Schritt 2.<\/span> Auf der Ergebnisseite. Kopieren Sie den vollst\u00e4ndigen Link oben im Browserfenster.\u00a0<\/strong><\/h4>\n\n<div class=\"wp-block-image\">\n<figure class=\"aligncenter size-large is-resized\"><img loading=\"lazy\" decoding=\"async\" width=\"1024\" height=\"186\" src=\"https:\/\/yourcampusad.com\/wp-content\/uploads\/2023\/04\/Screenshot_2-1024x186.png\" alt=\"\" class=\"wp-image-8651\" style=\"width:569px;height:103px\" srcset=\"https:\/\/yourcampusad.com\/wp-content\/uploads\/2023\/04\/Screenshot_2-1024x186.png 1024w, https:\/\/yourcampusad.com\/wp-content\/uploads\/2023\/04\/Screenshot_2-300x55.png 300w, https:\/\/yourcampusad.com\/wp-content\/uploads\/2023\/04\/Screenshot_2-768x140.png 768w, https:\/\/yourcampusad.com\/wp-content\/uploads\/2023\/04\/Screenshot_2-1536x280.png 1536w, https:\/\/yourcampusad.com\/wp-content\/uploads\/2023\/04\/Screenshot_2-600x109.png 600w, https:\/\/yourcampusad.com\/wp-content\/uploads\/2023\/04\/Screenshot_2.png 1730w\" sizes=\"auto, (max-width: 1024px) 100vw, 1024px\" \/><\/figure>\n<\/div>\n\n<h4><strong><span style=\"color: #0000ff;\">Schritt 3.<\/span> Nutzen Sie nun diesen Link auf der Webseite Ihrer Institution.<\/strong><\/h4>\n<h4><strong><span style=\"color: #0000ff;\">\u2014\u00a0<\/span>Jeder mit Administratorzugriff auf die Webseite kann den Link problemlos auf der Website Ihrer Institution ver\u00f6ffentlichen <\/strong><strong>Webseite aufrufen und mit Schaltfl\u00e4chen oder Symbolen verkn\u00fcpfen.<\/strong><\/h4>\n<h4><strong><span style=\"color: #0000ff;\">\u2014<\/span> Senden Sie den Link jedes Jahr per E-Mail an Ihre Kollegen, Studenten und neue Studenten, um einen lebendigen Markt aufzubauen.\u00a0<\/strong><\/h4>\n<h4><strong><span style=\"color: #0000ff;\">\u2014<\/span> Wiederholen Sie Schritt 1-3 nach Bedarf mit anderen (Markt-)Kategorien (z. B. \u201eWohnen\u201c, \u201eB\u00fccher \u2013 Physik\u201c).\u00a0<\/strong><\/h4>\n\n\n<h1 class=\"wp-block-heading\">F\u00fcr den Erfolg:<\/h1>\n\n\n\n<h4 class=\"wp-block-heading\"><strong>Um einen lebendigen Markt zu schaffen, muss seine Existenz kommuniziert werden. <\/strong><strong><span style=\"color: #0000ff;\">Wir empfehlen jeder Universit\u00e4t dringend, auf ihren Websites auf ihren Yourcampusad-Marktplatz zu verlinken \u2013 und die Studierendenorganisationen bei der Umsetzung zu unterst\u00fctzen.<\/span><\/strong><\/h4>\n\n\n\n<h4 class=\"wp-block-heading\"><strong><span style=\"color: #0000ff;\">Als Leitfaden empfehlen wir Studentenorganisationen Folgendes:&nbsp;<\/span><\/strong><\/h4>\n\n\n\n<h4 class=\"wp-block-heading\"><strong>1. Bestimmen Sie jemanden, der f\u00fcr die Umsetzung verantwortlich ist.<\/strong><\/h4>\n\n\n\n<h4 class=\"wp-block-heading\"><strong>2. Eine gro\u00dfe Studentenorganisation sollte die Ver\u00f6ffentlichung von Folgendem in Betracht ziehen:&nbsp;<\/strong><\/h4>\n\n\n\n<h4 class=\"wp-block-heading\"><strong>\u2013 ein allgemeiner Link zum Yourcampusad-Markt (im obigen Prozess wird keine Kategorie ausgew\u00e4hlt). Wenn Studierende den Link besuchen, k\u00f6nnen sie sehen, was in allen Kategorien auf ihrem Campus verf\u00fcgbar ist.<br><\/strong><br><strong>\u2013 und einen Yourcampusad-Link zum Wohnungsmarkt (die Kategorie \u201eWohnen\u201c wird im obigen Prozess ausgew\u00e4hlt). Wohnraum ist von entscheidender Bedeutung und alle Studierenden suchen ab und zu eine Unterkunft.<\/strong><\/h4>\n\n\n\n<h4 class=\"wp-block-heading\"><span style=\"color: #000000;\"><strong>3. Jede Unterabteilung Ihrer Studentenorganisation sollte erw\u00e4gen, Links zu Ihrem Campus bereitzustellen:<\/strong><\/span><\/h4>\n\n\n\n<h4 class=\"wp-block-heading\"><strong>\u2014 Gesamtmarkt<br><br><\/strong><strong>\u2014&nbsp;<\/strong><strong> Immobilienmarkt<\/strong><\/h4>\n\n\n\n<h4 class=\"wp-block-heading\"><strong>\u2013 und ein unterteilungsspezifischer Markt. Zum Beispiel Wirtschaftsb\u00fccher f\u00fcr die Business Students Association (eine Unterkategorie der Kategorie \u201eB\u00fccher\u201c). Siehe unten.<\/strong><\/h4>\n\n\n\n<h4 class=\"wp-block-heading\"><span style=\"color: #0000ff;\"><strong>4. Suchen Sie Unterst\u00fctzung und Zusammenarbeit mit Ihrer Institution oder Universit\u00e4t.<\/strong><\/span><\/h4>\n\n\n\n<h3 class=\"wp-block-heading\" id=\"block-9511455e-bec0-4095-8b91-81ab4a019d36\"><strong>So erstellen Sie Unterteilungsm\u00e4rkte aus Unterkategorien<\/strong>:<\/h3>\n\n\n<h4><strong>So erstellen Sie unterteilungsspezifische M\u00e4rkte: Beginnen Sie mit Schritt 3 im Leitfaden zum Erstellen eines lokalen Marktes f\u00fcr Ihren Campus \u2013 d. h. auf der Ergebnisseite k\u00f6nnen Sie Kategorien ausw\u00e4hlen. Bitte beachten Sie die roten Pfeile unten.<\/strong><\/h4>\n\n<div class=\"wp-block-image\">\n<figure class=\"aligncenter size-large\"><img loading=\"lazy\" decoding=\"async\" width=\"1024\" height=\"277\" src=\"https:\/\/yourcampusad.com\/wp-content\/uploads\/2023\/04\/Screenshot_3-1024x277.png\" alt=\"\" class=\"wp-image-8676\" srcset=\"https:\/\/yourcampusad.com\/wp-content\/uploads\/2023\/04\/Screenshot_3-1024x277.png 1024w, https:\/\/yourcampusad.com\/wp-content\/uploads\/2023\/04\/Screenshot_3-300x81.png 300w, https:\/\/yourcampusad.com\/wp-content\/uploads\/2023\/04\/Screenshot_3-768x208.png 768w, https:\/\/yourcampusad.com\/wp-content\/uploads\/2023\/04\/Screenshot_3-1536x415.png 1536w, https:\/\/yourcampusad.com\/wp-content\/uploads\/2023\/04\/Screenshot_3-2048x554.png 2048w, https:\/\/yourcampusad.com\/wp-content\/uploads\/2023\/04\/Screenshot_3-600x162.png 600w\" sizes=\"auto, (max-width: 1024px) 100vw, 1024px\" \/><\/figure>\n<\/div>\n\n<h4><strong>W\u00e4hlen Sie hier eine Kategorie aus und (sofern zutreffend) wird ein Fenster ge\u00f6ffnet, in dem Sie aus Unterkategorien in dieser Kategorie ausw\u00e4hlen k\u00f6nnen. W\u00e4hle eine Unterkategorie. Klicken Sie anschlie\u00dfend auf \u201eSuchen\u201c und kopieren Sie dann den vollst\u00e4ndigen Link, der im Browserfenster angezeigt wird.<\/strong><\/h4>\n<h4><span style=\"color: #0000ff;\"><strong>Um eine Kategorie oder Unterkategorie vorzuschlagen, die Ihrer Meinung nach fehlt, kontaktieren Sie uns bitte (contact@yourcampusad.com). Vielen Dank, dass Sie sich die Zeit genommen haben, dies zu lesen. Mach es m\u00f6glich!<\/strong><\/span><\/h4>\n\n\n<p><\/p>","protected":false},"excerpt":{"rendered":"<p>&#8212; Why Yourcampusad ? 1. Environmental &#8211; does your university have an environmental policy? A lot of used books, furniture etc. is thrown away (often books are never used again after the semester has ended) &#8211; passing things on to others is a good thing. 2. International &#8211; Yourcampusad is international. A lot of resources [&hellip;]<\/p>","protected":false},"author":1,"featured_media":0,"parent":0,"menu_order":0,"comment_status":"closed","ping_status":"closed","template":"","meta":{"footnotes":""},"class_list":["post-8639","page","type-page","status-publish","hentry"],"_links":{"self":[{"href":"https:\/\/yourcampusad.com\/de\/wp-json\/wp\/v2\/pages\/8639","targetHints":{"allow":["GET"]}}],"collection":[{"href":"https:\/\/yourcampusad.com\/de\/wp-json\/wp\/v2\/pages"}],"about":[{"href":"https:\/\/yourcampusad.com\/de\/wp-json\/wp\/v2\/types\/page"}],"author":[{"embeddable":true,"href":"https:\/\/yourcampusad.com\/de\/wp-json\/wp\/v2\/users\/1"}],"replies":[{"embeddable":true,"href":"https:\/\/yourcampusad.com\/de\/wp-json\/wp\/v2\/comments?post=8639"}],"version-history":[{"count":49,"href":"https:\/\/yourcampusad.com\/de\/wp-json\/wp\/v2\/pages\/8639\/revisions"}],"predecessor-version":[{"id":9465,"href":"https:\/\/yourcampusad.com\/de\/wp-json\/wp\/v2\/pages\/8639\/revisions\/9465"}],"wp:attachment":[{"href":"https:\/\/yourcampusad.com\/de\/wp-json\/wp\/v2\/media?parent=8639"}],"curies":[{"name":"wp","href":"https:\/\/api.w.org\/{rel}","templated":true}]}}