{"id":1146,"date":"2017-03-06T05:49:30","date_gmt":"2017-03-06T05:49:30","guid":{"rendered":"http:\/\/adforest.scriptsbundle.com\/adforet-demo-data\/?page_id=1146"},"modified":"2024-02-24T23:25:20","modified_gmt":"2024-02-24T23:25:20","slug":"faqs","status":"publish","type":"page","link":"https:\/\/yourcampusad.com\/de\/faqs\/","title":{"rendered":"FAQ&#8217;s"},"content":{"rendered":"<div class=\"wpb-content-wrapper\"><div class=\"vc_row wpb_row vc_row-fluid\"><div class=\"wpb_column vc_column_container vc_col-sm-12\"><div class=\"vc_column-inner\"><div class=\"wpb_wrapper\"><section class=\"section-padding error-page\" >\r\n            <div class=\"container\">\r\n               <div class=\"row\">\r\n\t\t\t\t   \r\n                  <div class=\"col-md-12 col-xs-12 col-sm-12\">\r\n\t\t\t\t  \t<ul class=\"accordion\"><li>\r\n                           <h3 class=\"accordion-title\"><a href=\"#\">Welche Sprache sollte ich verwenden, wenn ich Anzeigen auf Yourcampusad schalte?<\/a><\/h3>\r\n                           <div class=\"accordion-content\">\r\n                              <p>Verwenden Sie Englisch oder Ihre Muttersprache oder beides, abh\u00e4ngig vom Zielmarkt und Ihren Sprachkenntnissen. Wir arbeiten an einer \u00dcbersetzungsfunktion.<\/p>\r\n                           <\/div>\r\n                        <\/li><li>\r\n                           <h3 class=\"accordion-title\"><a href=\"#\">Wie stelle ich eine Anzeige auf?<\/a><\/h3>\r\n                           <div class=\"accordion-content\">\r\n                              <p>Einen Account registrieren. Best\u00e4tigen Sie das Konto (Kopieren Sie den an Ihre E-Mail gesendeten Registrierungslink und f\u00fcgen Sie ihn in ein Browser-Adressfenster ein). Melden Sie sich bei Ihrem Konto an. Klicken Sie auf \u201e+Posten\u201c und folgen Sie den Anweisungen. Verwenden Sie die RELEVANTEN Eingabeleisten (z. B. Link zu YouTube gilt nur, wenn Sie einen solchen Link zum Teilen haben). Sie M\u00dcSSEN \u201eLand\u201c und dann \u201eALLE REGIONEN\u201c und \u201eALLE ST\u00c4DTE\u201c im Dropdown-Men\u00fc ausw\u00e4hlen (in Schritt 3 beim Ver\u00f6ffentlichen einer Anzeige), wenn Ihr Beitrag in den Abonnementalarmen und Suchvorg\u00e4ngen nach Kategorie und Land erscheinen soll.<\/p>\r\n                           <\/div>\r\n                        <\/li><li>\r\n                           <h3 class=\"accordion-title\"><a href=\"#\">Muss ich Bilder mit meinen Anzeigen auf Yourcampusad hochladen?<\/a><\/h3>\r\n                           <div class=\"accordion-content\">\r\n                              <p>Nein, aber ein Bild sagt mehr als 1000 Worte. Ein Bild ist informativ und angenehm. Wenn Sie kein Bild hochladen, wird mit Ihrem Beitrag ein Yourcampusad-Archivbild angezeigt. Sie k\u00f6nnen Bilder sp\u00e4ter \u00e4ndern, indem Sie Ihren Beitrag bearbeiten.<\/p>\r\n                           <\/div>\r\n                        <\/li><li>\r\n                           <h3 class=\"accordion-title\"><a href=\"#\">Gibt es ein Problem beim Hochladen Ihrer Bilder?<\/a><\/h3>\r\n                           <div class=\"accordion-content\">\r\n                              <p>Es gibt eine Gr\u00f6\u00dfenbeschr\u00e4nkung von 7 Megabyte pro Bild. Allerdings handelt es sich hierbei um ein sehr gro\u00dfes Bild, das je nach Verbindungsgeschwindigkeit zu Problemen f\u00fchren kann. Bilder sollten nicht mehr als 500 Kilobyte gro\u00df sein. (Sie k\u00f6nnen die Gr\u00f6\u00dfe Ihrer Bilder ganz einfach und kostenlos \u00fcber verschiedene Online-Dienste reduzieren.)<\/p>\r\n                           <\/div>\r\n                        <\/li><\/ul>\r\n\t\t\t\t  <\/div>\r\n\t\t\t  <\/div>\r\n\t\t  <\/div>\r\n\t   <\/section>\r\n<\/div><\/div><\/div><\/div><div class=\"vc_row wpb_row vc_row-fluid\"><div class=\"wpb_column vc_column_container vc_col-sm-12\"><div class=\"vc_column-inner\"><div class=\"wpb_wrapper\">\n\t<div class=\"wpb_text_column wpb_content_element\" >\n\t\t<div class=\"wpb_wrapper\">\n\t\t\t<h1 style=\"text-align: center;\"><strong>So richten Sie Abonnementalarme ein<br \/>\n&amp; Wichtige L\u00e4nderinformationen beim Ver\u00f6ffentlichen von Anzeigen<\/strong><\/h1>\n\n\t\t<\/div>\n\t<\/div>\n<\/div><\/div><\/div><\/div><div class=\"vc_row wpb_row vc_row-fluid\"><div class=\"wpb_column vc_column_container vc_col-sm-3\"><div class=\"vc_column-inner\"><div class=\"wpb_wrapper\"><\/div><\/div><\/div><div class=\"wpb_column vc_column_container vc_col-sm-6\"><div class=\"vc_column-inner\"><div class=\"wpb_wrapper\">\n\t<div class=\"wpb_text_column wpb_content_element\" >\n\t\t<div class=\"wpb_wrapper\">\n\t\t\t<p><strong>W\u00e4hlen Sie in Ihrem Profil \u201eAbonnements und automatische Benachrichtigungen\u201c. Bitte beachten Sie die roten Pfeile unten.<\/strong><\/p>\n\n\t\t<\/div>\n\t<\/div>\n\n\t<div  class=\"wpb_single_image wpb_content_element vc_align_center wpb_content_element\">\n\t\t\n\t\t<figure class=\"wpb_wrapper vc_figure\">\n\t\t\t<div class=\"vc_single_image-wrapper   vc_box_border_grey\"><img loading=\"lazy\" decoding=\"async\" width=\"1606\" height=\"338\" src=\"https:\/\/yourcampusad.com\/wp-content\/uploads\/2023\/04\/subscriptions-1.png\" class=\"vc_single_image-img attachment-full\" alt=\"subscriptions\" title=\"subscriptions 1\" srcset=\"https:\/\/yourcampusad.com\/wp-content\/uploads\/2023\/04\/subscriptions-1.png 1606w, https:\/\/yourcampusad.com\/wp-content\/uploads\/2023\/04\/subscriptions-1-300x63.png 300w, https:\/\/yourcampusad.com\/wp-content\/uploads\/2023\/04\/subscriptions-1-1024x216.png 1024w, https:\/\/yourcampusad.com\/wp-content\/uploads\/2023\/04\/subscriptions-1-768x162.png 768w, https:\/\/yourcampusad.com\/wp-content\/uploads\/2023\/04\/subscriptions-1-1536x323.png 1536w, https:\/\/yourcampusad.com\/wp-content\/uploads\/2023\/04\/subscriptions-1-600x126.png 600w\" sizes=\"auto, (max-width: 1606px) 100vw, 1606px\" \/><\/div>\n\t\t<\/figure>\n\t<\/div>\n\n\t<div class=\"wpb_text_column wpb_content_element\" >\n\t\t<div class=\"wpb_wrapper\">\n\t\t\t<p>Abonnement basierend auf <strong>Radius<\/strong> bedeutet, dass Sie Ihren Campus anhand der Adresse ausw\u00e4hlen, einen Umkreis um Ihren Campus ausw\u00e4hlen und E-Mail-Benachrichtigungen erhalten k\u00f6nnen, wenn im entsprechenden Bereich Beitr\u00e4ge ver\u00f6ffentlicht werden.<\/p>\n<p>Abonnement basierend auf <strong>Kategorie und Land<\/strong> bedeutet, dass Sie E-Mail-Benachrichtigungen erhalten k\u00f6nnen, wenn Anzeigen in der ausgew\u00e4hlten Kategorie und im ausgew\u00e4hlten Land ver\u00f6ffentlicht werden. Das bedeutet, dass es wichtig ist, dass Sie beim Ver\u00f6ffentlichen einer Anzeige Land, Region (alle) und St\u00e4dte (alle) (in Schritt 3) ausw\u00e4hlen \u2013 andernfalls wird sie nicht in der Kategorie- und L\u00e4ndersuche und bei Alarmen angezeigt (es reicht nicht aus, Ihre Anzeige auszuw\u00e4hlen). Land angeben, wenn Sie eine Anzeige aufgeben). Siehe unten.<\/p>\n<p><strong>Benutzer<\/strong> \u2013 Hier k\u00f6nnen Sie die Beitr\u00e4ge eines bestimmten Benutzers kombiniert mit einer Kategorie abonnieren. <strong>Verwalten oder stornieren<\/strong> \u2013 Hier k\u00f6nnen Sie Ihre Abonnements verwalten und k\u00fcndigen. <strong>Anh\u00e4nger<\/strong> \u2013 Hier k\u00f6nnen Sie sehen, wie viele Benutzer (falls vorhanden) Ihre Beitr\u00e4ge abonniert haben (Abonnement nach Benutzern). Bitte beachten Sie die roten Pfeile unten.<\/p>\n\n\t\t<\/div>\n\t<\/div>\n\n\t<div  class=\"wpb_single_image wpb_content_element vc_align_center wpb_content_element\">\n\t\t\n\t\t<figure class=\"wpb_wrapper vc_figure\">\n\t\t\t<div class=\"vc_single_image-wrapper   vc_box_border_grey\"><img loading=\"lazy\" decoding=\"async\" width=\"1655\" height=\"436\" src=\"https:\/\/yourcampusad.com\/wp-content\/uploads\/2023\/04\/subscriptions-2.png\" class=\"vc_single_image-img attachment-full\" alt=\"Different subscriptions\" title=\"subscriptions 2\" srcset=\"https:\/\/yourcampusad.com\/wp-content\/uploads\/2023\/04\/subscriptions-2.png 1655w, https:\/\/yourcampusad.com\/wp-content\/uploads\/2023\/04\/subscriptions-2-300x79.png 300w, https:\/\/yourcampusad.com\/wp-content\/uploads\/2023\/04\/subscriptions-2-1024x270.png 1024w, https:\/\/yourcampusad.com\/wp-content\/uploads\/2023\/04\/subscriptions-2-768x202.png 768w, https:\/\/yourcampusad.com\/wp-content\/uploads\/2023\/04\/subscriptions-2-1536x405.png 1536w, https:\/\/yourcampusad.com\/wp-content\/uploads\/2023\/04\/subscriptions-2-600x158.png 600w\" sizes=\"auto, (max-width: 1655px) 100vw, 1655px\" \/><\/div>\n\t\t<\/figure>\n\t<\/div>\n\n\t<div class=\"wpb_text_column wpb_content_element\" >\n\t\t<div class=\"wpb_wrapper\">\n\t\t\t<h4><strong>BEI DER VER\u00d6FFENTLICHUNG EINER ANZEIGE IST ES WICHTIG, DASS SIE LAND, REGION (ALLE REGION) UND STADT (ALLE ST\u00c4DTE) AUSW\u00c4HLEN, DAMIT IHR BEITRAG IN DER KATEGORIE UND LAND-ABO-ALARMEN UND DER KATEGORIE \u2013 L\u00c4NDERSUCHEN ERSCHEINEN IST.<\/strong> (Es reicht nicht aus, nur Ihr Land auszuw\u00e4hlen \u2013 Sie m\u00fcssen die Kriterien \u201eAlle Regionen\u201c und \u201eAlle St\u00e4dte\u201c ausf\u00fcllen, damit Ihre Anzeige in Kategorie- und L\u00e4nderalarmen und -suchen enthalten ist. Bitte beachten Sie die roten Pfeile unten (das Bild ist). ein Screenshot von <em>Schritt 3<\/em> im Post-Inserat-Verfahren).<\/h4>\n\n\t\t<\/div>\n\t<\/div>\n\n\t<div  class=\"wpb_single_image wpb_content_element vc_align_center wpb_content_element\">\n\t\t\n\t\t<figure class=\"wpb_wrapper vc_figure\">\n\t\t\t<div class=\"vc_single_image-wrapper   vc_box_border_grey\"><img loading=\"lazy\" decoding=\"async\" width=\"1923\" height=\"854\" src=\"https:\/\/yourcampusad.com\/wp-content\/uploads\/2023\/04\/country-cites-etc.png\" class=\"vc_single_image-img attachment-full\" alt=\"\" title=\"country cites etc\" srcset=\"https:\/\/yourcampusad.com\/wp-content\/uploads\/2023\/04\/country-cites-etc.png 1923w, https:\/\/yourcampusad.com\/wp-content\/uploads\/2023\/04\/country-cites-etc-300x133.png 300w, https:\/\/yourcampusad.com\/wp-content\/uploads\/2023\/04\/country-cites-etc-1024x455.png 1024w, https:\/\/yourcampusad.com\/wp-content\/uploads\/2023\/04\/country-cites-etc-768x341.png 768w, https:\/\/yourcampusad.com\/wp-content\/uploads\/2023\/04\/country-cites-etc-1536x682.png 1536w, https:\/\/yourcampusad.com\/wp-content\/uploads\/2023\/04\/country-cites-etc-600x266.png 600w\" sizes=\"auto, (max-width: 1923px) 100vw, 1923px\" \/><\/div>\n\t\t<\/figure>\n\t<\/div>\n<\/div><\/div><\/div><div class=\"wpb_column vc_column_container vc_col-sm-3\"><div class=\"vc_column-inner\"><div class=\"wpb_wrapper\"><\/div><\/div><\/div><\/div><div class=\"vc_row wpb_row vc_row-fluid\"><div class=\"wpb_column vc_column_container vc_col-sm-3\"><div class=\"vc_column-inner\"><div class=\"wpb_wrapper\"><\/div><\/div><\/div><div class=\"wpb_column vc_column_container vc_col-sm-6\"><div class=\"vc_column-inner\"><div class=\"wpb_wrapper\">\n\t<div class=\"wpb_text_column wpb_content_element\" >\n\t\t<div class=\"wpb_wrapper\">\n\t\t\t<p><strong>W\u00e4hlen Sie in Ihrem Profil \u201eAbonnements und automatische Benachrichtigungen\u201c. Bitte beachten Sie die roten Pfeile unten.<\/strong><\/p>\n\n\t\t<\/div>\n\t<\/div>\n\n\t<div  class=\"wpb_single_image wpb_content_element vc_align_center wpb_content_element\">\n\t\t\n\t\t<figure class=\"wpb_wrapper vc_figure\">\n\t\t\t<div class=\"vc_single_image-wrapper   vc_box_border_grey\"><img loading=\"lazy\" decoding=\"async\" width=\"1606\" height=\"338\" src=\"https:\/\/yourcampusad.com\/wp-content\/uploads\/2023\/04\/subscriptions-1.png\" class=\"vc_single_image-img attachment-full\" alt=\"subscriptions\" title=\"subscriptions 1\" srcset=\"https:\/\/yourcampusad.com\/wp-content\/uploads\/2023\/04\/subscriptions-1.png 1606w, https:\/\/yourcampusad.com\/wp-content\/uploads\/2023\/04\/subscriptions-1-300x63.png 300w, https:\/\/yourcampusad.com\/wp-content\/uploads\/2023\/04\/subscriptions-1-1024x216.png 1024w, https:\/\/yourcampusad.com\/wp-content\/uploads\/2023\/04\/subscriptions-1-768x162.png 768w, https:\/\/yourcampusad.com\/wp-content\/uploads\/2023\/04\/subscriptions-1-1536x323.png 1536w, https:\/\/yourcampusad.com\/wp-content\/uploads\/2023\/04\/subscriptions-1-600x126.png 600w\" sizes=\"auto, (max-width: 1606px) 100vw, 1606px\" \/><\/div>\n\t\t<\/figure>\n\t<\/div>\n\n\t<div class=\"wpb_text_column wpb_content_element\" >\n\t\t<div class=\"wpb_wrapper\">\n\t\t\t<p>Abonnement basierend auf <strong>Radius<\/strong> bedeutet, dass Sie Ihren Campus anhand der Adresse ausw\u00e4hlen, einen Umkreis um Ihren Campus ausw\u00e4hlen und E-Mail-Benachrichtigungen erhalten k\u00f6nnen, wenn im entsprechenden Bereich Beitr\u00e4ge ver\u00f6ffentlicht werden.<\/p>\n<p>Abonnement basierend auf <strong>Kategorie und Land<\/strong> bedeutet, dass Sie E-Mail-Benachrichtigungen erhalten k\u00f6nnen, wenn Anzeigen in der ausgew\u00e4hlten Kategorie und im ausgew\u00e4hlten Land ver\u00f6ffentlicht werden. Das bedeutet, dass es wichtig ist, dass Sie beim Ver\u00f6ffentlichen einer Anzeige Land, Region (alle) und St\u00e4dte (alle) (in Schritt 3) ausw\u00e4hlen \u2013 andernfalls wird sie nicht in den Kategorie- und L\u00e4nderalarmen angezeigt (es reicht nicht aus, wenn Sie Ihr Land ausw\u00e4hlen). eine Anzeige schalten). Siehe unten.<\/p>\n<p><strong>Benutzer<\/strong> \u2013 Hier k\u00f6nnen Sie die Beitr\u00e4ge eines bestimmten Benutzers kombiniert mit einer Kategorie abonnieren. <strong>Verwalten oder stornieren<\/strong> \u2013 Hier k\u00f6nnen Sie Ihre Abonnements verwalten und k\u00fcndigen. <strong>Anh\u00e4nger<\/strong> \u2013 Hier k\u00f6nnen Sie sehen, wie viele Benutzer (falls vorhanden) Ihre Beitr\u00e4ge abonniert haben (Abonnement nach Benutzern). Bitte beachten Sie die roten Pfeile unten.<\/p>\n\n\t\t<\/div>\n\t<\/div>\n\n\t<div  class=\"wpb_single_image wpb_content_element vc_align_center wpb_content_element\">\n\t\t\n\t\t<figure class=\"wpb_wrapper vc_figure\">\n\t\t\t<div class=\"vc_single_image-wrapper   vc_box_border_grey\"><img loading=\"lazy\" decoding=\"async\" width=\"1655\" height=\"436\" src=\"https:\/\/yourcampusad.com\/wp-content\/uploads\/2023\/04\/subscriptions-2.png\" class=\"vc_single_image-img attachment-full\" alt=\"Different subscriptions\" title=\"subscriptions 2\" srcset=\"https:\/\/yourcampusad.com\/wp-content\/uploads\/2023\/04\/subscriptions-2.png 1655w, https:\/\/yourcampusad.com\/wp-content\/uploads\/2023\/04\/subscriptions-2-300x79.png 300w, https:\/\/yourcampusad.com\/wp-content\/uploads\/2023\/04\/subscriptions-2-1024x270.png 1024w, https:\/\/yourcampusad.com\/wp-content\/uploads\/2023\/04\/subscriptions-2-768x202.png 768w, https:\/\/yourcampusad.com\/wp-content\/uploads\/2023\/04\/subscriptions-2-1536x405.png 1536w, https:\/\/yourcampusad.com\/wp-content\/uploads\/2023\/04\/subscriptions-2-600x158.png 600w\" sizes=\"auto, (max-width: 1655px) 100vw, 1655px\" \/><\/div>\n\t\t<\/figure>\n\t<\/div>\n\n\t<div class=\"wpb_text_column wpb_content_element\" >\n\t\t<div class=\"wpb_wrapper\">\n\t\t\t<h4><strong>BITTE BEACHTEN SIE: BEI DER VER\u00d6FFENTLICHUNG EINER ANZEIGE IST ES WICHTIG, DASS SIE LAND, REGION (ALLE REGION) UND STADT (ALLE ST\u00c4DTE) AUSW\u00c4HLEN, DAMIT IHR BEITRAG IN DER KATEGORIE UND DEN LANDABONNEMENTALARMEN ERSCHEINEN IST.<\/strong> (Es reicht nicht aus, nur Ihr Land auszuw\u00e4hlen \u2013 Sie m\u00fcssen die Kriterien \u201eAlle Regionen\u201c und \u201eAlle St\u00e4dte\u201c ausw\u00e4hlen, damit Ihre Anzeige in die Kategorie- und L\u00e4nderalarme aufgenommen wird. Bitte beachten Sie die roten Pfeile unten (das Bild ist ein Bildschirm). erfassen von <em>Schritt 3<\/em> im Post-Inserat-Verfahren).<\/h4>\n\n\t\t<\/div>\n\t<\/div>\n\n\t<div  class=\"wpb_single_image wpb_content_element vc_align_center wpb_content_element\">\n\t\t\n\t\t<figure class=\"wpb_wrapper vc_figure\">\n\t\t\t<div class=\"vc_single_image-wrapper   vc_box_border_grey\"><img loading=\"lazy\" decoding=\"async\" width=\"1923\" height=\"854\" src=\"https:\/\/yourcampusad.com\/wp-content\/uploads\/2023\/04\/country-cites-etc.png\" class=\"vc_single_image-img attachment-full\" alt=\"\" title=\"country cites etc\" srcset=\"https:\/\/yourcampusad.com\/wp-content\/uploads\/2023\/04\/country-cites-etc.png 1923w, https:\/\/yourcampusad.com\/wp-content\/uploads\/2023\/04\/country-cites-etc-300x133.png 300w, https:\/\/yourcampusad.com\/wp-content\/uploads\/2023\/04\/country-cites-etc-1024x455.png 1024w, https:\/\/yourcampusad.com\/wp-content\/uploads\/2023\/04\/country-cites-etc-768x341.png 768w, https:\/\/yourcampusad.com\/wp-content\/uploads\/2023\/04\/country-cites-etc-1536x682.png 1536w, https:\/\/yourcampusad.com\/wp-content\/uploads\/2023\/04\/country-cites-etc-600x266.png 600w\" sizes=\"auto, (max-width: 1923px) 100vw, 1923px\" \/><\/div>\n\t\t<\/figure>\n\t<\/div>\n<\/div><\/div><\/div><div class=\"wpb_column vc_column_container vc_col-sm-3\"><div class=\"vc_column-inner\"><div class=\"wpb_wrapper\"><\/div><\/div><\/div><\/div>\n<\/div>","protected":false},"excerpt":{"rendered":"What language should I use when posting ads on Yourcampusad? Use English, or your native language, or both, depending on the target market and your language skills. We are working on a translation function. How do I post an Ad? Register an account. Confirm the account (Copy-paste the registration link sent to your email into [...]","protected":false},"author":1,"featured_media":0,"parent":0,"menu_order":0,"comment_status":"closed","ping_status":"closed","template":"","meta":{"footnotes":""},"class_list":["post-1146","page","type-page","status-publish","hentry"],"_links":{"self":[{"href":"https:\/\/yourcampusad.com\/de\/wp-json\/wp\/v2\/pages\/1146","targetHints":{"allow":["GET"]}}],"collection":[{"href":"https:\/\/yourcampusad.com\/de\/wp-json\/wp\/v2\/pages"}],"about":[{"href":"https:\/\/yourcampusad.com\/de\/wp-json\/wp\/v2\/types\/page"}],"author":[{"embeddable":true,"href":"https:\/\/yourcampusad.com\/de\/wp-json\/wp\/v2\/users\/1"}],"replies":[{"embeddable":true,"href":"https:\/\/yourcampusad.com\/de\/wp-json\/wp\/v2\/comments?post=1146"}],"version-history":[{"count":30,"href":"https:\/\/yourcampusad.com\/de\/wp-json\/wp\/v2\/pages\/1146\/revisions"}],"predecessor-version":[{"id":9437,"href":"https:\/\/yourcampusad.com\/de\/wp-json\/wp\/v2\/pages\/1146\/revisions\/9437"}],"wp:attachment":[{"href":"https:\/\/yourcampusad.com\/de\/wp-json\/wp\/v2\/media?parent=1146"}],"curies":[{"name":"wp","href":"https:\/\/api.w.org\/{rel}","templated":true}]}}